{"id":9901,"date":"2022-03-11T17:56:03","date_gmt":"2022-03-11T16:56:03","guid":{"rendered":"https:\/\/www.latitude31n.com\/?post_type=product&#038;p=9901"},"modified":"2024-11-12T15:50:59","modified_gmt":"2024-11-12T14:50:59","slug":"panier-chien-chat","status":"publish","type":"product","link":"https:\/\/www.latitude31n.com\/fr\/paniers-rangements\/teintes-naturelles\/panier-chien-chat\/","title":{"rendered":"Panier chien et chat"},"content":{"rendered":"<h2><strong>Lit pour chien et chat en osier tress\u00e9<\/strong><\/h2>\n<p>Recouvert de feuilles de palmier blanc pour un aspect doux et naturel.<\/p>\n<p>Cest l&rsquo;endroit id\u00e9al pour votre compagnon pour se pr\u00e9lasser. La corbeille offre un tressage a\u00e9r\u00e9 et un design minimaliste. Les lignes sont simples et la teinte est claire. Le panier couchage s&rsquo;adapte donc facilement dans tout int\u00e9rieur.<\/p>\n<h2><strong>Un coin douillet pour nos animaux domestiques<\/strong><\/h2>\n<p>Rajoutez un bon coussin moelleux et votre animal de compagnie sera le plus heureux du monde.<\/p>\n<p>Pourquoi je l&rsquo;aime :<\/p>\n<p><strong><em>Le design de ce panier. R\u00e9tro dans son look, contemporain dans son tressage, sa mati\u00e8re et sa couleur.<\/em><\/strong><\/p>\n<p>Existe en 2 tailles : pour chat ou petit chien ou pour chien de taille moyenne.<\/p>\n<p>Il est ouvert sur l&rsquo;avant (pour les dodus :)).<\/p>\n<p>Le coussin n&rsquo;est pas inclus.<\/p>\n<p>Dans la m\u00eame mati\u00e8re existent le <a href=\"\/fr\/paniers-rangements\/teintes-naturelles\/panier-linge-osier-palmier\/\" target=\"_blank\" rel=\"noopener\">panier \u00e0 linge<\/a> et le <a href=\"\/fr\/deco-enfant\/coffre-rangement-osier-palmier\/\" target=\"_blank\" rel=\"noopener\">coffre \u00e0 jouets ou de rangement<\/a>.<\/p>\n<p>Dimensions ext\u00e9rieures :<\/p>\n<p>S : 50&#215;40 cm &#8212; M : 60&#215;45 cm<\/p>\n<p>Ces lits pour animaux domestiques sont fabriqu\u00e9s artisanalement. Ils peuvent comporter certains d\u00e9fauts qui garantissent leur authenticit\u00e9.<\/p>\n","protected":false},"excerpt":{"rendered":"<h2>Panier osier tress\u00e9, chat ou chien.<\/h2>\n<p>La forme est r\u00e9tro mais les teintes douces et un tressage a\u00e9r\u00e9 lui apportent un look contemporain.<\/p>\n","protected":false},"featured_media":9940,"comment_status":"open","ping_status":"closed","template":"","meta":[],"product_brand":[],"product_cat":[634,39,28],"product_tag":[585,464,300,79],"class_list":{"0":"post-9901","1":"product","2":"type-product","3":"status-publish","4":"has-post-thumbnail","6":"product_cat-teintes-naturelles","7":"product_cat-de-tout-et-de-rien","8":"product_cat-paniers-rangements","9":"product_tag-jonc","10":"product_tag-latitude-soft","11":"product_tag-paille","12":"product_tag-rotin","14":"first","15":"instock","16":"taxable","17":"shipping-taxable","18":"purchasable","19":"product-type-variable"},"_links":{"self":[{"href":"https:\/\/www.latitude31n.com\/fr\/wp-json\/wp\/v2\/product\/9901","targetHints":{"allow":["GET"]}}],"collection":[{"href":"https:\/\/www.latitude31n.com\/fr\/wp-json\/wp\/v2\/product"}],"about":[{"href":"https:\/\/www.latitude31n.com\/fr\/wp-json\/wp\/v2\/types\/product"}],"replies":[{"embeddable":true,"href":"https:\/\/www.latitude31n.com\/fr\/wp-json\/wp\/v2\/comments?post=9901"}],"wp:featuredmedia":[{"embeddable":true,"href":"https:\/\/www.latitude31n.com\/fr\/wp-json\/wp\/v2\/media\/9940"}],"wp:attachment":[{"href":"https:\/\/www.latitude31n.com\/fr\/wp-json\/wp\/v2\/media?parent=9901"}],"wp:term":[{"taxonomy":"product_brand","embeddable":true,"href":"https:\/\/www.latitude31n.com\/fr\/wp-json\/wp\/v2\/product_brand?post=9901"},{"taxonomy":"product_cat","embeddable":true,"href":"https:\/\/www.latitude31n.com\/fr\/wp-json\/wp\/v2\/product_cat?post=9901"},{"taxonomy":"product_tag","embeddable":true,"href":"https:\/\/www.latitude31n.com\/fr\/wp-json\/wp\/v2\/product_tag?post=9901"}],"curies":[{"name":"wp","href":"https:\/\/api.w.org\/{rel}","templated":true}]}}