{"id":9808,"date":"2022-03-04T15:37:17","date_gmt":"2022-03-04T14:37:17","guid":{"rendered":"https:\/\/www.latitude31n.com\/?post_type=product&#038;p=9808"},"modified":"2025-07-16T10:58:22","modified_gmt":"2025-07-16T09:58:22","slug":"paniers-berberes-multicolores","status":"publish","type":"product","link":"https:\/\/www.latitude31n.com\/fr\/paniers-rangements\/motifs-colores\/paniers-berberes-multicolores\/","title":{"rendered":"Paniers berb\u00e8res color\u00e9s"},"content":{"rendered":"<h2>Les jolis paniers berb\u00e8res color\u00e9s<\/h2>\n<p>Ces magnifiques petits paniers en osier ajouteront une touche ethnique color\u00e9e dans tout int\u00e9rieur. Donnez un peu de gaiet\u00e9 \u00e0 vos \u00e9tag\u00e8res, votre salle de bain, votre biblioth\u00e8que. Ces paniers pointus se placent partout. C&rsquo;est le moyen parfait d&rsquo;apporter un peu de fantaisie gr\u00e2ce \u00e0 leurs couleurs et motifs.<\/p>\n<h2>Une touche de couleurs<\/h2>\n<p>Traditionnellement utilis\u00e9s pour le pain et les aliments, les petites corbeilles multicolores sont de vraies \u0153uvres d&rsquo;art qui reprennent les symboles et motifs g\u00e9om\u00e9triques du Maroc. Les paniers et leurs couvercles sont tress\u00e9s d&rsquo;osier et recouverts de laine color\u00e9e qui proposent un design graphique et vitamin\u00e9.<\/p>\n<p>Chacun est diff\u00e9rent et remarquable.<\/p>\n<p>Pourquoi je les aime :<\/p>\n<p><strong><em>Je les choisis soigneusement pour leur harmonie de couleurs afin de cr\u00e9er une palette de couleurs int\u00e9ressantes. Ceux-l\u00e0 proposent de jolies teintes vertes et marrons.\u00a0<\/em><\/strong><\/p>\n<p>Dimensions : hauteur environ 25 cm<\/p>\n<p>Choisissez parmi nos <a href=\"\/fr\/paniers-rangements\/motifs-colores\/\" target=\"_blank\" rel=\"noopener\">diff\u00e9rents paniers color\u00e9s<\/a> si vous voulez cr\u00e9er une collection.<\/p>\n<p>Ces pani\u00e8res sont artisanales, faites \u00e0 la main au Maroc, elle peuvent pr\u00e9senter certaines imperfections qui garantissent leur authenticit\u00e9.<\/p>\n","protected":false},"excerpt":{"rendered":"<p>Vous voulez ajouter de la couleur, de la fantaisie et de la joie \u00e0 votre int\u00e9rieur mais de mani\u00e8re subtile? <strong>Pensez pe-tits pa-niers ber-b\u00e8-res ! <\/strong><\/p>\n<p>Commencez par notre trio de petites corbeilles marocaines aux couleurs et motifs verts et marrons. Vous verrez, vous ne pourrez plus vous en passer!<\/p>\n","protected":false},"featured_media":13428,"comment_status":"open","ping_status":"closed","template":"","meta":[],"product_brand":[],"product_cat":[635,28,471],"product_tag":[463,300,79],"class_list":{"0":"post-9808","1":"product","2":"type-product","3":"status-publish","4":"has-post-thumbnail","6":"product_cat-motifs-colores","7":"product_cat-paniers-rangements","8":"product_cat-vases-cache-pots","9":"product_tag-latitude-pop","10":"product_tag-paille","11":"product_tag-rotin","13":"first","14":"instock","15":"taxable","16":"shipping-taxable","17":"purchasable","18":"product-type-simple"},"_links":{"self":[{"href":"https:\/\/www.latitude31n.com\/fr\/wp-json\/wp\/v2\/product\/9808","targetHints":{"allow":["GET"]}}],"collection":[{"href":"https:\/\/www.latitude31n.com\/fr\/wp-json\/wp\/v2\/product"}],"about":[{"href":"https:\/\/www.latitude31n.com\/fr\/wp-json\/wp\/v2\/types\/product"}],"replies":[{"embeddable":true,"href":"https:\/\/www.latitude31n.com\/fr\/wp-json\/wp\/v2\/comments?post=9808"}],"wp:featuredmedia":[{"embeddable":true,"href":"https:\/\/www.latitude31n.com\/fr\/wp-json\/wp\/v2\/media\/13428"}],"wp:attachment":[{"href":"https:\/\/www.latitude31n.com\/fr\/wp-json\/wp\/v2\/media?parent=9808"}],"wp:term":[{"taxonomy":"product_brand","embeddable":true,"href":"https:\/\/www.latitude31n.com\/fr\/wp-json\/wp\/v2\/product_brand?post=9808"},{"taxonomy":"product_cat","embeddable":true,"href":"https:\/\/www.latitude31n.com\/fr\/wp-json\/wp\/v2\/product_cat?post=9808"},{"taxonomy":"product_tag","embeddable":true,"href":"https:\/\/www.latitude31n.com\/fr\/wp-json\/wp\/v2\/product_tag?post=9808"}],"curies":[{"name":"wp","href":"https:\/\/api.w.org\/{rel}","templated":true}]}}