{"id":9771,"date":"2022-03-03T20:36:00","date_gmt":"2022-03-03T19:36:00","guid":{"rendered":"https:\/\/www.latitude31n.com\/?post_type=product&#038;p=9771"},"modified":"2025-06-13T13:06:23","modified_gmt":"2025-06-13T12:06:23","slug":"trio-paniers-multicolores","status":"publish","type":"product","link":"https:\/\/www.latitude31n.com\/fr\/paniers-rangements\/trio-paniers-multicolores\/","title":{"rendered":"Paniers marocains tons orang\u00e9s"},"content":{"rendered":"<h2><strong>Petits paniers marocains ethniques<\/strong><\/h2>\n<p>Apportez de la gaiet\u00e9 \u00e0 votre d\u00e9co avec les corbeilles berb\u00e8res multicolores. Ces paniers pointus sont un moyen parfait d&rsquo;apporter un peu de <strong>fantaisie<\/strong> avec<strong> leurs couleurs et motifs<\/strong> <strong>psych\u00e9d\u00e9liques.<\/strong><\/p>\n<p>Ce sont de <strong>vraies \u0153uvres d&rsquo;art<\/strong> qui reprennent les symboles et motifs g\u00e9om\u00e9triques du Maroc. Les paniers et leurs couvercles sont tress\u00e9s d&rsquo;osier et recouverts de laine color\u00e9e qui dessine des motifs berb\u00e8res. Ils \u00e9taient traditionnellement utilis\u00e9s comme paniers \u00e0 pain.<\/p>\n<h2>Paniers s\u00e9lectionn\u00e9s pour leur harmonie<\/h2>\n<p>Difficile de les choisir tellement ils sont tous superbes. Chaque panier est unique, chaque panier est exceptionnel.<\/p>\n<p>Ils apportent une <strong>touche multicolore<\/strong> pour un <strong>int\u00e9rieur vitamin\u00e9<\/strong>.<\/p>\n<p>Pourquoi je les aime :<\/p>\n<p><em><strong>Je passe du temps \u00e0 les choisir afin de cr\u00e9er une jolie de palette de couleurs, une harmonie ou un contraste int\u00e9ressant.<\/strong> <\/em><\/p>\n<p>Dimensions : hauteur environ 25 cm<\/p>\n<p>Vous voulez vous cr\u00e9er une collection? Choisissez parmi notre <a href=\"\/fr\/paniers-rangements\/motifs-colores\/\" target=\"_blank\" rel=\"noopener\">s\u00e9lection de paniers berb\u00e8res<\/a>.<\/p>\n<p>Ces pani\u00e8res sont artisanales, faites \u00e0 la main au Maroc, elle peuvent pr\u00e9senter certaines imperfections qui garantissent leur authenticit\u00e9.<\/p>\n","protected":false},"excerpt":{"rendered":"<p>Petits paniers pointus typiques du Maroc.<\/p>\n<p>En osier recouverts de laine color\u00e9e dans des tons chauds d&rsquo;orange.<\/p>\n","protected":false},"featured_media":13508,"comment_status":"open","ping_status":"closed","template":"","meta":[],"product_brand":[],"product_cat":[28,635,471],"product_tag":[463,300,79],"class_list":{"0":"post-9771","1":"product","2":"type-product","3":"status-publish","4":"has-post-thumbnail","6":"product_cat-paniers-rangements","7":"product_cat-motifs-colores","8":"product_cat-vases-cache-pots","9":"product_tag-latitude-pop","10":"product_tag-paille","11":"product_tag-rotin","13":"first","14":"instock","15":"taxable","16":"shipping-taxable","17":"purchasable","18":"product-type-simple"},"_links":{"self":[{"href":"https:\/\/www.latitude31n.com\/fr\/wp-json\/wp\/v2\/product\/9771","targetHints":{"allow":["GET"]}}],"collection":[{"href":"https:\/\/www.latitude31n.com\/fr\/wp-json\/wp\/v2\/product"}],"about":[{"href":"https:\/\/www.latitude31n.com\/fr\/wp-json\/wp\/v2\/types\/product"}],"replies":[{"embeddable":true,"href":"https:\/\/www.latitude31n.com\/fr\/wp-json\/wp\/v2\/comments?post=9771"}],"wp:featuredmedia":[{"embeddable":true,"href":"https:\/\/www.latitude31n.com\/fr\/wp-json\/wp\/v2\/media\/13508"}],"wp:attachment":[{"href":"https:\/\/www.latitude31n.com\/fr\/wp-json\/wp\/v2\/media?parent=9771"}],"wp:term":[{"taxonomy":"product_brand","embeddable":true,"href":"https:\/\/www.latitude31n.com\/fr\/wp-json\/wp\/v2\/product_brand?post=9771"},{"taxonomy":"product_cat","embeddable":true,"href":"https:\/\/www.latitude31n.com\/fr\/wp-json\/wp\/v2\/product_cat?post=9771"},{"taxonomy":"product_tag","embeddable":true,"href":"https:\/\/www.latitude31n.com\/fr\/wp-json\/wp\/v2\/product_tag?post=9771"}],"curies":[{"name":"wp","href":"https:\/\/api.w.org\/{rel}","templated":true}]}}