{"id":9746,"date":"2022-03-03T15:12:33","date_gmt":"2022-03-03T14:12:33","guid":{"rendered":"https:\/\/www.latitude31n.com\/?post_type=product&#038;p=9746"},"modified":"2024-09-30T12:14:58","modified_gmt":"2024-09-30T11:14:58","slug":"3-paniers-muraux","status":"publish","type":"product","link":"https:\/\/www.latitude31n.com\/fr\/decoration-murale\/corbeilles\/3-paniers-muraux\/","title":{"rendered":"Paniers d\u00e9co murale (lot de 3)"},"content":{"rendered":"<h2>D\u00e9coration murale romantique et po\u00e9tique<\/h2>\n<p>Corbeilles rondes et plates marocaines agr\u00e9ment\u00e9es de broderies en laine. Ce set de 3 paniers de tailles diff\u00e9rentes et compl\u00e9mentaires est fabriqu\u00e9 artisanalement en osier puis recouvert de dessins en laine.<\/p>\n<p>Les motifs forment un design po\u00e9tique. Du centre partent de jolies arabesques qui font ressortir le tressage en \u00ab\u00a0fagots\u00a0\u00bb.<\/p>\n<h2>Corbeilles en osier d\u00e9coratives<\/h2>\n<p>On peut les utiliser comme plats ou vide-poche, tout autant qu&rsquo;en d\u00e9coration murale. Le trio de paniers fantaisie apportera une touche puissante et unique \u00e0 votre mur.<\/p>\n<p>Pourquoi je l&rsquo;aime :<\/p>\n<p><em><strong>J&rsquo;adore les motifs romantiques et imag\u00e9s. Personnellement, j&rsquo;y vois une fleur se d\u00e9ployer. Ou trois joyeux soleils.<\/strong><\/em><\/p>\n<p>Dimensions : 30, 35 et 45 cm<\/p>\n<p>Existe en noir et en blanc. La grande corbeille est disponible en <a href=\"\/fr\/paniers-rangements\/teintes-naturelles\/corbeille-brodee-decorative\/\" target=\"_blank\" rel=\"noopener\">gris<\/a> \u00e9galement.<\/p>\n<p>Ce produit artisanal peut pr\u00e9senter certaines imperfections qui garantissent son authenticit\u00e9.<\/p>\n","protected":false},"excerpt":{"rendered":"<p>Lot de 3 paniers osier et motifs en laine pour d\u00e9coration murale romantique et ensoleill\u00e9e.<\/p>\n<p>Existe en noir et en blanc.<\/p>\n","protected":false},"featured_media":9755,"comment_status":"open","ping_status":"closed","template":"","meta":[],"product_brand":[],"product_cat":[474,23],"product_tag":[276,462,300,79],"class_list":{"0":"post-9746","1":"product","2":"type-product","3":"status-publish","4":"has-post-thumbnail","6":"product_cat-corbeilles","7":"product_cat-decoration-murale","8":"product_tag-art-mural","9":"product_tag-latitude-naturelle","10":"product_tag-paille","11":"product_tag-rotin","13":"first","14":"instock","15":"taxable","16":"shipping-taxable","17":"purchasable","18":"product-type-variable"},"_links":{"self":[{"href":"https:\/\/www.latitude31n.com\/fr\/wp-json\/wp\/v2\/product\/9746","targetHints":{"allow":["GET"]}}],"collection":[{"href":"https:\/\/www.latitude31n.com\/fr\/wp-json\/wp\/v2\/product"}],"about":[{"href":"https:\/\/www.latitude31n.com\/fr\/wp-json\/wp\/v2\/types\/product"}],"replies":[{"embeddable":true,"href":"https:\/\/www.latitude31n.com\/fr\/wp-json\/wp\/v2\/comments?post=9746"}],"wp:featuredmedia":[{"embeddable":true,"href":"https:\/\/www.latitude31n.com\/fr\/wp-json\/wp\/v2\/media\/9755"}],"wp:attachment":[{"href":"https:\/\/www.latitude31n.com\/fr\/wp-json\/wp\/v2\/media?parent=9746"}],"wp:term":[{"taxonomy":"product_brand","embeddable":true,"href":"https:\/\/www.latitude31n.com\/fr\/wp-json\/wp\/v2\/product_brand?post=9746"},{"taxonomy":"product_cat","embeddable":true,"href":"https:\/\/www.latitude31n.com\/fr\/wp-json\/wp\/v2\/product_cat?post=9746"},{"taxonomy":"product_tag","embeddable":true,"href":"https:\/\/www.latitude31n.com\/fr\/wp-json\/wp\/v2\/product_tag?post=9746"}],"curies":[{"name":"wp","href":"https:\/\/api.w.org\/{rel}","templated":true}]}}