{"id":9640,"date":"2022-02-24T17:58:17","date_gmt":"2022-02-24T16:58:17","guid":{"rendered":"https:\/\/www.latitude31n.com\/?post_type=product&#038;p=9640"},"modified":"2025-10-31T18:21:30","modified_gmt":"2025-10-31T17:21:30","slug":"corbeille-berbere-bleue","status":"publish","type":"product","link":"https:\/\/www.latitude31n.com\/fr\/decoration-murale\/corbeilles\/corbeille-berbere-bleue\/","title":{"rendered":"D\u00e9coration murale marocaine bleue"},"content":{"rendered":"<h2><strong>Paniers muraux marocains<\/strong><\/h2>\n<p>Ces cr\u00e9ations artisanales \u00e9taient con\u00e7ues originellement comme de simples objets fonctionnels. Mais on voit que les femmes qui les ont fabriqu\u00e9s ont mis de la passion et du talent. Les corbeilles sont tress\u00e9es en osier et recouverts ensuite de laine de diff\u00e9rentes couleurs de mani\u00e8re \u00e0 former des motifs et dessins typiques de la culture berb\u00e8re.<\/p>\n<h2><strong>Corbeilles aux motifs g\u00e9om\u00e9triques color\u00e9s<\/strong><\/h2>\n<p>Les motifs m\u00eame s&rsquo;ils sont traditionnels sont \u00e9tonnamment contemporains. Leurs formes rondes et leurs motifs \u00e9voquent l&rsquo;harmonie de la nature et ajoutent une touche de raffinement \u00e0 votre int\u00e9rieur.<\/p>\n<p>Pourquoi je les aime :<\/p>\n<p><strong><em>Je les choisis au d\u00e9part selon mon coeur pour ensuite composer une d\u00e9co murale harmonieuse ou int\u00e9ressante. Je prends du temps pour les chiner et je les aime tous.<\/em><\/strong><\/p>\n<p>D&rsquo;autres mod\u00e8les de corbeilles color\u00e9es : <a href=\"\/fr\/decoration-murale\/corbeilles\/corbeilles-rondes-jaunes\/\" target=\"_blank\" rel=\"noopener\">Lot harmonieux de jaune<\/a>, le <a href=\"\/fr\/paniers-rangements\/motifs-colores\/corbeille-rose-girly\/\" target=\"_blank\" rel=\"noopener\">rose girly<\/a> ou le\u00a0<a href=\"\/fr\/paniers-rangements\/teintes-naturelles\/corbeille-brodee-decorative\/\">psych\u00e9d\u00e9lique violet.<\/a><\/p>\n<p>Dimensions : 29\/33\/34\/45\/46 cm<\/p>\n<p>Comme tout produit artisanal, les corbeilles \u00e0 fruits et dessous de plat peuvent pr\u00e9senter certaines imperfections qui sont la garantie de leur authenticit\u00e9 et le t\u00e9moin du travail humain.<\/p>\n","protected":false},"excerpt":{"rendered":"<p>Des corbeilles tress\u00e9es construisent une d\u00e9coration murale unique et soigneusement r\u00e9fl\u00e9chie pour cr\u00e9er une composition visuelle forte.<\/p>\n","protected":false},"featured_media":16763,"comment_status":"open","ping_status":"closed","template":"","meta":[],"product_brand":[],"product_cat":[474,23],"product_tag":[276,161,261,139,154,173,82,79,274],"class_list":{"0":"post-9640","1":"product","2":"type-product","3":"status-publish","4":"has-post-thumbnail","6":"product_cat-corbeilles","7":"product_cat-decoration-murale","8":"product_tag-art-mural","9":"product_tag-assiette-murale","10":"product_tag-corbeille-plate","11":"product_tag-graphique","12":"product_tag-moderne","13":"product_tag-plateau","14":"product_tag-raphia","15":"product_tag-rotin","16":"product_tag-touareg","18":"first","19":"outofstock","20":"taxable","21":"shipping-taxable","22":"purchasable","23":"product-type-simple"},"_links":{"self":[{"href":"https:\/\/www.latitude31n.com\/fr\/wp-json\/wp\/v2\/product\/9640","targetHints":{"allow":["GET"]}}],"collection":[{"href":"https:\/\/www.latitude31n.com\/fr\/wp-json\/wp\/v2\/product"}],"about":[{"href":"https:\/\/www.latitude31n.com\/fr\/wp-json\/wp\/v2\/types\/product"}],"replies":[{"embeddable":true,"href":"https:\/\/www.latitude31n.com\/fr\/wp-json\/wp\/v2\/comments?post=9640"}],"wp:featuredmedia":[{"embeddable":true,"href":"https:\/\/www.latitude31n.com\/fr\/wp-json\/wp\/v2\/media\/16763"}],"wp:attachment":[{"href":"https:\/\/www.latitude31n.com\/fr\/wp-json\/wp\/v2\/media?parent=9640"}],"wp:term":[{"taxonomy":"product_brand","embeddable":true,"href":"https:\/\/www.latitude31n.com\/fr\/wp-json\/wp\/v2\/product_brand?post=9640"},{"taxonomy":"product_cat","embeddable":true,"href":"https:\/\/www.latitude31n.com\/fr\/wp-json\/wp\/v2\/product_cat?post=9640"},{"taxonomy":"product_tag","embeddable":true,"href":"https:\/\/www.latitude31n.com\/fr\/wp-json\/wp\/v2\/product_tag?post=9640"}],"curies":[{"name":"wp","href":"https:\/\/api.w.org\/{rel}","templated":true}]}}