{"id":9428,"date":"2022-02-16T17:21:17","date_gmt":"2022-02-16T16:21:17","guid":{"rendered":"https:\/\/www.latitude31n.com\/?post_type=product&#038;p=9428"},"modified":"2024-10-01T16:01:40","modified_gmt":"2024-10-01T15:01:40","slug":"corbeilles-rondes-jaunes","status":"publish","type":"product","link":"https:\/\/www.latitude31n.com\/fr\/decoration-murale\/corbeilles\/corbeilles-rondes-jaunes\/","title":{"rendered":"Corbeilles jaunes pour d\u00e9co murale (Lot de 5)"},"content":{"rendered":"<h2><strong>D\u00e9coration murale color\u00e9e<\/strong><\/h2>\n<p>Aujourd&rsquo;hui on ne pose plus les corbeilles \u00e0 fruits sur la table, on les expose sur les murs.<\/p>\n<p>Ces pani\u00e8res rondes en osier tress\u00e9 main sont recouvertes de laine color\u00e9e par les femmes berb\u00e8res au Maroc. Les motifs g\u00e9om\u00e9triques naissent de l\u2019imagination de leurs cr\u00e9atrices et sont uniques. Les dessins sont extr\u00eamement modernes tout en d\u00e9coulant d\u2019un savoir-faire traditionnel et ancestral.<\/p>\n<h2><strong>Des paniers marocains au look vibrant<\/strong><\/h2>\n<p>Les paniers tress\u00e9s ont tous leur particularit\u00e9 mais forment \u00e0 eux cinq une belle composition autour du jaune. Du jaune soleil au jaune moutarde, leurs teintes se compl\u00e8tent jusqu&rsquo;\u00e0 former une jolie d\u00e9coration murale boh\u00e8me.<\/p>\n<p>Pourquoi je les aime :<\/p>\n<p><strong><em>J&rsquo;aime tellement ces corbeilles plates hautes en couleur. J&rsquo;aimerais toutes les prendre, mais je les s\u00e9lectionne en g\u00e9n\u00e9ral en fonction de leur couleurs et motifs afin de cr\u00e9er une composition int\u00e9ressante.\u00a0<\/em><\/strong><\/p>\n<p>Dimensions : 22\/26\/30\/36\/46 cm<\/p>\n<p>Comme tout produit artisanal, ces paniers muraux peuvent pr\u00e9senter certaines imperfections qui sont la garantie de leur authenticit\u00e9 et le t\u00e9moin du travail humain. Elles ne nuisent en rien \u00e0 leur charme.<\/p>\n<p>&nbsp;<\/p>\n","protected":false},"excerpt":{"rendered":"<p><strong>D\u00e9co murale graphique et color\u00e9e, une touche joyeuse bienvenue<\/strong> :<\/p>\n<p>un lot de 5 paniers \u00e0 accrocher au mur, soigneusement choisi pour leur harmonie de couleurs et motifs.<\/p>\n<p>&nbsp;<\/p>\n","protected":false},"featured_media":13953,"comment_status":"open","ping_status":"closed","template":"","meta":[],"product_brand":[],"product_cat":[474,23],"product_tag":[276,161,129,128,463,235,80,147,173,82,79],"class_list":{"0":"post-9428","1":"product","2":"type-product","3":"status-publish","4":"has-post-thumbnail","6":"product_cat-corbeilles","7":"product_cat-decoration-murale","8":"product_tag-art-mural","9":"product_tag-assiette-murale","10":"product_tag-cadeau-femme","11":"product_tag-cadeau-pour-elle","12":"product_tag-latitude-pop","13":"product_tag-multicolore","14":"product_tag-osier","15":"product_tag-paniere","16":"product_tag-plateau","17":"product_tag-raphia","18":"product_tag-rotin","20":"first","21":"outofstock","22":"taxable","23":"shipping-taxable","24":"purchasable","25":"product-type-simple"},"_links":{"self":[{"href":"https:\/\/www.latitude31n.com\/fr\/wp-json\/wp\/v2\/product\/9428","targetHints":{"allow":["GET"]}}],"collection":[{"href":"https:\/\/www.latitude31n.com\/fr\/wp-json\/wp\/v2\/product"}],"about":[{"href":"https:\/\/www.latitude31n.com\/fr\/wp-json\/wp\/v2\/types\/product"}],"replies":[{"embeddable":true,"href":"https:\/\/www.latitude31n.com\/fr\/wp-json\/wp\/v2\/comments?post=9428"}],"wp:featuredmedia":[{"embeddable":true,"href":"https:\/\/www.latitude31n.com\/fr\/wp-json\/wp\/v2\/media\/13953"}],"wp:attachment":[{"href":"https:\/\/www.latitude31n.com\/fr\/wp-json\/wp\/v2\/media?parent=9428"}],"wp:term":[{"taxonomy":"product_brand","embeddable":true,"href":"https:\/\/www.latitude31n.com\/fr\/wp-json\/wp\/v2\/product_brand?post=9428"},{"taxonomy":"product_cat","embeddable":true,"href":"https:\/\/www.latitude31n.com\/fr\/wp-json\/wp\/v2\/product_cat?post=9428"},{"taxonomy":"product_tag","embeddable":true,"href":"https:\/\/www.latitude31n.com\/fr\/wp-json\/wp\/v2\/product_tag?post=9428"}],"curies":[{"name":"wp","href":"https:\/\/api.w.org\/{rel}","templated":true}]}}