{"id":9420,"date":"2022-02-16T16:39:49","date_gmt":"2022-02-16T15:39:49","guid":{"rendered":"https:\/\/www.latitude31n.com\/?post_type=product&#038;p=9420"},"modified":"2025-11-06T16:09:30","modified_gmt":"2025-11-06T15:09:30","slug":"corbeille-multicolore","status":"publish","type":"product","link":"https:\/\/www.latitude31n.com\/fr\/decoration-murale\/corbeilles\/corbeille-multicolore\/","title":{"rendered":"Paniers muraux ethniques (lot de 5 bleus)"},"content":{"rendered":"<h2><strong>Magnifiques paniers muraux d\u00e9coratifs marocains.<\/strong><\/h2>\n<p>Ces cr\u00e9ations authentiques, tiss\u00e9es \u00e0 la main par des artisans passionn\u00e9s, sont de v\u00e9ritables joyaux de l&rsquo;artisanat traditionnel marocain. Chaque panier est unique et m\u00eale habilement savoir-faire ancestral et touches contemporaines.<\/p>\n<p>Les motifs g\u00e9om\u00e9triques \u00e9blouissants, aux couleurs vives et harmonieuses, captivent le regard et invitent \u00e0 l&rsquo;\u00e9vasion. Ces pi\u00e8ces artistiques, bien plus qu&rsquo;une simple d\u00e9coration murale, apportent une v\u00e9ritable touche d&rsquo;authenticit\u00e9 et de caract\u00e8re \u00e0 votre int\u00e9rieur.<\/p>\n<h2><strong>Des tr\u00e9sors de l&rsquo;artisanat marocain<\/strong><\/h2>\n<p>Transformez votre espace avec ces paniers artisanaux aux couleurs saisissantes. Que vous les disposiez tels quels pour un impact visuel saisissant ou que vous les associez \u00e0 d&rsquo;autres cr\u00e9ations artistiques, ces paniers muraux d\u00e9coratifs marocains seront l&rsquo;expression de votre style unique et personnalis\u00e9.<\/p>\n<p>Pourquoi je les aime :<\/p>\n<p><em><strong>J&rsquo;aime particuli\u00e8rement cette compo. J&rsquo;adore les couleurs que je trouve \u00e9clatantes, et certaines de ses r\u00e9alisations sont carr\u00e9ment incroyables!<\/strong><\/em><\/p>\n<p>Dimensions : 30\/35\/41\/44\/47 cm<\/p>\n<p>Comme tout produit artisanal, la corbeille peut pr\u00e9senter certaines imperfections qui sont la garantie de son authenticit\u00e9 et le t\u00e9moin du travail humain.<\/p>\n","protected":false},"excerpt":{"rendered":"<p>Cr\u00e9ez une d\u00e9co unique et \u00e9clatante avec nos paniers muraux aux teintes de bleu vibrant, magnifiquement tress\u00e9es et brod\u00e9es main par nos femmes artisans.<\/p>\n","protected":false},"featured_media":16789,"comment_status":"open","ping_status":"closed","template":"","meta":[],"product_brand":[],"product_cat":[474,23],"product_tag":[276,161,162,129,128,155,139,463,235,263,80,147,173,82,79,164,274],"class_list":{"0":"post-9420","1":"product","2":"type-product","3":"status-publish","4":"has-post-thumbnail","6":"product_cat-corbeilles","7":"product_cat-decoration-murale","8":"product_tag-art-mural","9":"product_tag-assiette-murale","10":"product_tag-binga","11":"product_tag-cadeau-femme","12":"product_tag-cadeau-pour-elle","13":"product_tag-decoration-etageres","14":"product_tag-graphique","15":"product_tag-latitude-pop","16":"product_tag-multicolore","17":"product_tag-mur","18":"product_tag-osier","19":"product_tag-paniere","20":"product_tag-plateau","21":"product_tag-raphia","22":"product_tag-rotin","23":"product_tag-tonga","24":"product_tag-touareg","26":"first","27":"instock","28":"taxable","29":"shipping-taxable","30":"purchasable","31":"product-type-simple"},"_links":{"self":[{"href":"https:\/\/www.latitude31n.com\/fr\/wp-json\/wp\/v2\/product\/9420","targetHints":{"allow":["GET"]}}],"collection":[{"href":"https:\/\/www.latitude31n.com\/fr\/wp-json\/wp\/v2\/product"}],"about":[{"href":"https:\/\/www.latitude31n.com\/fr\/wp-json\/wp\/v2\/types\/product"}],"replies":[{"embeddable":true,"href":"https:\/\/www.latitude31n.com\/fr\/wp-json\/wp\/v2\/comments?post=9420"}],"wp:featuredmedia":[{"embeddable":true,"href":"https:\/\/www.latitude31n.com\/fr\/wp-json\/wp\/v2\/media\/16789"}],"wp:attachment":[{"href":"https:\/\/www.latitude31n.com\/fr\/wp-json\/wp\/v2\/media?parent=9420"}],"wp:term":[{"taxonomy":"product_brand","embeddable":true,"href":"https:\/\/www.latitude31n.com\/fr\/wp-json\/wp\/v2\/product_brand?post=9420"},{"taxonomy":"product_cat","embeddable":true,"href":"https:\/\/www.latitude31n.com\/fr\/wp-json\/wp\/v2\/product_cat?post=9420"},{"taxonomy":"product_tag","embeddable":true,"href":"https:\/\/www.latitude31n.com\/fr\/wp-json\/wp\/v2\/product_tag?post=9420"}],"curies":[{"name":"wp","href":"https:\/\/api.w.org\/{rel}","templated":true}]}}