{"id":9409,"date":"2022-02-16T16:13:40","date_gmt":"2022-02-16T15:13:40","guid":{"rendered":"https:\/\/www.latitude31n.com\/?post_type=product&#038;p=9409"},"modified":"2025-10-31T18:21:52","modified_gmt":"2025-10-31T17:21:52","slug":"corbeille-decorative","status":"publish","type":"product","link":"https:\/\/www.latitude31n.com\/fr\/decoration-murale\/corbeilles\/corbeille-decorative\/","title":{"rendered":"Paniers d\u00e9coratifs muraux (rouge\/rose)"},"content":{"rendered":"<h2>Composition de 5 corbeilles murales artisanales<\/h2>\n<p>Des paniers marocains color\u00e9s, dans une majorit\u00e9 de tons rouges et roses, racontent une histoire d&rsquo;artisanat et de passion. \u00c0 l&rsquo;origine, ces ouvrages tress\u00e9s \u00e9taient simplement fonctionnels, mais les femmes qui les ont tiss\u00e9es y ajoutent une touche de talent et de cr\u00e9ativit\u00e9. Les corbeilles en osier sont habilement envelopp\u00e9es de laine aux couleurs vives, cr\u00e9ant des motifs et des dessins embl\u00e9matiques de la culture berb\u00e8re.<\/p>\n<h2>Paniers marocains aux motifs multicolores<\/h2>\n<p>Ces motifs sont traditionnels et pourtant extr\u00eamement contemporains. Leurs dessins sont inspir\u00e9s de la nature, apportant une touche de sophistication boh\u00e8me \u00e0 votre int\u00e9rieur. D\u00e9couvrez ces paniers uniques qui allient tradition et modernit\u00e9 pour cr\u00e9er une ambiance unique chez vous.<\/p>\n<p>Pourquoi je les aime :<\/p>\n<p><b><i>Une chose est s\u00fbre : je les ai tous choisis car je les trouve extr\u00eamement r\u00e9ussis. Je ne prends que ceux que j&rsquo;aime, dans diff\u00e9rentes boutiques dans lesquelles je chine. Je compose ensuite un lot qui pourra \u00eatre visuellement sympa.<\/i><\/b><\/p>\n<p>Dimensions : 35 \u00e0 40 cm de diam\u00e8tre<\/p>\n<p>Comme tout produit artisanal, les corbeilles peuvent pr\u00e9senter certaines imperfections qui sont la garantie de leur authenticit\u00e9 et le t\u00e9moin de la main de la femme qui les ont cr\u00e9\u00e9es.<\/p>\n","protected":false},"excerpt":{"rendered":"<p>Craquez pour nos paniers ronds marocains aux motifs joyeusement color\u00e9s et g\u00e9om\u00e9triques. Ils sont tous plus beaux les uns que les autres.<\/p>\n","protected":false},"featured_media":16776,"comment_status":"open","ping_status":"closed","template":"","meta":[],"product_brand":[],"product_cat":[474,23],"product_tag":[276,161,162,129,128,155,139,463,235,80,147,173,82,79,164,274],"class_list":{"0":"post-9409","1":"product","2":"type-product","3":"status-publish","4":"has-post-thumbnail","6":"product_cat-corbeilles","7":"product_cat-decoration-murale","8":"product_tag-art-mural","9":"product_tag-assiette-murale","10":"product_tag-binga","11":"product_tag-cadeau-femme","12":"product_tag-cadeau-pour-elle","13":"product_tag-decoration-etageres","14":"product_tag-graphique","15":"product_tag-latitude-pop","16":"product_tag-multicolore","17":"product_tag-osier","18":"product_tag-paniere","19":"product_tag-plateau","20":"product_tag-raphia","21":"product_tag-rotin","22":"product_tag-tonga","23":"product_tag-touareg","25":"first","26":"outofstock","27":"taxable","28":"shipping-taxable","29":"purchasable","30":"product-type-simple"},"_links":{"self":[{"href":"https:\/\/www.latitude31n.com\/fr\/wp-json\/wp\/v2\/product\/9409","targetHints":{"allow":["GET"]}}],"collection":[{"href":"https:\/\/www.latitude31n.com\/fr\/wp-json\/wp\/v2\/product"}],"about":[{"href":"https:\/\/www.latitude31n.com\/fr\/wp-json\/wp\/v2\/types\/product"}],"replies":[{"embeddable":true,"href":"https:\/\/www.latitude31n.com\/fr\/wp-json\/wp\/v2\/comments?post=9409"}],"wp:featuredmedia":[{"embeddable":true,"href":"https:\/\/www.latitude31n.com\/fr\/wp-json\/wp\/v2\/media\/16776"}],"wp:attachment":[{"href":"https:\/\/www.latitude31n.com\/fr\/wp-json\/wp\/v2\/media?parent=9409"}],"wp:term":[{"taxonomy":"product_brand","embeddable":true,"href":"https:\/\/www.latitude31n.com\/fr\/wp-json\/wp\/v2\/product_brand?post=9409"},{"taxonomy":"product_cat","embeddable":true,"href":"https:\/\/www.latitude31n.com\/fr\/wp-json\/wp\/v2\/product_cat?post=9409"},{"taxonomy":"product_tag","embeddable":true,"href":"https:\/\/www.latitude31n.com\/fr\/wp-json\/wp\/v2\/product_tag?post=9409"}],"curies":[{"name":"wp","href":"https:\/\/api.w.org\/{rel}","templated":true}]}}