{"id":9384,"date":"2022-02-16T14:47:29","date_gmt":"2022-02-16T13:47:29","guid":{"rendered":"https:\/\/www.latitude31n.com\/?post_type=product&#038;p=9384"},"modified":"2025-06-13T12:28:20","modified_gmt":"2025-06-13T11:28:20","slug":"plateau-bois-pieds","status":"publish","type":"product","link":"https:\/\/www.latitude31n.com\/fr\/arts-table\/plateau-bois-pieds\/","title":{"rendered":"Plateau en bois sur pieds"},"content":{"rendered":"<h2><strong>Plateau rond au look vintage<\/strong>.<\/h2>\n<p>Ce plateau est fabriqu\u00e9 \u00e0 la main en utilisant les techniques des petites tables en bois et des tamis qu&rsquo;on trouve dans l&rsquo;artisanat marocain populaire. Le bois est courb\u00e9 pour former un rebord plus haut que les plateaux habituels. Trois petits pieds rehaussent le plateau.<\/p>\n<h2>Plateau de pr\u00e9sentation en bois<\/h2>\n<p>Le plateau de service est en bois de pin, noirci au brou de noix ce qui lui donne un petit look vintage. Il est tr\u00e8s sympa sur une table pour pr\u00e9senter des objets de d\u00e9co ethnique ou boh\u00e8me.<\/p>\n<p>Pourquoi je les aime :<\/p>\n<p><strong><em>Les trois petits pieds qui sur\u00e9l\u00e8vent le plateau.<br \/>\n<\/em><\/strong><\/p>\n<p>Dimensions : <span class=\"ILfuVd\" lang=\"fr\"><span class=\"hgKElc\">\u2300<\/span><\/span>30xh12 cm<\/p>\n<p>Vous pouvez aussi appr\u00e9cier la grande <a href=\"\/fr\/assises-petit-mobilier\/table-basse-ethnique-ancienne\/\" target=\"_blank\" rel=\"noopener\">version pour table de chevet ou petite table d&rsquo;appoint<\/a> dans un salon.<\/p>\n","protected":false},"excerpt":{"rendered":"<p>Plateau rond en bois fonc\u00e9 look vintage. Le bois est courb\u00e9 pour former un rebord haut et trois petits pieds rehaussent le plateau. Fabriqu\u00e9 \u00e0 la main au Maroc dans l&rsquo;esprit des petites tables d&rsquo;appoint rondes.<\/p>\n","protected":false},"featured_media":9385,"comment_status":"open","ping_status":"closed","template":"","meta":[],"product_brand":[],"product_cat":[27],"product_tag":[],"class_list":{"0":"post-9384","1":"product","2":"type-product","3":"status-publish","4":"has-post-thumbnail","6":"product_cat-arts-table","8":"first","9":"outofstock","10":"taxable","11":"shipping-taxable","12":"purchasable","13":"product-type-simple"},"_links":{"self":[{"href":"https:\/\/www.latitude31n.com\/fr\/wp-json\/wp\/v2\/product\/9384","targetHints":{"allow":["GET"]}}],"collection":[{"href":"https:\/\/www.latitude31n.com\/fr\/wp-json\/wp\/v2\/product"}],"about":[{"href":"https:\/\/www.latitude31n.com\/fr\/wp-json\/wp\/v2\/types\/product"}],"replies":[{"embeddable":true,"href":"https:\/\/www.latitude31n.com\/fr\/wp-json\/wp\/v2\/comments?post=9384"}],"wp:featuredmedia":[{"embeddable":true,"href":"https:\/\/www.latitude31n.com\/fr\/wp-json\/wp\/v2\/media\/9385"}],"wp:attachment":[{"href":"https:\/\/www.latitude31n.com\/fr\/wp-json\/wp\/v2\/media?parent=9384"}],"wp:term":[{"taxonomy":"product_brand","embeddable":true,"href":"https:\/\/www.latitude31n.com\/fr\/wp-json\/wp\/v2\/product_brand?post=9384"},{"taxonomy":"product_cat","embeddable":true,"href":"https:\/\/www.latitude31n.com\/fr\/wp-json\/wp\/v2\/product_cat?post=9384"},{"taxonomy":"product_tag","embeddable":true,"href":"https:\/\/www.latitude31n.com\/fr\/wp-json\/wp\/v2\/product_tag?post=9384"}],"curies":[{"name":"wp","href":"https:\/\/api.w.org\/{rel}","templated":true}]}}