{"id":9372,"date":"2022-02-14T18:03:35","date_gmt":"2022-02-14T17:03:35","guid":{"rendered":"https:\/\/www.latitude31n.com\/?post_type=product&#038;p=9372"},"modified":"2025-03-21T15:13:25","modified_gmt":"2025-03-21T14:13:25","slug":"cabas-kilim-marocain","status":"publish","type":"product","link":"https:\/\/www.latitude31n.com\/fr\/mode-et-accessoires\/sacs-paniers\/cabas-kilim-marocain\/","title":{"rendered":"Sac en tapisserie marocaine"},"content":{"rendered":"<h2>Sac tapisserie marocaine, upcycl\u00e9 d&rsquo;un tissu d&rsquo;ameublement vintage<\/h2>\n<p>Nos sacs sont confectionn\u00e9s \u00e0 partir de tissus\u00a0<em>Mobra<\/em>, un velours d\u2019ameublement traditionnel marocain aux motifs orientaux et floraux vari\u00e9s particuli\u00e8rement riches et plus ou moins fournis. Nous chinons et s\u00e9lectionnons soigneusement ces tissus dans les souks de Marrakech. Que ce soit de longues bandes de tissus qui recouvrent les m\u00e9trages de banquettes marocaines, ou les coussins qui les surmontent, les tissus d\u2019ameublement chin\u00e9s sont lav\u00e9s et d\u00e9cousus pour ensuite \u00eatre transform\u00e9s en accessoires par notre couturier.<br \/>\nCe mod\u00e8le de sac cabas est en Mobra velours. Il pr\u00e9sente un motif oriental en relief r\u00e9ellement superbe. L\u2019int\u00e9rieur est compos\u00e9 d\u2019un tissu uni en harmonie avec la tapisserie ext\u00e9rieure.<\/p>\n<p>L\u2019upcycling est au c\u0153ur de notre d\u00e9marche : en r\u00e9utilisant ces tissus d\u2019exception, nous sommes heureux de participer \u00e0 la pr\u00e9servation de l\u2019artisanat marocain tout en r\u00e9duisant notre impact environnemental. Et c\u2019est un choix facile \u00e0 faire, car ces tissus sont magnifiques : doux au toucher, agr\u00e9ment\u00e9s de motifs uniques et graphiques.<\/p>\n<p>Si vous voulez en savoir plus sur le tissu marocain\u00a0<em>Mobra<\/em>, son utilisation au Maroc et notre d\u00e9marche, d\u00e9couvrez notre article de blog d\u00e9di\u00e9 \u00e0 nos <a href=\"\/fr\/upcycling-sacs\/\" target=\"_blank\" rel=\"noopener\">sacs en tapisserie ancienne<\/a>.<\/p>\n<h2>Un sac fourre-tout unique et original!<\/h2>\n<p>Leur grande capacit\u00e9 en fait des cabas parfaits pour le quotidien, tandis que leur allure sophistiqu\u00e9e en fait des sacs de week-end qu\u2019on a plaisir \u00e0 montrer aux copines. Et pour celles qui appr\u00e9cient un grand sac fourre-tout comme sac \u00e0 main, il peut aussi \u00eatre utiliser facilement lors de nos sorties en ville.<\/p>\n<p>La combinaison du velours doux et des motifs color\u00e9s conf\u00e8re \u00e0 ces sacs un look \u00e0 la fois vintage et r\u00e9solument moderne. Leur durabilit\u00e9, h\u00e9rit\u00e9e de la qualit\u00e9 du tissu d\u2019ameublement tiss\u00e9, vous accompagnera longtemps.<\/p>\n<p>Chaque mod\u00e8le est une pi\u00e8ce unique, r\u00e9alis\u00e9e en s\u00e9rie limit\u00e9e, garantissant ainsi un caract\u00e8re exceptionnel. Le m\u00e9lange harmonieux entre le vintage et le moderne, l\u2019Orient et l\u2019Occident, conf\u00e8re \u00e0 nos sacs une identit\u00e9 forte et intemporelle. Ils apporteront une touche d\u2019exotisme et d\u2019originalit\u00e9 \u00e0 toutes vos tenues. A noter \u00e9galement que leur robustesse et leur durabilit\u00e9 en font des investissements mode qui traverseront les saisons.<\/p>\n<p>Dimensions : environ 50x20xh35cm<\/p>\n<p>Nos sacs tapisserie vintage sont r\u00e9alis\u00e9s artisanalement. Ils peuvent comporter des d\u00e9fauts. Cependant, les imperfections l\u00e9g\u00e8res du tissu, les variations de couleurs et les finitions \u00e0 la main t\u00e9moignent de l\u2019authenticit\u00e9 de chaque sac. En choisissant un de nos sacs, vous optez pour un produit unique, durable et porteur d\u2019une histoire.<\/p>\n","protected":false},"excerpt":{"rendered":"<p>Vous cherchez un sac aussi beau qu\u2019unique ?<br \/>\nNos sacs en\u00a0<em>Mobra<\/em>, tissu marocain chin\u00e9, sont faits pour vous ! Un brin d\u2019exotisme et beaucoup de style, c\u2019est tout ce dont vous avez besoin.<\/p>\n<p>Sacs tapisserie vintage en \u00e9dition limit\u00e9e<br \/>\nSacs cabas 50x20xh35cm<\/p>\n","protected":false},"featured_media":30115,"comment_status":"open","ping_status":"closed","template":"","meta":[],"product_brand":[],"product_cat":[470,468],"product_tag":[],"class_list":{"0":"post-9372","1":"product","2":"type-product","3":"status-publish","4":"has-post-thumbnail","6":"product_cat-sacs-paniers","7":"product_cat-mode-et-accessoires","9":"first","10":"instock","11":"taxable","12":"shipping-taxable","13":"purchasable","14":"product-type-simple"},"_links":{"self":[{"href":"https:\/\/www.latitude31n.com\/fr\/wp-json\/wp\/v2\/product\/9372","targetHints":{"allow":["GET"]}}],"collection":[{"href":"https:\/\/www.latitude31n.com\/fr\/wp-json\/wp\/v2\/product"}],"about":[{"href":"https:\/\/www.latitude31n.com\/fr\/wp-json\/wp\/v2\/types\/product"}],"replies":[{"embeddable":true,"href":"https:\/\/www.latitude31n.com\/fr\/wp-json\/wp\/v2\/comments?post=9372"}],"wp:featuredmedia":[{"embeddable":true,"href":"https:\/\/www.latitude31n.com\/fr\/wp-json\/wp\/v2\/media\/30115"}],"wp:attachment":[{"href":"https:\/\/www.latitude31n.com\/fr\/wp-json\/wp\/v2\/media?parent=9372"}],"wp:term":[{"taxonomy":"product_brand","embeddable":true,"href":"https:\/\/www.latitude31n.com\/fr\/wp-json\/wp\/v2\/product_brand?post=9372"},{"taxonomy":"product_cat","embeddable":true,"href":"https:\/\/www.latitude31n.com\/fr\/wp-json\/wp\/v2\/product_cat?post=9372"},{"taxonomy":"product_tag","embeddable":true,"href":"https:\/\/www.latitude31n.com\/fr\/wp-json\/wp\/v2\/product_tag?post=9372"}],"curies":[{"name":"wp","href":"https:\/\/api.w.org\/{rel}","templated":true}]}}