{"id":9160,"date":"2022-02-04T12:59:09","date_gmt":"2022-02-04T11:59:09","guid":{"rendered":"https:\/\/www.latitude31n.com\/?post_type=product&#038;p=9160"},"modified":"2025-05-04T17:34:48","modified_gmt":"2025-05-04T16:34:48","slug":"chapeau-palmier-clair","status":"publish","type":"product","link":"https:\/\/www.latitude31n.com\/fr\/decoration-murale\/chapeaux\/chapeau-palmier-clair\/","title":{"rendered":"Chapeau palmier clair"},"content":{"rendered":"<h2>Chapeau traditionnel marocain<\/h2>\n<p>en feuilles de palmier blanc tress\u00e9es \u00e0 la main. En d\u00e9co ou sur la t\u00eate en guise de protection. Avec ses teintes douces et neutres, il est id\u00e9al pour une d\u00e9co boh\u00e8me exotique.<\/p>\n<p>Possibilit\u00e9 <a href=\"\/fr\/decoration-murale\/chapeaux\/chapeau-broderie-personnalise\/\" target=\"_blank\" rel=\"noopener\"><strong>de le personnaliser et de le broder<\/strong><\/a> selon vos d\u00e9sirs.<\/p>\n<h2>Un chapeau de paille \u00e0 porter ou \u00e0 exposer<\/h2>\n<p>La fibre de palmier est solide et r\u00e9sistante; le chapeau, m\u00eame mouill\u00e9, garde sa forme.<\/p>\n<p>Pourquoi je l&rsquo;aime :<\/p>\n<p><strong><em>Simple et classique, je l&rsquo;aime accroch\u00e9 au mur pour une d\u00e9co inspir\u00e9e des vacances.<\/em><\/strong><\/p>\n<p>Cet autre mod\u00e8le, <a href=\"\/fr\/decoration-murale\/chapeaux\/chapeau-boheme-frange\/\" target=\"_blank\" rel=\"noopener\">le chapeau en palmier avec franges<\/a> pourra compl\u00e9ter un <strong>mur de chapeaux<\/strong>.<\/p>\n<p>Dimensions : diam\u00e8tre 40xh15 cm<\/p>\n<p>100% fibres de palmier clair.<\/p>\n<p>Ce chapeau est tress\u00e9 \u00e0 la main, il peut comporter certaines imperfections qui garantissent son authenticit\u00e9.<\/p>\n","protected":false},"excerpt":{"rendered":"<p>Chapeau traditionnel marocain, en palmier clair tress\u00e9 main. En d\u00e9co ou sur la t\u00eate en guise de protection solaire. Avec ses teintes douces et neutres, il est id\u00e9al pour une d\u00e9co boh\u00e8me exotique.<\/p>\n","protected":false},"featured_media":13544,"comment_status":"open","ping_status":"closed","template":"","meta":[],"product_brand":[],"product_cat":[499,23],"product_tag":[276,129,211,214,464,308,307,212,140,300,82],"class_list":{"0":"post-9160","1":"product","2":"type-product","3":"status-publish","4":"has-post-thumbnail","6":"product_cat-chapeaux","7":"product_cat-decoration-murale","8":"product_tag-art-mural","9":"product_tag-cadeau-femme","10":"product_tag-capeline","11":"product_tag-couvre-chef","12":"product_tag-latitude-soft","13":"product_tag-maison-de-plage","14":"product_tag-maison-de-vacances","15":"product_tag-mer","16":"product_tag-ornement","17":"product_tag-paille","18":"product_tag-raphia","20":"first","21":"instock","22":"taxable","23":"shipping-taxable","24":"purchasable","25":"product-type-variable"},"_links":{"self":[{"href":"https:\/\/www.latitude31n.com\/fr\/wp-json\/wp\/v2\/product\/9160","targetHints":{"allow":["GET"]}}],"collection":[{"href":"https:\/\/www.latitude31n.com\/fr\/wp-json\/wp\/v2\/product"}],"about":[{"href":"https:\/\/www.latitude31n.com\/fr\/wp-json\/wp\/v2\/types\/product"}],"replies":[{"embeddable":true,"href":"https:\/\/www.latitude31n.com\/fr\/wp-json\/wp\/v2\/comments?post=9160"}],"wp:featuredmedia":[{"embeddable":true,"href":"https:\/\/www.latitude31n.com\/fr\/wp-json\/wp\/v2\/media\/13544"}],"wp:attachment":[{"href":"https:\/\/www.latitude31n.com\/fr\/wp-json\/wp\/v2\/media?parent=9160"}],"wp:term":[{"taxonomy":"product_brand","embeddable":true,"href":"https:\/\/www.latitude31n.com\/fr\/wp-json\/wp\/v2\/product_brand?post=9160"},{"taxonomy":"product_cat","embeddable":true,"href":"https:\/\/www.latitude31n.com\/fr\/wp-json\/wp\/v2\/product_cat?post=9160"},{"taxonomy":"product_tag","embeddable":true,"href":"https:\/\/www.latitude31n.com\/fr\/wp-json\/wp\/v2\/product_tag?post=9160"}],"curies":[{"name":"wp","href":"https:\/\/api.w.org\/{rel}","templated":true}]}}