{"id":8837,"date":"2022-01-26T15:48:07","date_gmt":"2022-01-26T14:48:07","guid":{"rendered":"https:\/\/www.latitude31n.com\/?post_type=product&#038;p=8837"},"modified":"2025-06-19T20:13:14","modified_gmt":"2025-06-19T19:13:14","slug":"plat-marocain-bois-vintage","status":"publish","type":"product","link":"https:\/\/www.latitude31n.com\/fr\/decoration-maison\/plat-marocain-bois-vintage\/","title":{"rendered":"Plat marocain en bois vintage"},"content":{"rendered":"<h2>Plat rond \u00e0 couscous (<em>gasaa, djefna<\/em>).<\/h2>\n<p><strong>Ce grand plat ancien \u00e0 bords peu relev\u00e9s<\/strong> \u00e9tait utilis\u00e9 pour pr\u00e9parer le couscous. Traditionnellement, les femmes roulaient la semoule dans des plats en bois ou en terre.<\/p>\n<p>Sa <strong>belle patine d&rsquo;origine<\/strong> et ses <strong>courbes harmonieuses<\/strong> en font une pi\u00e8ce d&rsquo;exception.<\/p>\n<p>Cette grande assiette vintage en bois primitif porte des traces d&rsquo;usage et d&rsquo;usure qui sont les t\u00e9moins de son <strong>authenticit\u00e9<\/strong> et contribuent \u00e0 son <strong>unicit\u00e9<\/strong>. Ces plats avaient une grande valeur au sein des familles berb\u00e8res. Ils \u00e9taient r\u00e9guli\u00e8rement r\u00e9par\u00e9s afin de prolonger leurs vies. Sur celui-ci, on voit tr\u00e8s bien la r\u00e9paration faite au moyen d&rsquo;une grande plaque de cuivre clout\u00e9e. courbes harmonieuses.<\/p>\n<h2>D\u00e9co ethnique et africaine<\/h2>\n<p>Aujourd&rsquo;hui adoptez-le en grand plateau ou corbeille, pour pr\u00e9senter fruits ou objets de d\u00e9coration. Vous pouvez \u00e9galement l&rsquo;utiliser comme <strong>plat de service<\/strong> <strong>pour apporter singularit\u00e9 et chaleur \u00e0 votre table<\/strong>. Ainsi il compl\u00e8tera une <strong>d\u00e9co ethnique<\/strong> ou apportera une touche authentique bienvenue dans un int\u00e9rieur contemporain.<\/p>\n<p>Pourquoi je l&rsquo;aime :<\/p>\n<p><strong><em>Je suis une fan inconditionnelle de ces objets anciens et ethniques qui apportent du caract\u00e8re \u00e0 une d\u00e9co.<\/em><\/strong><\/p>\n<p>Dimensions : environ 50cm de diam\u00e8tre<\/p>\n<p>Ce plat marocain est <strong>ancien et artisanal,<\/strong> il comporte une usure due \u00e0 l&rsquo;\u00e2ge et des r\u00e9parations historiques. Pur esprit Wabi-Sabi.<\/p>\n<p>Vous trouverez \u00e9galement un autre <a href=\"\/fr\/arts-table\/ancien-plat-couscous-bois\/\">plat \u00e0 couscous ancien<\/a> dans nos tr\u00e9sors chin\u00e9s.<\/p>\n","protected":false},"excerpt":{"rendered":"<p>Ce grand plat rond \u00e0 bords peu relev\u00e9s \u00e9tait utilis\u00e9 pour pr\u00e9parer le couscous. Sa <strong>belle patine d&rsquo;origine<\/strong> et ses <strong>courbes harmonieuses<\/strong> en font une pi\u00e8ce d&rsquo;exception.<\/p>\n<p>Celui-ci comporte des r\u00e9parations historiques qui t\u00e9moignent de son authenticit\u00e9.<\/p>\n<p><strong>Livraison gratuite en Europe et Am\u00e9rique du Nord.<\/strong><\/p>\n","protected":false},"featured_media":8848,"comment_status":"open","ping_status":"closed","template":"","meta":[],"product_brand":[],"product_cat":[467,27],"product_tag":[566,298,127,274,568],"class_list":{"0":"post-8837","1":"product","2":"type-product","3":"status-publish","4":"has-post-thumbnail","6":"product_cat-decoration-maison","7":"product_cat-arts-table","8":"product_tag-art-primitif","9":"product_tag-berbere","10":"product_tag-cuisine","11":"product_tag-touareg","12":"product_tag-wabi-sabi","14":"first","15":"outofstock","16":"taxable","17":"shipping-taxable","18":"purchasable","19":"product-type-simple"},"_links":{"self":[{"href":"https:\/\/www.latitude31n.com\/fr\/wp-json\/wp\/v2\/product\/8837","targetHints":{"allow":["GET"]}}],"collection":[{"href":"https:\/\/www.latitude31n.com\/fr\/wp-json\/wp\/v2\/product"}],"about":[{"href":"https:\/\/www.latitude31n.com\/fr\/wp-json\/wp\/v2\/types\/product"}],"replies":[{"embeddable":true,"href":"https:\/\/www.latitude31n.com\/fr\/wp-json\/wp\/v2\/comments?post=8837"}],"wp:featuredmedia":[{"embeddable":true,"href":"https:\/\/www.latitude31n.com\/fr\/wp-json\/wp\/v2\/media\/8848"}],"wp:attachment":[{"href":"https:\/\/www.latitude31n.com\/fr\/wp-json\/wp\/v2\/media?parent=8837"}],"wp:term":[{"taxonomy":"product_brand","embeddable":true,"href":"https:\/\/www.latitude31n.com\/fr\/wp-json\/wp\/v2\/product_brand?post=8837"},{"taxonomy":"product_cat","embeddable":true,"href":"https:\/\/www.latitude31n.com\/fr\/wp-json\/wp\/v2\/product_cat?post=8837"},{"taxonomy":"product_tag","embeddable":true,"href":"https:\/\/www.latitude31n.com\/fr\/wp-json\/wp\/v2\/product_tag?post=8837"}],"curies":[{"name":"wp","href":"https:\/\/api.w.org\/{rel}","templated":true}]}}