{"id":8836,"date":"2022-01-26T16:11:35","date_gmt":"2022-01-26T15:11:35","guid":{"rendered":"https:\/\/www.latitude31n.com\/?post_type=product&#038;p=8836"},"modified":"2025-07-10T19:06:56","modified_gmt":"2025-07-10T18:06:56","slug":"ancien-plat-couscous-bois","status":"publish","type":"product","link":"https:\/\/www.latitude31n.com\/fr\/decoration-maison\/ancien-plat-couscous-bois\/","title":{"rendered":"Ancien plat \u00e0 couscous en bois"},"content":{"rendered":"<h2><strong>Grand plat marocain <em>Gasaa<\/em> ancien<\/strong><\/h2>\n<p>Ce grand plat rond \u00e0 bords peu relev\u00e9s \u00e9tait utilis\u00e9 pour pr\u00e9parer le couscous. Traditionnellement les femmes roulaient la semoule dans des plats en bois ou en terre.<\/p>\n<p>Cette grande assiette vintage porte des traces d&rsquo;usage et d&rsquo;usure qui sont les t\u00e9moins de son authenticit\u00e9 et contribuent \u00e0 son unicit\u00e9. Leurs propri\u00e9taires entretenaient ces larges plats utilitaires avec beaucoup de soin, car ils avaient beaucoup de valeur pour les familles berb\u00e8res populaires. On remarquera la belle patine due \u00e0 un entretien r\u00e9gulier et consciencieux.<\/p>\n<h2><strong>Pour une d\u00e9co ethnique et unique<\/strong><\/h2>\n<p>Aujourd&rsquo;hui adoptez-le en grand plateau ou corbeille, pour pr\u00e9senter fruits ou objets de d\u00e9coration. Vous pouvez \u00e9galement l&rsquo;utiliser comme plat de service pour apporter singularit\u00e9 et chaleur \u00e0 votre table.<\/p>\n<p>Il compl\u00e8tera une d\u00e9co ethnique ou apportera une touche authentique bienvenue dans un int\u00e9rieur contemporain.<\/p>\n<p>Pourquoi je l&rsquo;aime :<\/p>\n<p><strong><em>J&rsquo;aime tellement ce genre d&rsquo;objets qui ont v\u00e9cus. Je ne pourrais pas m&rsquo;en passer. Ils apportent du caract\u00e8re \u00e0 une d\u00e9co.<\/em><\/strong><\/p>\n<p>Dimensions : environ 50cm<\/p>\n<p>Ce plat marocain est <strong>ancien et artisanal,<\/strong> il comporte certaines imperfections qui sont la garantie de son authenticit\u00e9.<\/p>\n<p>D\u00e9couvrez cet <a href=\"\/fr\/arts-table\/plat-marocain-bois-vintage\/\">autre mod\u00e8le de plat ancien<\/a> chin\u00e9 dans les souks.<\/p>\n","protected":false},"excerpt":{"rendered":"<p>Ce grand plat rond \u00e0 bords peu relev\u00e9s \u00e9tait utilis\u00e9 pour pr\u00e9parer le couscous. En plateau, plat de service ou corbeille \u00e0 fruits, il apporte singularit\u00e9 et chaleur \u00e0 votre table.<\/p>\n<p>Il compl\u00e8te une d\u00e9co ethnique ou apportera une touche authentique bienvenue dans un int\u00e9rieur contemporain.<\/p>\n<p><strong>Livraison gratuite en Europe et Am\u00e9rique du Nord.<\/strong><\/p>\n","protected":false},"featured_media":8842,"comment_status":"open","ping_status":"closed","template":"","meta":[],"product_brand":[],"product_cat":[467,27],"product_tag":[566,298,127,459,465,274,568],"class_list":{"0":"post-8836","1":"product","2":"type-product","3":"status-publish","4":"has-post-thumbnail","6":"product_cat-decoration-maison","7":"product_cat-arts-table","8":"product_tag-art-primitif","9":"product_tag-berbere","10":"product_tag-cuisine","11":"product_tag-latitude-ethnique","12":"product_tag-latitude-vintage","13":"product_tag-touareg","14":"product_tag-wabi-sabi","16":"first","17":"outofstock","18":"taxable","19":"shipping-taxable","20":"purchasable","21":"product-type-simple"},"_links":{"self":[{"href":"https:\/\/www.latitude31n.com\/fr\/wp-json\/wp\/v2\/product\/8836","targetHints":{"allow":["GET"]}}],"collection":[{"href":"https:\/\/www.latitude31n.com\/fr\/wp-json\/wp\/v2\/product"}],"about":[{"href":"https:\/\/www.latitude31n.com\/fr\/wp-json\/wp\/v2\/types\/product"}],"replies":[{"embeddable":true,"href":"https:\/\/www.latitude31n.com\/fr\/wp-json\/wp\/v2\/comments?post=8836"}],"wp:featuredmedia":[{"embeddable":true,"href":"https:\/\/www.latitude31n.com\/fr\/wp-json\/wp\/v2\/media\/8842"}],"wp:attachment":[{"href":"https:\/\/www.latitude31n.com\/fr\/wp-json\/wp\/v2\/media?parent=8836"}],"wp:term":[{"taxonomy":"product_brand","embeddable":true,"href":"https:\/\/www.latitude31n.com\/fr\/wp-json\/wp\/v2\/product_brand?post=8836"},{"taxonomy":"product_cat","embeddable":true,"href":"https:\/\/www.latitude31n.com\/fr\/wp-json\/wp\/v2\/product_cat?post=8836"},{"taxonomy":"product_tag","embeddable":true,"href":"https:\/\/www.latitude31n.com\/fr\/wp-json\/wp\/v2\/product_tag?post=8836"}],"curies":[{"name":"wp","href":"https:\/\/api.w.org\/{rel}","templated":true}]}}