{"id":867,"date":"2021-05-28T16:27:33","date_gmt":"2021-05-28T15:27:33","guid":{"rendered":"https:\/\/www.latitude31n.com\/?post_type=product&#038;p=867"},"modified":"2026-02-12T13:20:37","modified_gmt":"2026-02-12T12:20:37","slug":"panier-en-palmier-a-grosses-mailles","status":"publish","type":"product","link":"https:\/\/www.latitude31n.com\/fr\/paniers-rangements\/teintes-naturelles\/panier-en-palmier-a-grosses-mailles\/","title":{"rendered":"Panier grosses mailles"},"content":{"rendered":"<h2><strong>Panier marocain au tressage ajour\u00e9<\/strong><\/h2>\n<p>Panier rond tress\u00e9 main en corde de fibres naturelles de palmier. Le tressage est tr\u00e8s large, souple, quadrill\u00e9. Le <strong>design ajour\u00e9<\/strong> apporte beaucoup de l\u00e9g\u00e8ret\u00e9 \u00e0 ces paniers artisanaux.<\/p>\n<p>On a toujours besoin de paniers chez soi, que ce soit pour ranger ou pour d\u00e9corer. C&rsquo;est \u00e9galement un bon moyen d&rsquo;apporter une touche d&rsquo;authenticit\u00e9 et de naturel chez soi.<\/p>\n<p>Pourquoi je l&rsquo; aime :<\/p>\n<p><em><strong>J&rsquo;adore ce look tr\u00e8s a\u00e9r\u00e9<\/strong><br \/>\n<\/em><\/p>\n<p>Dimensions : environ h25x20cm et h40x35cm<\/p>\n<p>Comme tout produit artisanal, il peut exister certaines imperfections ou variations qui sont la garantie de son authenticit\u00e9.<\/p>\n","protected":false},"excerpt":{"rendered":"<p>Panier marocain tress\u00e9 main en corde de fibres naturelles de palmier au design ajour\u00e9. <strong>Look minimaliste pour apporter texture et mati\u00e8re dans votre d\u00e9co.<\/strong><\/p>\n","protected":false},"featured_media":878,"comment_status":"open","ping_status":"closed","template":"","meta":[],"product_brand":[],"product_cat":[28,634],"product_tag":[464,80,300,79],"class_list":{"0":"post-867","1":"product","2":"type-product","3":"status-publish","4":"has-post-thumbnail","6":"product_cat-paniers-rangements","7":"product_cat-teintes-naturelles","8":"product_tag-latitude-soft","9":"product_tag-osier","10":"product_tag-paille","11":"product_tag-rotin","13":"first","14":"outofstock","15":"taxable","16":"shipping-taxable","17":"purchasable","18":"product-type-variable"},"_links":{"self":[{"href":"https:\/\/www.latitude31n.com\/fr\/wp-json\/wp\/v2\/product\/867","targetHints":{"allow":["GET"]}}],"collection":[{"href":"https:\/\/www.latitude31n.com\/fr\/wp-json\/wp\/v2\/product"}],"about":[{"href":"https:\/\/www.latitude31n.com\/fr\/wp-json\/wp\/v2\/types\/product"}],"replies":[{"embeddable":true,"href":"https:\/\/www.latitude31n.com\/fr\/wp-json\/wp\/v2\/comments?post=867"}],"wp:featuredmedia":[{"embeddable":true,"href":"https:\/\/www.latitude31n.com\/fr\/wp-json\/wp\/v2\/media\/878"}],"wp:attachment":[{"href":"https:\/\/www.latitude31n.com\/fr\/wp-json\/wp\/v2\/media?parent=867"}],"wp:term":[{"taxonomy":"product_brand","embeddable":true,"href":"https:\/\/www.latitude31n.com\/fr\/wp-json\/wp\/v2\/product_brand?post=867"},{"taxonomy":"product_cat","embeddable":true,"href":"https:\/\/www.latitude31n.com\/fr\/wp-json\/wp\/v2\/product_cat?post=867"},{"taxonomy":"product_tag","embeddable":true,"href":"https:\/\/www.latitude31n.com\/fr\/wp-json\/wp\/v2\/product_tag?post=867"}],"curies":[{"name":"wp","href":"https:\/\/api.w.org\/{rel}","templated":true}]}}