{"id":851,"date":"2021-05-28T16:17:51","date_gmt":"2021-05-28T15:17:51","guid":{"rendered":"https:\/\/www.latitude31n.com\/?post_type=product&#038;p=851"},"modified":"2025-10-29T18:03:06","modified_gmt":"2025-10-29T17:03:06","slug":"banc-tressee-cuir","status":"publish","type":"product","link":"https:\/\/www.latitude31n.com\/fr\/assises-petit-mobilier\/bancs-tabourets\/banc-tressee-cuir\/","title":{"rendered":"Banc marocain cuir (80cm -1m)"},"content":{"rendered":"<h2><strong>Banc 80cm ou banc 1m en cuir tress\u00e9\u00a0<\/strong><\/h2>\n<p>L&rsquo;assise est tress\u00e9e en bandes larges de cuir naturel et pieds en bois de laurier, bois brut presque blanc. Fabriqu\u00e9 \u00e0 la main, notre <strong>banc tress\u00e9 cuir<\/strong> est assembl\u00e9 selon la m\u00e9thode traditionnelle marocaine de fabrication et de tressage des <a href=\"\/fr\/tabouret-berbere-beldi\/\" target=\"_blank\" rel=\"noopener\">tabourets \u00ab\u00a0<em>beldi<\/em>\u00ab\u00a0<\/a>, ces traditionnels si\u00e8ges marocains. Chaque banc est unique, portant la marque de la main experte de l&rsquo;artisan qui l&rsquo;a cr\u00e9\u00e9.<\/p>\n<h2><strong>Banc tress\u00e9 marocain pour l&rsquo;entr\u00e9e ou en bout de lit<\/strong><\/h2>\n<p>Son design minimaliste et \u00e9l\u00e9gant s&rsquo;int\u00e8gre harmonieusement dans divers styles d&rsquo;int\u00e9rieur, du boh\u00e8me chic au contemporain \u00e9pur\u00e9. Que vous l&rsquo;installiez en bout de lit pour une touche de raffinement, comme table basse dans votre salon ou pour d\u00e9poser vos affaires dans l&rsquo;entr\u00e9e, notre <strong>banc marocain cuir<\/strong> ne manquera pas d&rsquo;attirer les regards. Ce banc marocain cuir pourra tout aussi bien s\u00e9journer sur une terrasse couverte, et prendra une belle patine avec le temps.<\/p>\n<p>Dimensions: 80x40xh40cm &#8212; 100x40xh40cm.<\/p>\n<p>Existe en <a href=\"\/fr\/assises-petit-mobilier\/bancs-tabourets\/tabouret-marocain-cuir-naturel\/\" target=\"_blank\" rel=\"noopener\">version tabouret <\/a>au tressage serr\u00e9.<br \/>\nPossibilit\u00e9 de les r\u00e9aliser sur mesure selon la taille dont vous avez besoin.<\/p>\n<p>R\u00e9alis\u00e9 avec des mat\u00e9riaux naturels, ce banc en cuir tress\u00e9 est con\u00e7u pour durer. Le cuir est non trait\u00e9, non teint\u00e9, il se patinera avec le temps pour acqu\u00e9rir une patine unique. Quant au bois de laurier, il est r\u00e9put\u00e9 pour sa robustesse et sa solidit\u00e9. Vous pourrez ainsi profiter de ce banc pendant de nombreuses ann\u00e9es.<\/p>\n<p>Comme tout produit artisanal, il peut exister certaines imperfections ou variations qui sont le garant de son authenticit\u00e9.<\/p>\n<p>Pas d&rsquo;assemblage requis, le si\u00e8ge arrive en une seule pi\u00e8ce.<\/p>\n<p>&nbsp;<\/p>\n","protected":false},"excerpt":{"rendered":"<p>Vous aimerez ce long banc en cuir nude et son bois tr\u00e8s clair. Avec son look \u00ab\u00a0fait main\u00a0\u00bb et ses teintes claires, il a une \u00e9l\u00e9gance toute minimaliste.<\/p>\n<p>Possibilit\u00e9 de r\u00e9aliser sur mesure selon la taille dont vous avez besoin.<\/p>\n","protected":false},"featured_media":854,"comment_status":"open","ping_status":"closed","template":"","meta":[],"product_brand":[],"product_cat":[501,34],"product_tag":[464,899],"class_list":{"0":"post-851","1":"product","2":"type-product","3":"status-publish","4":"has-post-thumbnail","6":"product_cat-bancs-tabourets","7":"product_cat-assises-petit-mobilier","8":"product_tag-latitude-soft","9":"product_tag-no-us","11":"first","12":"instock","13":"taxable","14":"shipping-taxable","15":"purchasable","16":"product-type-variable"},"_links":{"self":[{"href":"https:\/\/www.latitude31n.com\/fr\/wp-json\/wp\/v2\/product\/851","targetHints":{"allow":["GET"]}}],"collection":[{"href":"https:\/\/www.latitude31n.com\/fr\/wp-json\/wp\/v2\/product"}],"about":[{"href":"https:\/\/www.latitude31n.com\/fr\/wp-json\/wp\/v2\/types\/product"}],"replies":[{"embeddable":true,"href":"https:\/\/www.latitude31n.com\/fr\/wp-json\/wp\/v2\/comments?post=851"}],"wp:featuredmedia":[{"embeddable":true,"href":"https:\/\/www.latitude31n.com\/fr\/wp-json\/wp\/v2\/media\/854"}],"wp:attachment":[{"href":"https:\/\/www.latitude31n.com\/fr\/wp-json\/wp\/v2\/media?parent=851"}],"wp:term":[{"taxonomy":"product_brand","embeddable":true,"href":"https:\/\/www.latitude31n.com\/fr\/wp-json\/wp\/v2\/product_brand?post=851"},{"taxonomy":"product_cat","embeddable":true,"href":"https:\/\/www.latitude31n.com\/fr\/wp-json\/wp\/v2\/product_cat?post=851"},{"taxonomy":"product_tag","embeddable":true,"href":"https:\/\/www.latitude31n.com\/fr\/wp-json\/wp\/v2\/product_tag?post=851"}],"curies":[{"name":"wp","href":"https:\/\/api.w.org\/{rel}","templated":true}]}}