{"id":844,"date":"2021-05-28T16:14:21","date_gmt":"2021-05-28T15:14:21","guid":{"rendered":"https:\/\/www.latitude31n.com\/?post_type=product&#038;p=844"},"modified":"2026-04-12T10:45:43","modified_gmt":"2026-04-12T09:45:43","slug":"cuilleres-a-cafe-rayees-bleu","status":"publish","type":"product","link":"https:\/\/www.latitude31n.com\/fr\/arts-table\/cuilleres-a-cafe-rayees-bleu\/","title":{"rendered":"Cuill\u00e8res \u00e0 caf\u00e9 ray\u00e9es"},"content":{"rendered":"<h2>Lot de 6 petites cuill\u00e8res color\u00e9es<\/h2>\n<p>Un lot de 6 petites cuill\u00e8res en maillechort (c&rsquo;est un alliage de cuivre, de zinc et de nickel, qui ressemble fortement \u00e0 l&rsquo;argent). Le manche est compos\u00e9 d&rsquo;anneaux de r\u00e9sine color\u00e9 et assorti selon leurs tons.<\/p>\n<p>Ces couverts ont la taille id\u00e9ale pour les tasses \u00e0 caf\u00e9. La cuill\u00e8re est agr\u00e9able en bouche.<\/p>\n<h2>Id\u00e9e cadeau fantaisie : les couverts multicolores<\/h2>\n<p>Elles sont tr\u00e8s originales et personne n&rsquo;aura la m\u00eame. Ne vous battez pas, elles sont toutes magnifiques. La parfaite id\u00e9e cadeau pour une amie qui aime la couleur et les objets rigolos. Elles sont joyeuses, color\u00e9es et elles \u00e9gayent la table. La pause caf\u00e9 n&rsquo;a jamais \u00e9t\u00e9 aussi joyeuse!<\/p>\n<p>Elles sont faites \u00e0 la main au Maroc.<\/p>\n<p>Pourquoi je les aime :<\/p>\n<p><strong><em>J&rsquo;adore ces petites cuill\u00e8res fantaisie, j&rsquo;adore leur design et leurs couleurs.<\/em><\/strong><\/p>\n<p>Dimensions : environ 10 cm<\/p>\n<p>Comme tout produit artisanal,\u00a0 nos petites cuill\u00e8res peuvent avoir certaines imperfections qui sont la garantie de leur authenticit\u00e9<\/p>\n","protected":false},"excerpt":{"rendered":"<p>La pause caf\u00e9 c&rsquo;est sacr\u00e9, un de nos moments pr\u00e9f\u00e9r\u00e9s. Egayez votre pause avec nos petites cuill\u00e8res multicolores.<\/p>\n<p><strong>Livraison gratuite<\/strong><\/p>\n","protected":false},"featured_media":22599,"comment_status":"open","ping_status":"closed","template":"","meta":[],"product_brand":[],"product_cat":[27],"product_tag":[130,378,87,129,128,153,73,463,154,235,379],"class_list":{"0":"post-844","1":"product","2":"type-product","3":"status-publish","4":"has-post-thumbnail","6":"product_cat-arts-table","7":"product_tag-art-de-la-table","8":"product_tag-bariole","9":"product_tag-boheme","10":"product_tag-cadeau-femme","11":"product_tag-cadeau-pour-elle","12":"product_tag-contemporain","13":"product_tag-enfant","14":"product_tag-latitude-pop","15":"product_tag-moderne","16":"product_tag-multicolore","17":"product_tag-rigolo","19":"first","20":"instock","21":"taxable","22":"shipping-taxable","23":"purchasable","24":"product-type-variable"},"_links":{"self":[{"href":"https:\/\/www.latitude31n.com\/fr\/wp-json\/wp\/v2\/product\/844","targetHints":{"allow":["GET"]}}],"collection":[{"href":"https:\/\/www.latitude31n.com\/fr\/wp-json\/wp\/v2\/product"}],"about":[{"href":"https:\/\/www.latitude31n.com\/fr\/wp-json\/wp\/v2\/types\/product"}],"replies":[{"embeddable":true,"href":"https:\/\/www.latitude31n.com\/fr\/wp-json\/wp\/v2\/comments?post=844"}],"wp:featuredmedia":[{"embeddable":true,"href":"https:\/\/www.latitude31n.com\/fr\/wp-json\/wp\/v2\/media\/22599"}],"wp:attachment":[{"href":"https:\/\/www.latitude31n.com\/fr\/wp-json\/wp\/v2\/media?parent=844"}],"wp:term":[{"taxonomy":"product_brand","embeddable":true,"href":"https:\/\/www.latitude31n.com\/fr\/wp-json\/wp\/v2\/product_brand?post=844"},{"taxonomy":"product_cat","embeddable":true,"href":"https:\/\/www.latitude31n.com\/fr\/wp-json\/wp\/v2\/product_cat?post=844"},{"taxonomy":"product_tag","embeddable":true,"href":"https:\/\/www.latitude31n.com\/fr\/wp-json\/wp\/v2\/product_tag?post=844"}],"curies":[{"name":"wp","href":"https:\/\/api.w.org\/{rel}","templated":true}]}}