{"id":838,"date":"2021-05-28T16:11:19","date_gmt":"2021-05-28T15:11:19","guid":{"rendered":"https:\/\/www.latitude31n.com\/?post_type=product&#038;p=838"},"modified":"2026-04-21T09:14:40","modified_gmt":"2026-04-21T08:14:40","slug":"banc-marocain-tressage-moderne","status":"publish","type":"product","link":"https:\/\/www.latitude31n.com\/fr\/assises-petit-mobilier\/bancs-tabourets\/banc-marocain-tressage-moderne\/","title":{"rendered":"Banquette marocaine tress\u00e9e"},"content":{"rendered":"<h2><strong>Banc berb\u00e8re marocain au tressage contemporain<\/strong><\/h2>\n<p><strong>Banquette marocaine<\/strong> dont l&rsquo;assise est tress\u00e9e en corde fabriqu\u00e9e \u00e0 partir de fibres de palmier. La structure est en bois de laurier est ponc\u00e9e \u00e0 la main. Minimaliste et traditionnel \u00e0 la fois, le long si\u00e8ge est la <a href=\"\/fr\/tabouret-berbere-beldi\/\" target=\"_blank\" rel=\"noopener\">version moderne des tabourets et bancs marocains.<\/a> Le tressage quadrill\u00e9 est large et a\u00e9r\u00e9e, mais aussi doubl\u00e9 pour une assise confortable.<\/p>\n<p>Le bois est naturel, d&rsquo;une teinte quasi blanche, et doux au toucher.<\/p>\n<h2>Banquette marocaine minimaliste pour une touche boh\u00e8me chic<\/h2>\n<p>En bout de lit, dans une chambre ou une salle de jeux ainsi que dans l&rsquo;entr\u00e9e, cette banquette marocaine apportera une touche boh\u00e8me et contemporaine \u00e0 la fois. Le <strong>banc en paille tress\u00e9<\/strong> est de hauteur d&rsquo;assise suffisante pour \u00eatre utilis\u00e9 \u00e0 la table de la salle \u00e0 manger. Pour plus de conseils sur la mani\u00e8re de les int\u00e9grer dans nos int\u00e9rieurs et les mod\u00e8les existants, consultez notre <a href=\"\/fr\/tabouret-berbere-beldi\/\" target=\"_blank\" rel=\"noopener\">article sur le tabouret marocain<\/a>.<\/p>\n<p>Pourquoi je l&rsquo;aime :<\/p>\n<p><strong><em>Une mani\u00e8re de tresser diff\u00e9rente pour une banquette marocaine originale<br \/>\n<\/em><\/strong><\/p>\n<p>Dimensions: 100x40xh45 cm<\/p>\n<p>Ce <strong>produit artisanal<\/strong> peut comporter certaines imperfections ou variations qui sont le garant de son authenticit\u00e9.<\/p>\n","protected":false},"excerpt":{"rendered":"<h2><strong>Banc marocain simple et \u00e9l\u00e9gant<\/strong><\/h2>\n<p>La version moderne des traditionnelles banquettes marocaines. Tressage double en corde de palmier pour un design contemporain, minimaliste et boh\u00e8me \u00e0 la fois.<\/p>\n<p>Dans l&rsquo;entr\u00e9e ou au bas du lit.<\/p>\n","protected":false},"featured_media":841,"comment_status":"open","ping_status":"closed","template":"","meta":[],"product_brand":[],"product_cat":[501,34,598],"product_tag":[464,899,80,79],"class_list":{"0":"post-838","1":"product","2":"type-product","3":"status-publish","4":"has-post-thumbnail","6":"product_cat-bancs-tabourets","7":"product_cat-assises-petit-mobilier","8":"product_cat-soldes","9":"product_tag-latitude-soft","10":"product_tag-no-us","11":"product_tag-osier","12":"product_tag-rotin","14":"first","15":"outofstock","16":"sale","17":"taxable","18":"shipping-taxable","19":"purchasable","20":"product-type-simple"},"_links":{"self":[{"href":"https:\/\/www.latitude31n.com\/fr\/wp-json\/wp\/v2\/product\/838","targetHints":{"allow":["GET"]}}],"collection":[{"href":"https:\/\/www.latitude31n.com\/fr\/wp-json\/wp\/v2\/product"}],"about":[{"href":"https:\/\/www.latitude31n.com\/fr\/wp-json\/wp\/v2\/types\/product"}],"replies":[{"embeddable":true,"href":"https:\/\/www.latitude31n.com\/fr\/wp-json\/wp\/v2\/comments?post=838"}],"wp:featuredmedia":[{"embeddable":true,"href":"https:\/\/www.latitude31n.com\/fr\/wp-json\/wp\/v2\/media\/841"}],"wp:attachment":[{"href":"https:\/\/www.latitude31n.com\/fr\/wp-json\/wp\/v2\/media?parent=838"}],"wp:term":[{"taxonomy":"product_brand","embeddable":true,"href":"https:\/\/www.latitude31n.com\/fr\/wp-json\/wp\/v2\/product_brand?post=838"},{"taxonomy":"product_cat","embeddable":true,"href":"https:\/\/www.latitude31n.com\/fr\/wp-json\/wp\/v2\/product_cat?post=838"},{"taxonomy":"product_tag","embeddable":true,"href":"https:\/\/www.latitude31n.com\/fr\/wp-json\/wp\/v2\/product_tag?post=838"}],"curies":[{"name":"wp","href":"https:\/\/api.w.org\/{rel}","templated":true}]}}