{"id":830,"date":"2021-05-28T16:05:52","date_gmt":"2021-05-28T15:05:52","guid":{"rendered":"https:\/\/www.latitude31n.com\/?post_type=product&#038;p=830"},"modified":"2025-09-23T16:42:03","modified_gmt":"2025-09-23T15:42:03","slug":"tabouret-banc-bleu-tresse-et-bois","status":"publish","type":"product","link":"https:\/\/www.latitude31n.com\/fr\/assises-petit-mobilier\/bancs-tabourets\/tabouret-banc-bleu-tresse-et-bois\/","title":{"rendered":"Tabouret banc bleu tress\u00e9 et bois"},"content":{"rendered":"<p>Petit banc en bois de laurier tress\u00e9 selon la technique Boucherouite ou Boucharouette, qui utilise le tressage de tissus ou v\u00eatements recycl\u00e9s. Ils \u00e9taient traditionnellement transform\u00e9s et utilis\u00e9s comme tapis, par les populations pauvres du Maroc. Ils sont aujourd&rsquo;hui tr\u00e8s appr\u00e9ci\u00e9s car leur <strong>tissage<\/strong> est toujours <strong>vibrant et unique<\/strong>.<\/p>\n<p>Il semble id\u00e9al pour une <strong>chambre d&rsquo;enfant<\/strong>, gr\u00e2ce \u00e0 ses petites dimensions, mais il peut aussi s&rsquo;av\u00e9rer tr\u00e8s utile pour \u00f4ter ses chaussures <strong>dans l&rsquo;entr\u00e9e<\/strong> ou pour ajouter une <strong>touche boh\u00e8me et funky<\/strong> au salon.<\/p>\n<p>Il peut facilement \u00eatre d\u00e9plac\u00e9 \u00e0 l&rsquo;endroit o\u00f9 vous en aurez besoin, en assise d&rsquo;appoint, ou en bout de canap\u00e9, petite table pour poser votre boisson (avec plateau), livre ou t\u00e9l\u00e9phone&#8230; Pour d&rsquo;autres conseils et informations \u00e0 propos des assises marocaines, r\u00e9f\u00e9rez-vous \u00e0 notre <a href=\"\/fr\/tabouret-berbere-beldi\/\" target=\"_blank\" rel=\"noopener\">article sur les tabourets marocains<\/a>.<\/p>\n<p>Le bois de laurier est poli \u00e0 la main et doux au toucher, de couleur claire, presque blanche.<\/p>\n<p>Pourquoi je l&rsquo;aime :<\/p>\n<p><strong><em>avec ses couleurs douces, ce tabouret apportera une touche douillette . J&rsquo;aime aussi qu&rsquo;il soit r\u00e9alis\u00e9 \u00e0 partir de tissus recycl\u00e9s.<\/em><\/strong><\/p>\n<p>Dimensions : 60x30xh30<\/p>\n<p>Comme tout produit artisanal, cette assise peut comporter certaines imperfections qui sont la garantie de son authenticit\u00e9.<\/p>\n","protected":false},"excerpt":{"rendered":"<p>Petit banc marocain au tissage Boucherouite dans diff\u00e9rentes teintes de bleus. Int\u00e9grez ses couleurs douces dans votre d\u00e9co pour apporter une <strong>joyeuse touche boh\u00e8me<\/strong>.<\/p>\n","protected":false},"featured_media":836,"comment_status":"open","ping_status":"closed","template":"","meta":[],"product_brand":[],"product_cat":[501,34],"product_tag":[],"class_list":{"0":"post-830","1":"product","2":"type-product","3":"status-publish","4":"has-post-thumbnail","6":"product_cat-bancs-tabourets","7":"product_cat-assises-petit-mobilier","9":"first","10":"outofstock","11":"taxable","12":"shipping-taxable","13":"purchasable","14":"product-type-simple"},"_links":{"self":[{"href":"https:\/\/www.latitude31n.com\/fr\/wp-json\/wp\/v2\/product\/830","targetHints":{"allow":["GET"]}}],"collection":[{"href":"https:\/\/www.latitude31n.com\/fr\/wp-json\/wp\/v2\/product"}],"about":[{"href":"https:\/\/www.latitude31n.com\/fr\/wp-json\/wp\/v2\/types\/product"}],"replies":[{"embeddable":true,"href":"https:\/\/www.latitude31n.com\/fr\/wp-json\/wp\/v2\/comments?post=830"}],"wp:featuredmedia":[{"embeddable":true,"href":"https:\/\/www.latitude31n.com\/fr\/wp-json\/wp\/v2\/media\/836"}],"wp:attachment":[{"href":"https:\/\/www.latitude31n.com\/fr\/wp-json\/wp\/v2\/media?parent=830"}],"wp:term":[{"taxonomy":"product_brand","embeddable":true,"href":"https:\/\/www.latitude31n.com\/fr\/wp-json\/wp\/v2\/product_brand?post=830"},{"taxonomy":"product_cat","embeddable":true,"href":"https:\/\/www.latitude31n.com\/fr\/wp-json\/wp\/v2\/product_cat?post=830"},{"taxonomy":"product_tag","embeddable":true,"href":"https:\/\/www.latitude31n.com\/fr\/wp-json\/wp\/v2\/product_tag?post=830"}],"curies":[{"name":"wp","href":"https:\/\/api.w.org\/{rel}","templated":true}]}}