{"id":821,"date":"2021-05-28T16:01:22","date_gmt":"2021-05-28T15:01:22","guid":{"rendered":"https:\/\/www.latitude31n.com\/?post_type=product&#038;p=821"},"modified":"2026-02-04T14:17:10","modified_gmt":"2026-02-04T13:17:10","slug":"ancien-piquet-de-tente-touareg","status":"publish","type":"product","link":"https:\/\/www.latitude31n.com\/fr\/decoration-maison\/objets-decoratifs\/ancien-piquet-de-tente-touareg\/","title":{"rendered":"Ancien piquet de tente Touareg"},"content":{"rendered":"<h2><strong>Objet d&rsquo;art tribal du Sahara<\/strong><\/h2>\n<p><a href=\"\/fr\/piquets-tente-touareg\/\" target=\"_blank\" rel=\"noopener\">Ces anciens piquets de tente Touareg en bois grav\u00e9<\/a>, utilis\u00e9s par les tribus nomades du sud Marocain, du Mali ou de la Mauritanie servaient aussi de pied de palanquin (selle du chameau). La selle avait 4 pieds. Lors des arr\u00eats, les nomades l&rsquo;utilisaient telle une table.<\/p>\n<p>Ces ouvrages utilitaires en bois grav\u00e9 de motifs g\u00e9om\u00e9triques deviennent aujourd&rsquo;hui des objets tribaux anciens et des ornements d\u00e9coratifs recherch\u00e9s pour leur unicit\u00e9 (chaque tribu sculptait ses propres motifs) et leur ethnicit\u00e9. Les dessins sculpt\u00e9s apportent un plus \u00e0 ce magnifique <strong data-start=\"1670\" data-end=\"1700\">objet tribal de collection<\/strong>, devenu une v\u00e9ritable pi\u00e8ce d\u00e9corative.<\/p>\n<h2>D\u00e9co ethnique et africaine<\/h2>\n<p>Fabriqu\u00e9 par les hommes bleus du d\u00e9sert du Sahara, cet <strong data-start=\"2164\" data-end=\"2187\">objet d\u00e9co ethnique<\/strong> fait main apportera authenticit\u00e9 et une tr\u00e8s belle touche ethnique et vintage \u00e0 votre int\u00e9rieur.<\/p>\n<p>Pourquoi je les aime :<\/p>\n<p><em><strong>J&rsquo;aime les objets anciens, leurs d\u00e9fauts et leurs patines qui trahissent leur pass\u00e9. Particuli\u00e8rement les r\u00e9alisations na\u00efves ou primitives que les cr\u00e9ateurs ont fa\u00e7onn\u00e9s pour leur usage et plaisir personnel. Ces artistes anonymes que nous ne conna\u00eetrons jamais mais qui restent \u00e9ternels gr\u00e2ce \u00e0 leurs oeuvres.<\/strong><\/em><\/p>\n<p>Dimensions : H75cm (socle 16x16cm)\u00a0 <a href=\"\/fr\/decoration-maison\/objets-decoratifs\/objet-decoratif-art-et-artisanat-touareg-en-bois\/\" target=\"_blank\" rel=\"noopener\">D&rsquo;autres mod\u00e8les sont pr\u00e9sent\u00e9s sur socle<\/a>.<\/p>\n<p>Comme tout <strong>objet ancien et artisanal<\/strong>, il peut comporter certaines imperfections qui sont la garantie de son authenticit\u00e9 et de son \u00e2ge.<\/p>\n","protected":false},"excerpt":{"rendered":"<p>Magnifique <strong data-start=\"2920\" data-end=\"2943\">objet tribal ancien<\/strong>, le piquet de tente Touareg en bois grav\u00e9 apporte une touche ethnique et vintage \u00e0 votre int\u00e9rieur.<\/p>\n<ul>\n<li>Objet d\u00e9coratif d&rsquo;art tribal ancien<\/li>\n<li>Origine : Sud Marocain, Mali, Mauritanie, Sahara<\/li>\n<li>Dimensions : H75cm (socle 16x16cm)<\/li>\n<\/ul>\n<h3>Pour une d\u00e9coration inspir\u00e9e du voyage, entre d\u00e9co africaine et esprit boh\u00e8me.<\/h3>\n","protected":false},"featured_media":35256,"comment_status":"open","ping_status":"closed","template":"","meta":[],"product_brand":[],"product_cat":[473,467],"product_tag":[116,587,459,899],"class_list":{"0":"post-821","1":"product","2":"type-product","3":"status-publish","4":"has-post-thumbnail","6":"product_cat-objets-decoratifs","7":"product_cat-decoration-maison","8":"product_tag-afrique","9":"product_tag-art-africain","10":"product_tag-latitude-ethnique","11":"product_tag-no-us","13":"first","14":"instock","15":"taxable","16":"shipping-taxable","17":"purchasable","18":"product-type-simple"},"_links":{"self":[{"href":"https:\/\/www.latitude31n.com\/fr\/wp-json\/wp\/v2\/product\/821","targetHints":{"allow":["GET"]}}],"collection":[{"href":"https:\/\/www.latitude31n.com\/fr\/wp-json\/wp\/v2\/product"}],"about":[{"href":"https:\/\/www.latitude31n.com\/fr\/wp-json\/wp\/v2\/types\/product"}],"replies":[{"embeddable":true,"href":"https:\/\/www.latitude31n.com\/fr\/wp-json\/wp\/v2\/comments?post=821"}],"wp:featuredmedia":[{"embeddable":true,"href":"https:\/\/www.latitude31n.com\/fr\/wp-json\/wp\/v2\/media\/35256"}],"wp:attachment":[{"href":"https:\/\/www.latitude31n.com\/fr\/wp-json\/wp\/v2\/media?parent=821"}],"wp:term":[{"taxonomy":"product_brand","embeddable":true,"href":"https:\/\/www.latitude31n.com\/fr\/wp-json\/wp\/v2\/product_brand?post=821"},{"taxonomy":"product_cat","embeddable":true,"href":"https:\/\/www.latitude31n.com\/fr\/wp-json\/wp\/v2\/product_cat?post=821"},{"taxonomy":"product_tag","embeddable":true,"href":"https:\/\/www.latitude31n.com\/fr\/wp-json\/wp\/v2\/product_tag?post=821"}],"curies":[{"name":"wp","href":"https:\/\/api.w.org\/{rel}","templated":true}]}}