{"id":801,"date":"2021-05-28T15:53:59","date_gmt":"2021-05-28T14:53:59","guid":{"rendered":"https:\/\/www.latitude31n.com\/?post_type=product&#038;p=801"},"modified":"2025-12-04T12:04:31","modified_gmt":"2025-12-04T11:04:31","slug":"echelle-decorative-en-bois","status":"publish","type":"product","link":"https:\/\/www.latitude31n.com\/fr\/decoration-maison\/objets-decoratifs\/echelle-decorative-en-bois\/","title":{"rendered":"Echelle d\u00e9corative en bois"},"content":{"rendered":"<h2>\u00c9chelle d\u00e9corative aux lignes minimalistes<\/h2>\n<p>en bois de laurier, de tr\u00e8s belle couleur blanche.<\/p>\n<p>A poser contre un mur, elle accueille serviettes, plaids, \u00e9charpes, guirlandes ou baladeuses, v\u00eatements, plantes suspendues, magazines, cadres photo&#8230; les usages sont multiples, faites appel \u00e0 votre cr\u00e9ativit\u00e9. Je l&rsquo;ai parfois utilis\u00e9 <a href=\"\/fr\/deco-noel-boheme\/\" target=\"_blank\" rel=\"noopener\">comme un sapin de No\u00ebl<\/a>, un d\u00e9tournement sympa et \u00e9cologique. Ou la laisser dehors comme support pour une plante grimpante.<\/p>\n<p>L&rsquo;\u00e9chelle d\u00e9corative personnalise et compl\u00e8te une d\u00e9coration, qu&rsquo;elle soit boh\u00e8me ou contemporaine.<\/p>\n<h2>Echelle en bois brut ou peint<\/h2>\n<p>Enti\u00e8rement fabriqu\u00e9e et ponc\u00e9e \u00e0 la main, l&rsquo;\u00e9chelle en bois clair est brute, sans vernis, et peut donc \u00eatre teint\u00e9e ou peinte selon les envies.<\/p>\n<p>Pourquoi je l&rsquo;aime :<\/p>\n<p><strong><em>Le bois est simple et brut, l&rsquo;\u00e9chelle est pure et douce. Elle ne prend pas beaucoup de place et devient vite indispensable, que ce soit pour le rangement ou la d\u00e9co.<\/em><\/strong><\/p>\n<p>Comme sur notre photo, elle s&rsquo;associe tr\u00e8s bien dans les tons et les mati\u00e8res naturelles avec <a href=\"\/fr\/paniers-rangements\/teintes-naturelles\/panier-linge-osier-palmier\/\" target=\"_blank\" rel=\"noopener\">notre panier \u00e0 linge<\/a>.<\/p>\n<p>Dimensions : 150x42cm<\/p>\n<p>Issue de l&rsquo;artisanat marocain, l&rsquo;\u00e9chelle peut comporter certaines imperfections qui garantissent son authenticit\u00e9 et ajoutent au charme de l&rsquo;objet.<\/p>\n","protected":false},"excerpt":{"rendered":"<p>L&rsquo;\u00e9chelle en bois fabriqu\u00e9e au Maroc devient vite indispensable avec son style \u00e9pur\u00e9e minimaliste et le charme du fait main.<\/p>\n<p>L&rsquo;avis de Marl\u00e8ne : \u00ab\u00a0Et surtout j\u2019aime beaucoup ses irr\u00e9gularit\u00e9s qui la rende singuli\u00e8re et fasse ressortir le charme artisanal.\u00a0\u00bb<\/p>\n","protected":false},"featured_media":812,"comment_status":"open","ping_status":"closed","template":"","meta":[],"product_brand":[],"product_cat":[473,39,467],"product_tag":[81,464,237,899,294,293],"class_list":{"0":"post-801","1":"product","2":"type-product","3":"status-publish","4":"has-post-thumbnail","6":"product_cat-objets-decoratifs","7":"product_cat-de-tout-et-de-rien","8":"product_cat-decoration-maison","9":"product_tag-bambou","10":"product_tag-latitude-soft","11":"product_tag-minimaliste","12":"product_tag-no-us","13":"product_tag-portant","14":"product_tag-porte-plantes","16":"first","17":"instock","18":"taxable","19":"shipping-taxable","20":"purchasable","21":"product-type-simple"},"_links":{"self":[{"href":"https:\/\/www.latitude31n.com\/fr\/wp-json\/wp\/v2\/product\/801","targetHints":{"allow":["GET"]}}],"collection":[{"href":"https:\/\/www.latitude31n.com\/fr\/wp-json\/wp\/v2\/product"}],"about":[{"href":"https:\/\/www.latitude31n.com\/fr\/wp-json\/wp\/v2\/types\/product"}],"replies":[{"embeddable":true,"href":"https:\/\/www.latitude31n.com\/fr\/wp-json\/wp\/v2\/comments?post=801"}],"wp:featuredmedia":[{"embeddable":true,"href":"https:\/\/www.latitude31n.com\/fr\/wp-json\/wp\/v2\/media\/812"}],"wp:attachment":[{"href":"https:\/\/www.latitude31n.com\/fr\/wp-json\/wp\/v2\/media?parent=801"}],"wp:term":[{"taxonomy":"product_brand","embeddable":true,"href":"https:\/\/www.latitude31n.com\/fr\/wp-json\/wp\/v2\/product_brand?post=801"},{"taxonomy":"product_cat","embeddable":true,"href":"https:\/\/www.latitude31n.com\/fr\/wp-json\/wp\/v2\/product_cat?post=801"},{"taxonomy":"product_tag","embeddable":true,"href":"https:\/\/www.latitude31n.com\/fr\/wp-json\/wp\/v2\/product_tag?post=801"}],"curies":[{"name":"wp","href":"https:\/\/api.w.org\/{rel}","templated":true}]}}