{"id":783,"date":"2021-05-28T12:34:06","date_gmt":"2021-05-28T11:34:06","guid":{"rendered":"https:\/\/www.latitude31n.com\/?post_type=product&#038;p=783"},"modified":"2026-04-06T08:56:07","modified_gmt":"2026-04-06T07:56:07","slug":"coffre-rangement-osier-palmier","status":"publish","type":"product","link":"https:\/\/www.latitude31n.com\/fr\/deco-enfant\/coffre-rangement-osier-palmier\/","title":{"rendered":"Malle de rangement ou coffre jouets"},"content":{"rendered":"<h2><strong>Malle de rangement en fibres naturelles :<\/strong><\/h2>\n<p>En osier et palmier, le <strong>coffre \u00e0 jouets<\/strong> est tress\u00e9 main par des artisans au Maroc. La teinte est douce, presque blanche, pour un look minimaliste, scandinave et boh\u00e8me chic. Pratique dans une chambre d&rsquo;enfants, comme coffre \u00e0 jouets, dans une chambre, pour ranger draps ou plaids, les utilisations sont multiples.<\/p>\n<p>Son design minimaliste et a\u00e9r\u00e9, avec un tressage large, apporte une touche douce et boh\u00e8me \u00e0 l\u2019espace. Chaque pi\u00e8ce est soigneusement tress\u00e9e \u00e0 la main, m\u00ealant praticit\u00e9 et artisanat authentique.<\/p>\n<h2><strong>Coffre \u00e0 jouets simple et s\u00e9curis\u00e9<\/strong><\/h2>\n<p>Ce coffre en osier n&rsquo;a pas d&rsquo;ar\u00eates dures et le couvercle est l\u00e9ger, ce qui en fait un meuble id\u00e9al pour les enfants.<\/p>\n<p>Il poss\u00e8de 2 anses qui permettent de le manipuler facilement, et la fermeture se fait par 2 gros boutons tr\u00e8s \u00e9l\u00e9gants.<\/p>\n<p>On aime :<\/p>\n<p><strong><em>la mati\u00e8re l\u00e9g\u00e8re et la couleur neutre.<br \/>\nL&rsquo;avis de Lizzie :\u00a0\u00bb [L&rsquo;]espace de jeu [de mon fils] se trouve dans notre salon, je voulais donc quelque chose qui s&rsquo;harmonise avec notre d\u00e9co\u00a0\u00bb<br \/>\n<\/em><\/strong><\/p>\n<p>Dans la m\u00eame mati\u00e8re et le m\u00eame tressage a\u00e9r\u00e9 existe \u00e9galement le <a href=\"\/fr\/paniers-rangements\/teintes-naturelles\/panier-linge-osier-palmier\/\" target=\"_blank\" rel=\"noopener\">panier \u00e0 linge<\/a>.<\/p>\n<p>Dimensions :<\/p>\n<p>60x35xh33 cm<\/p>\n<p>80x35xh32 cm<\/p>\n<p>avec marge de plus ou moins 3 cm<\/p>\n<p>Comme tout produit artisanal, il peut exister certaines imperfections ou variations qui sont la garantie de son authenticit\u00e9.<\/p>\n","protected":false},"excerpt":{"rendered":"<p>On l\u2019adore dans une chambre d\u2019enfant : l\u00e9g\u00e8re, sans coins rigides, cette malle en fibres naturelles est \u00e0 la fois pratique et pleine de charme. Son tressage large et a\u00e9r\u00e9 lui donne un look minimaliste, boh\u00e8me, facile \u00e0 int\u00e9grer dans n\u2019importe quel univers d\u00e9co.<\/p>\n<ul>\n<li>En doum clair<\/li>\n<li>2 tailles : 60 et 80cm de long (d\u00e9tails dans la description longue)<\/li>\n<li>en option : pompons ou pompons glands<\/li>\n<li>possibilit\u00e9 de personnaliser (\u00e9criture)<\/li>\n<\/ul>\n<p>&nbsp;<\/p>\n","protected":false},"featured_media":9885,"comment_status":"open","ping_status":"closed","template":"","meta":[],"product_brand":[],"product_cat":[892,28,634],"product_tag":[239,245,108,109,464,149,82,79],"class_list":{"0":"post-783","1":"product","2":"type-product","3":"status-publish","4":"has-post-thumbnail","6":"product_cat-deco-enfant","7":"product_cat-paniers-rangements","8":"product_cat-teintes-naturelles","9":"product_tag-boite-jouets","10":"product_tag-cadeau-bebe","11":"product_tag-chambre-denfant","12":"product_tag-chambre-de-bebe","13":"product_tag-latitude-soft","14":"product_tag-rangement","15":"product_tag-raphia","16":"product_tag-rotin","18":"first","19":"onbackorder","20":"taxable","21":"shipping-taxable","22":"purchasable","23":"product-type-variable"},"_links":{"self":[{"href":"https:\/\/www.latitude31n.com\/fr\/wp-json\/wp\/v2\/product\/783","targetHints":{"allow":["GET"]}}],"collection":[{"href":"https:\/\/www.latitude31n.com\/fr\/wp-json\/wp\/v2\/product"}],"about":[{"href":"https:\/\/www.latitude31n.com\/fr\/wp-json\/wp\/v2\/types\/product"}],"replies":[{"embeddable":true,"href":"https:\/\/www.latitude31n.com\/fr\/wp-json\/wp\/v2\/comments?post=783"}],"wp:featuredmedia":[{"embeddable":true,"href":"https:\/\/www.latitude31n.com\/fr\/wp-json\/wp\/v2\/media\/9885"}],"wp:attachment":[{"href":"https:\/\/www.latitude31n.com\/fr\/wp-json\/wp\/v2\/media?parent=783"}],"wp:term":[{"taxonomy":"product_brand","embeddable":true,"href":"https:\/\/www.latitude31n.com\/fr\/wp-json\/wp\/v2\/product_brand?post=783"},{"taxonomy":"product_cat","embeddable":true,"href":"https:\/\/www.latitude31n.com\/fr\/wp-json\/wp\/v2\/product_cat?post=783"},{"taxonomy":"product_tag","embeddable":true,"href":"https:\/\/www.latitude31n.com\/fr\/wp-json\/wp\/v2\/product_tag?post=783"}],"curies":[{"name":"wp","href":"https:\/\/api.w.org\/{rel}","templated":true}]}}