{"id":776,"date":"2021-05-28T12:24:20","date_gmt":"2021-05-28T11:24:20","guid":{"rendered":"https:\/\/www.latitude31n.com\/?post_type=product&#038;p=776"},"modified":"2026-03-12T14:37:49","modified_gmt":"2026-03-12T13:37:49","slug":"range-couvert","status":"publish","type":"product","link":"https:\/\/www.latitude31n.com\/fr\/arts-table\/range-couvert\/","title":{"rendered":"Range-couverts crochet\u00e9 \u00e0 la main"},"content":{"rendered":"<h2>Magnifique rangement pour couverts en dentelle de raphia.<\/h2>\n<p>R\u00e9alis\u00e9 au crochet par les femmes d&rsquo;un village proche de Marrakech, ce rangement de tiroir est si d\u00e9licat et \u00e9l\u00e9gant que vous pouvez facilement le laisser \u00e0 la vue de tous.<\/p>\n<p>Cet organiseur de tiroir vous permet de ranger vos couverts de cuisine du quotidien ou votre pr\u00e9cieuse argenterie. Le plateau comporte quatre compartiments pour s\u00e9parer vos couverts.<\/p>\n<h2>Un artisanat berb\u00e8re de qualit\u00e9<\/h2>\n<p>Le tressage minutieux et serr\u00e9 en fibres naturelles permet d&rsquo;apporter une touche boh\u00e8me chic et naturelle dans votre cuisine ou salle \u00e0 manger.<\/p>\n<p>Pourquoi je l&rsquo;aime :<\/p>\n<p><em><strong>Un ouvrage magnifique! et de tr\u00e8s belle qualit\u00e9.<\/strong><\/em><\/p>\n<p>Dimensions : 28x34xh6 cm<\/p>\n<p>C&rsquo;est un produit artisanal qui peut comporter certaines imperfections qui sont la garantie de son authenticit\u00e9 et du travail manuel.<\/p>\n","protected":false},"excerpt":{"rendered":"<p>R\u00e9alis\u00e9 au crochet, ce rangement de tiroir est si d\u00e9licat et \u00e9l\u00e9gant que vous pouvez facilement le laisser \u00e0 la vue de tous.<\/p>\n","protected":false},"featured_media":781,"comment_status":"open","ping_status":"closed","template":"","meta":[],"product_brand":[],"product_cat":[27],"product_tag":[130,129,128,464,82],"class_list":{"0":"post-776","1":"product","2":"type-product","3":"status-publish","4":"has-post-thumbnail","6":"product_cat-arts-table","7":"product_tag-art-de-la-table","8":"product_tag-cadeau-femme","9":"product_tag-cadeau-pour-elle","10":"product_tag-latitude-soft","11":"product_tag-raphia","13":"first","14":"outofstock","15":"taxable","16":"shipping-taxable","17":"purchasable","18":"product-type-simple"},"_links":{"self":[{"href":"https:\/\/www.latitude31n.com\/fr\/wp-json\/wp\/v2\/product\/776","targetHints":{"allow":["GET"]}}],"collection":[{"href":"https:\/\/www.latitude31n.com\/fr\/wp-json\/wp\/v2\/product"}],"about":[{"href":"https:\/\/www.latitude31n.com\/fr\/wp-json\/wp\/v2\/types\/product"}],"replies":[{"embeddable":true,"href":"https:\/\/www.latitude31n.com\/fr\/wp-json\/wp\/v2\/comments?post=776"}],"wp:featuredmedia":[{"embeddable":true,"href":"https:\/\/www.latitude31n.com\/fr\/wp-json\/wp\/v2\/media\/781"}],"wp:attachment":[{"href":"https:\/\/www.latitude31n.com\/fr\/wp-json\/wp\/v2\/media?parent=776"}],"wp:term":[{"taxonomy":"product_brand","embeddable":true,"href":"https:\/\/www.latitude31n.com\/fr\/wp-json\/wp\/v2\/product_brand?post=776"},{"taxonomy":"product_cat","embeddable":true,"href":"https:\/\/www.latitude31n.com\/fr\/wp-json\/wp\/v2\/product_cat?post=776"},{"taxonomy":"product_tag","embeddable":true,"href":"https:\/\/www.latitude31n.com\/fr\/wp-json\/wp\/v2\/product_tag?post=776"}],"curies":[{"name":"wp","href":"https:\/\/api.w.org\/{rel}","templated":true}]}}