{"id":772,"date":"2021-05-28T12:18:15","date_gmt":"2021-05-28T11:18:15","guid":{"rendered":"https:\/\/www.latitude31n.com\/?post_type=product&#038;p=772"},"modified":"2025-05-19T17:05:22","modified_gmt":"2025-05-19T16:05:22","slug":"trophee-tete-brebis","status":"publish","type":"product","link":"https:\/\/www.latitude31n.com\/fr\/trophees-tetes-animaux\/trophee-tete-brebis\/","title":{"rendered":"Troph\u00e9e t\u00eate de brebis tress\u00e9e"},"content":{"rendered":"<h2>Mignonne t\u00eate d&rsquo;animal en paille : le mouton<\/h2>\n<p>Cette fausse t\u00eate repr\u00e9sentant Madame mouton, la brebis, est la d\u00e9coration humoristique id\u00e9ale pour faire plaisir \u00e0 vos enfants ou susciter une r\u00e9action de vos invit\u00e9s. Malgr\u00e9 sa simplicit\u00e9 assum\u00e9e, elle fait de l&rsquo;effet o\u00f9 qu&rsquo;elle soit plac\u00e9. Tr\u00e8s sympa sur un mur de cadres, elle apportera du relief \u00e0 un mur un peu plat.<\/p>\n<h2>Faux troph\u00e9e mural en mati\u00e8res naturelles<\/h2>\n<p>Elle convient pour une chambre d&rsquo;enfant, car tout est naturel. Id\u00e9al pour d\u00e9corer sa chambre sur le th\u00e8me des animaux de la ferme. Et bien s\u00fbr, dans une bergerie, dans une ferme ou une maison de campagne, o\u00f9 elle trouvera un \u00e9crin naturel. Tandis que dans un environnement urbain, elle apportera une touche d\u00e9cal\u00e9e et naturelle.<\/p>\n<p>Pourquoi je l&rsquo;aime :<\/p>\n<p><strong><em>Cette t\u00eate de brebis est attendrissante avec ses petites oreilles.<\/em><\/strong><\/p>\n<p>Dimensions : 33x26x13 cm<\/p>\n<p>On peut l&rsquo; accrocher tel quel, avec un crochet L, et la t\u00eate semble tout droit sortir du mur.<\/p>\n<p>Ce produit artisanal, fait \u00e0 la main au Maroc, peut comporter certaines imperfections qui sont le t\u00e9moin de la main de l&rsquo;homme. Ils sont tous uniques, et peuvent avoir un design l\u00e9g\u00e8rement diff\u00e9rent.<\/p>\n<p>Ils sont fabriqu\u00e9s \u00e0 partir d&rsquo;une plante r\u00e9sistante appel\u00e9e <em>doum<\/em>, alfa ou esparto, de la famille du rotin, osier ou bambou. La fibre peut avoir des nuances diff\u00e9rentes selon la p\u00e9riode o\u00f9 elle a \u00e9t\u00e9 cueilli (pluie, s\u00e9cheresse..). Elle est souvent verte lorsqu&rsquo;elle vient d&rsquo;\u00eatre cueillie, mais la fibre jaunira avec le temps. Pour acc\u00e9l\u00e9rer le jaunissement, vous pouvez laisser la t\u00eate au soleil.<\/p>\n<p>Pour plus de conseils et de renseignements, consultez notre article sur le <a href=\"\/fr\/doum-presentation-conseils-entretien\/\" target=\"_blank\" rel=\"noopener\"><em>doum<\/em><\/a>.<\/p>\n<p>&nbsp;<\/p>\n<p>&nbsp;<\/p>\n","protected":false},"excerpt":{"rendered":"<p>Madame mouton, toute simple et mignonne, saura trouver sa place sur le mur de la chambre de votre enfant. En fibres naturelles v\u00e9g\u00e9tales, la d\u00e9coration murale apporte de la texture \u00e0 une d\u00e9coration.<\/p>\n","protected":false},"featured_media":773,"comment_status":"open","ping_status":"closed","template":"","meta":[],"product_brand":[],"product_cat":[24],"product_tag":[276,108,109,82],"class_list":{"0":"post-772","1":"product","2":"type-product","3":"status-publish","4":"has-post-thumbnail","6":"product_cat-trophees-tetes-animaux","7":"product_tag-art-mural","8":"product_tag-chambre-denfant","9":"product_tag-chambre-de-bebe","10":"product_tag-raphia","12":"first","13":"instock","14":"taxable","15":"shipping-taxable","16":"purchasable","17":"product-type-simple"},"_links":{"self":[{"href":"https:\/\/www.latitude31n.com\/fr\/wp-json\/wp\/v2\/product\/772","targetHints":{"allow":["GET"]}}],"collection":[{"href":"https:\/\/www.latitude31n.com\/fr\/wp-json\/wp\/v2\/product"}],"about":[{"href":"https:\/\/www.latitude31n.com\/fr\/wp-json\/wp\/v2\/types\/product"}],"replies":[{"embeddable":true,"href":"https:\/\/www.latitude31n.com\/fr\/wp-json\/wp\/v2\/comments?post=772"}],"wp:featuredmedia":[{"embeddable":true,"href":"https:\/\/www.latitude31n.com\/fr\/wp-json\/wp\/v2\/media\/773"}],"wp:attachment":[{"href":"https:\/\/www.latitude31n.com\/fr\/wp-json\/wp\/v2\/media?parent=772"}],"wp:term":[{"taxonomy":"product_brand","embeddable":true,"href":"https:\/\/www.latitude31n.com\/fr\/wp-json\/wp\/v2\/product_brand?post=772"},{"taxonomy":"product_cat","embeddable":true,"href":"https:\/\/www.latitude31n.com\/fr\/wp-json\/wp\/v2\/product_cat?post=772"},{"taxonomy":"product_tag","embeddable":true,"href":"https:\/\/www.latitude31n.com\/fr\/wp-json\/wp\/v2\/product_tag?post=772"}],"curies":[{"name":"wp","href":"https:\/\/api.w.org\/{rel}","templated":true}]}}