{"id":7686,"date":"2021-12-01T23:13:52","date_gmt":"2021-12-01T22:13:52","guid":{"rendered":"https:\/\/www.latitude31n.com\/?post_type=product&#038;p=7686"},"modified":"2025-10-30T19:21:34","modified_gmt":"2025-10-30T18:21:34","slug":"ancien-saladier-bois","status":"publish","type":"product","link":"https:\/\/www.latitude31n.com\/fr\/decoration-maison\/objets-decoratifs\/ancien-saladier-bois\/","title":{"rendered":"Ancien saladier Touareg en bois"},"content":{"rendered":"<h2>Grand bol wabi-sabi (sud Maroc).<\/h2>\n<p>Le saladier ancien est en bois et porte des traces d&rsquo;usure. Une craquelure a \u00e9t\u00e9 r\u00e9par\u00e9e \u00e0 l&rsquo;aide de petites plaques de cuivre, dans l&rsquo;esprit de l&rsquo;art japonais Kintsugi.<\/p>\n<p>L&rsquo;int\u00e9rieur est <strong>peint \u00e0 main lev\u00e9e<\/strong> de motifs g\u00e9om\u00e9triques rouges, jaunes et blancs. On aper\u00e7oit une r\u00e9paration grossi\u00e8re au fond du plat. L&rsquo;ext\u00e9rieur est grav\u00e9 de motifs berb\u00e8res.<\/p>\n<p>Cet objet unique et primitif apportera une <strong>touche wabi-sabi, vintage et ethnique<\/strong>. C&rsquo;est un <strong>voyage au pays des nomades.<\/strong><\/p>\n<p>Pourquoi je l&rsquo;aime :<\/p>\n<p><strong><em>C&rsquo;est un objet exceptionnel, une pi\u00e8ce rare et unique qui nous raconte son histoire \u00e0 travers les marques du temps.<\/em><\/strong><\/p>\n<p>Dimensions : 30xh16 cm<\/p>\n<p>Ce saladier est fait \u00e0 la main et ancien, il comporte des imperfections qui garantissent son authenticit\u00e9 et en font tout le charme.<\/p>\n","protected":false},"excerpt":{"rendered":"<p>Grand bol primitif grav\u00e9 dont l&rsquo;int\u00e9rieur est peint \u00e0 main lev\u00e9e de motifs g\u00e9om\u00e9triques. <strong>Une pi\u00e8ce exceptionnelle pour une touche wabi-sabi, ethnique et vintage.<\/strong><\/p>\n<p><strong>Livraison gratuite Europe et Am\u00e9rique du Nord.<\/strong><\/p>\n<p>&nbsp;<\/p>\n","protected":false},"featured_media":13608,"comment_status":"open","ping_status":"closed","template":"","meta":[],"product_brand":[],"product_cat":[473,467,27],"product_tag":[566,459,465,899,423,326,274,568],"class_list":{"0":"post-7686","1":"product","2":"type-product","3":"status-publish","4":"has-post-thumbnail","6":"product_cat-objets-decoratifs","7":"product_cat-decoration-maison","8":"product_cat-arts-table","9":"product_tag-art-primitif","10":"product_tag-latitude-ethnique","11":"product_tag-latitude-vintage","12":"product_tag-no-us","13":"product_tag-nomade","14":"product_tag-piece-unique","15":"product_tag-touareg","16":"product_tag-wabi-sabi","18":"first","19":"instock","20":"taxable","21":"shipping-taxable","22":"purchasable","23":"product-type-simple"},"_links":{"self":[{"href":"https:\/\/www.latitude31n.com\/fr\/wp-json\/wp\/v2\/product\/7686","targetHints":{"allow":["GET"]}}],"collection":[{"href":"https:\/\/www.latitude31n.com\/fr\/wp-json\/wp\/v2\/product"}],"about":[{"href":"https:\/\/www.latitude31n.com\/fr\/wp-json\/wp\/v2\/types\/product"}],"replies":[{"embeddable":true,"href":"https:\/\/www.latitude31n.com\/fr\/wp-json\/wp\/v2\/comments?post=7686"}],"wp:featuredmedia":[{"embeddable":true,"href":"https:\/\/www.latitude31n.com\/fr\/wp-json\/wp\/v2\/media\/13608"}],"wp:attachment":[{"href":"https:\/\/www.latitude31n.com\/fr\/wp-json\/wp\/v2\/media?parent=7686"}],"wp:term":[{"taxonomy":"product_brand","embeddable":true,"href":"https:\/\/www.latitude31n.com\/fr\/wp-json\/wp\/v2\/product_brand?post=7686"},{"taxonomy":"product_cat","embeddable":true,"href":"https:\/\/www.latitude31n.com\/fr\/wp-json\/wp\/v2\/product_cat?post=7686"},{"taxonomy":"product_tag","embeddable":true,"href":"https:\/\/www.latitude31n.com\/fr\/wp-json\/wp\/v2\/product_tag?post=7686"}],"curies":[{"name":"wp","href":"https:\/\/api.w.org\/{rel}","templated":true}]}}