{"id":768,"date":"2021-05-28T12:07:05","date_gmt":"2021-05-28T11:07:05","guid":{"rendered":"https:\/\/www.latitude31n.com\/?post_type=product&#038;p=768"},"modified":"2025-10-02T17:07:16","modified_gmt":"2025-10-02T16:07:16","slug":"trophee-gazelle-tressee","status":"publish","type":"product","link":"https:\/\/www.latitude31n.com\/fr\/trophees-tetes-animaux\/trophee-gazelle-tressee\/","title":{"rendered":"Troph\u00e9e t\u00eate de gazelle tress\u00e9e"},"content":{"rendered":"<h2><strong>T\u00eate murale forme gazelle\u00a0<\/strong><\/h2>\n<p>Cette fausse t\u00eate de gazelle tress\u00e9e \u00e0 la main en alfa (<a href=\"\/fr\/doum-presentation-conseils-entretien\/\" target=\"_blank\" rel=\"noopener\"><em>doum<\/em><\/a>), plante vivace naturelle, \u00e9gayera des murs trop \u00ab\u00a0plats\u00a0\u00bb et apportera une touche d&rsquo;humour affirm\u00e9e \u00e0 nos int\u00e9rieurs. Totalement \u00e9cologique, elle apporte une touche naturelle et boh\u00e8me tout en amusant vos enfants ou vos invit\u00e9s.<\/p>\n<h2>Artisanat marocain 100% fait main<\/h2>\n<p>R\u00e9alis\u00e9e de mani\u00e8re artisanale par les artisans vanniers au Maroc, elle permet par ailleurs de cr\u00e9er une d\u00e9co originale, chaleureuse et unique.<\/p>\n<p>Pourquoi je l&rsquo;aime :<\/p>\n<p><em><strong>Pour le c\u00f4t\u00e9 humoristique du troph\u00e9e d\u00e9tourn\u00e9.<\/strong><\/em><\/p>\n<p>Dimensions : 53x23x13 cm<\/p>\n<p>A accrocher tel quel, avec un crochet L, la t\u00eate troph\u00e9e donne l&rsquo;impression de sortir tout droit du mur.<\/p>\n<p>C&rsquo;est un produit fait main, les t\u00eate d&rsquo;animaux sont tous uniques, et peuvent avoir un design l\u00e9g\u00e8rement diff\u00e9rent.<\/p>\n<p>Ils sont fabriqu\u00e9s \u00e0 partir d&rsquo;une plante r\u00e9sistante appel\u00e9e alfa ou esparto, qui peut avoir une teinte ou des nuances diff\u00e9rentes selon la p\u00e9riode o\u00f9 elle a \u00e9t\u00e9 cueilli (pluie, s\u00e9cheresse..). Elle est souvent verte lorsqu&rsquo;elle vient d&rsquo;\u00eatre cueillie, mais la fibre jaunira avec le temps. Pour acc\u00e9l\u00e9rer le jaunissement, vous pouvez laisser la t\u00eate au soleil.<\/p>\n<p>Plus d&rsquo;information et de conseils sur la <a href=\"\/fr\/doum-presentation-conseils-entretien\/\" target=\"_blank\" rel=\"noopener\">fibre naturelle <em>doum<\/em><\/a> sur notre blog.<\/p>\n<p>&nbsp;<\/p>\n","protected":false},"excerpt":{"rendered":"<p>T\u00eate d&rsquo;animal en mati\u00e8res naturelles tress\u00e9es au Maroc, elle est fine et d&rsquo;une <strong>\u00e9l\u00e9gante simplicit\u00e9<\/strong> qui s&rsquo;int\u00e8gre facilement dans tout univers.<\/p>\n","protected":false},"featured_media":769,"comment_status":"open","ping_status":"closed","template":"","meta":[],"product_brand":[],"product_cat":[24],"product_tag":[110,87,108,109,73,80,82,79],"class_list":{"0":"post-768","1":"product","2":"type-product","3":"status-publish","4":"has-post-thumbnail","6":"product_cat-trophees-tetes-animaux","7":"product_tag-animaux","8":"product_tag-boheme","9":"product_tag-chambre-denfant","10":"product_tag-chambre-de-bebe","11":"product_tag-enfant","12":"product_tag-osier","13":"product_tag-raphia","14":"product_tag-rotin","16":"first","17":"outofstock","18":"taxable","19":"shipping-taxable","20":"purchasable","21":"product-type-simple"},"_links":{"self":[{"href":"https:\/\/www.latitude31n.com\/fr\/wp-json\/wp\/v2\/product\/768","targetHints":{"allow":["GET"]}}],"collection":[{"href":"https:\/\/www.latitude31n.com\/fr\/wp-json\/wp\/v2\/product"}],"about":[{"href":"https:\/\/www.latitude31n.com\/fr\/wp-json\/wp\/v2\/types\/product"}],"replies":[{"embeddable":true,"href":"https:\/\/www.latitude31n.com\/fr\/wp-json\/wp\/v2\/comments?post=768"}],"wp:featuredmedia":[{"embeddable":true,"href":"https:\/\/www.latitude31n.com\/fr\/wp-json\/wp\/v2\/media\/769"}],"wp:attachment":[{"href":"https:\/\/www.latitude31n.com\/fr\/wp-json\/wp\/v2\/media?parent=768"}],"wp:term":[{"taxonomy":"product_brand","embeddable":true,"href":"https:\/\/www.latitude31n.com\/fr\/wp-json\/wp\/v2\/product_brand?post=768"},{"taxonomy":"product_cat","embeddable":true,"href":"https:\/\/www.latitude31n.com\/fr\/wp-json\/wp\/v2\/product_cat?post=768"},{"taxonomy":"product_tag","embeddable":true,"href":"https:\/\/www.latitude31n.com\/fr\/wp-json\/wp\/v2\/product_tag?post=768"}],"curies":[{"name":"wp","href":"https:\/\/api.w.org\/{rel}","templated":true}]}}