{"id":7556,"date":"2021-11-29T20:52:58","date_gmt":"2021-11-29T19:52:58","guid":{"rendered":"https:\/\/www.latitude31n.com\/?post_type=product&#038;p=7556"},"modified":"2024-11-12T15:54:20","modified_gmt":"2024-11-12T14:54:20","slug":"patere-peigne-a-laine-ancien","status":"publish","type":"product","link":"https:\/\/www.latitude31n.com\/fr\/decoration-maison\/objets-decoratifs\/patere-peigne-a-laine-ancien\/","title":{"rendered":"Pat\u00e8re ancien peigne \u00e0 laine"},"content":{"rendered":"<h2><strong>Ancien peigne \u00e0 carder la laine berb\u00e8re<\/strong><\/h2>\n<p>Cet ancien outil en m\u00e9tal grav\u00e9 de motifs tribaux est compos\u00e9 d&rsquo;un manche en bois et de dents en m\u00e9tal. Il \u00e9tait utilis\u00e9 pour d\u00e9m\u00ealer et nettoyer la laine.<\/p>\n<h2><strong>D\u00e9tourn\u00e9 en pat\u00e8re originale<\/strong><\/h2>\n<p>D\u00e9tourn\u00e9 en accroche ou attache pour manteau, serviette ou tout autre v\u00eatement, le crochet devient un <strong>\u00e9l\u00e9ment d\u00e9coratif vintage<\/strong> original et unique dans un pur <strong>esprit ethnique et wabi-sabi<\/strong>.<\/p>\n<p>Pourquoi je l&rsquo;aime :<\/p>\n<p><em><strong>Cet objet d&rsquo;hier patin\u00e9 par le temps porte des traces d&rsquo;usure et d&rsquo;usage. Tout ce que j&rsquo;aime. Lui redonner une chance de vivre une seconde vie est un plaisir pour moi.<\/strong><br \/>\n<\/em><\/p>\n<p>Dimensions : environ h20\/25&#215;15 cm<\/p>\n<p>Ces crochets sont <strong>artisanaux et anciens<\/strong>, ils comportent certaines imperfections qui sont la garantie de leur authenticit\u00e9.<\/p>\n","protected":false},"excerpt":{"rendered":"<p><strong>Pi\u00e8ce unique et rare.<\/strong><\/p>\n<p>Ancien peigne \u00e0 carder la laine <strong>d\u00e9tourn\u00e9 en pat\u00e8re<\/strong>. Cet ancien outil en m\u00e9tal grav\u00e9 de motifs tribaux est compos\u00e9 d&rsquo;un manche en bois et de dents en m\u00e9tal. Il \u00e9tait utilis\u00e9 pour d\u00e9m\u00ealer et nettoyer la laine.<\/p>\n<p>D\u00e9tourn\u00e9 en accroche ou attache pour manteau, serviette ou tout autre v\u00eatement, cet ustensile devient un \u00e9l\u00e9ment d\u00e9coratif vintage original et unique dans un pur <strong>esprit ethnique et wabi-sabi<\/strong>.<\/p>\n","protected":false},"featured_media":7542,"comment_status":"open","ping_status":"closed","template":"","meta":[],"product_brand":[],"product_cat":[473,23,467],"product_tag":[116,276,566,514,513,511,512,459,465,149,274],"class_list":{"0":"post-7556","1":"product","2":"type-product","3":"status-publish","4":"has-post-thumbnail","6":"product_cat-objets-decoratifs","7":"product_cat-decoration-murale","8":"product_cat-decoration-maison","9":"product_tag-afrique","10":"product_tag-art-mural","11":"product_tag-art-primitif","12":"product_tag-attache","13":"product_tag-hackle-2","14":"product_tag-hatchel-2","15":"product_tag-hetchel-2","16":"product_tag-latitude-ethnique","17":"product_tag-latitude-vintage","18":"product_tag-rangement","19":"product_tag-touareg","21":"first","22":"outofstock","23":"taxable","24":"shipping-taxable","25":"purchasable","26":"product-type-variable"},"_links":{"self":[{"href":"https:\/\/www.latitude31n.com\/fr\/wp-json\/wp\/v2\/product\/7556","targetHints":{"allow":["GET"]}}],"collection":[{"href":"https:\/\/www.latitude31n.com\/fr\/wp-json\/wp\/v2\/product"}],"about":[{"href":"https:\/\/www.latitude31n.com\/fr\/wp-json\/wp\/v2\/types\/product"}],"replies":[{"embeddable":true,"href":"https:\/\/www.latitude31n.com\/fr\/wp-json\/wp\/v2\/comments?post=7556"}],"wp:featuredmedia":[{"embeddable":true,"href":"https:\/\/www.latitude31n.com\/fr\/wp-json\/wp\/v2\/media\/7542"}],"wp:attachment":[{"href":"https:\/\/www.latitude31n.com\/fr\/wp-json\/wp\/v2\/media?parent=7556"}],"wp:term":[{"taxonomy":"product_brand","embeddable":true,"href":"https:\/\/www.latitude31n.com\/fr\/wp-json\/wp\/v2\/product_brand?post=7556"},{"taxonomy":"product_cat","embeddable":true,"href":"https:\/\/www.latitude31n.com\/fr\/wp-json\/wp\/v2\/product_cat?post=7556"},{"taxonomy":"product_tag","embeddable":true,"href":"https:\/\/www.latitude31n.com\/fr\/wp-json\/wp\/v2\/product_tag?post=7556"}],"curies":[{"name":"wp","href":"https:\/\/api.w.org\/{rel}","templated":true}]}}