{"id":755,"date":"2021-05-28T12:03:32","date_gmt":"2021-05-28T11:03:32","guid":{"rendered":"https:\/\/www.latitude31n.com\/?post_type=product&#038;p=755"},"modified":"2026-04-28T18:50:08","modified_gmt":"2026-04-28T17:50:08","slug":"trophee-vache-avec-vraies-cornes","status":"publish","type":"product","link":"https:\/\/www.latitude31n.com\/fr\/trophees-tetes-animaux\/trophee-vache-avec-vraies-cornes\/","title":{"rendered":"Troph\u00e9e vache avec vraies cornes"},"content":{"rendered":"<h2>Faux troph\u00e9e tress\u00e9 avec cornes de vache<\/h2>\n<p>C&rsquo;est la d\u00e9coration parfaite pour les collectionneurs et les amateurs de curiosit\u00e9s rares et originales. Les cornes de vache sont ajout\u00e9s sur une sculpture t\u00eate de vache r\u00e9alis\u00e9e en jonc de mer <a href=\"\/fr\/doum-presentation-conseils-entretien\/\" target=\"_blank\" rel=\"noopener\">alfa (<em>doum<\/em>)<\/a>, une plante solide et r\u00e9sistante qu&rsquo;on trouve au Maroc. Elle est tress\u00e9e \u00e0 la main par les artisans marocains, v\u00e9ritables artistes aux mains de f\u00e9e.<\/p>\n<h2>D\u00e9coration murale originale<\/h2>\n<p>A accrocher seul ou sur un mur de curiosit\u00e9s et de cadres pour cr\u00e9er un mur surprenant et atypique, comme un petit mus\u00e9e personnel.<\/p>\n<p>Aucun animal n&rsquo;a \u00e9t\u00e9 maltrait\u00e9 pour ses cornes.<\/p>\n<p>Pourquoi je l&rsquo;aime :<\/p>\n<p><strong><em>l&rsquo;ajout des cornes en fait une v\u00e9ritable curiosit\u00e9 taxidermiste.<\/em><\/strong><\/p>\n<p>Dimensions : environ 30 cm de haut<\/p>\n<p>A accrocher tel quel, avec un crochet L, la t\u00eate donne l&rsquo; impression de sortir tout droit du mur. <a href=\"\/fr\/trophees-tetes-animaux\/faux-trophee-vraies-cornes\/\" target=\"_blank\" rel=\"noopener\">Le b\u00e9lier \u00e0 cornes<\/a> est aussi disponible sur notre site.<\/p>\n<p>Ce produit artisanal peut comporter certaines imperfections qui sont le t\u00e9moin de la main de l&rsquo;homme et la garantie de son authenticit\u00e9.<\/p>\n<p>Ils sont tous uniques, et peuvent avoir un design l\u00e9g\u00e8rement diff\u00e9rent. Ils sont fabriqu\u00e9s \u00e0 partir d&rsquo;une plante locale r\u00e9sistante, de la famille du rotin, de l&rsquo;osier ou du bambou. La plante peut avoir une teinte ou des nuances diff\u00e9rentes selon la p\u00e9riode de cueillette (pluie, s\u00e9cheresse..). Elle est souvent verte lorsqu&rsquo;elle vient d&rsquo;\u00eatre cueillie, mais la fibre jaunira avec le temps. Pour acc\u00e9l\u00e9rer le jaunissement, vous pouvez laisser la t\u00eate au soleil.<\/p>\n<p>&nbsp;<\/p>\n","protected":false},"excerpt":{"rendered":"<h2><strong>V\u00e9ritable objet de collection et de curiosit\u00e9<\/strong>,<\/h2>\n<p>cette t\u00eate de vache tress\u00e9e de fibres naturelles v\u00e9g\u00e9tales est mont\u00e9e sur de v\u00e9ritables cornes.<\/p>\n","protected":false},"featured_media":35173,"comment_status":"open","ping_status":"closed","template":"","meta":[],"product_brand":[],"product_cat":[24],"product_tag":[110,276,114,460,365,80,82,79],"class_list":{"0":"post-755","1":"product","2":"type-product","3":"status-publish","4":"has-post-thumbnail","6":"product_cat-trophees-tetes-animaux","7":"product_tag-animaux","8":"product_tag-art-mural","9":"product_tag-ferme","10":"product_tag-latitude-fun","11":"product_tag-maison-de-campagne","12":"product_tag-osier","13":"product_tag-raphia","14":"product_tag-rotin","16":"first","17":"outofstock","18":"taxable","19":"shipping-taxable","20":"purchasable","21":"product-type-simple"},"_links":{"self":[{"href":"https:\/\/www.latitude31n.com\/fr\/wp-json\/wp\/v2\/product\/755","targetHints":{"allow":["GET"]}}],"collection":[{"href":"https:\/\/www.latitude31n.com\/fr\/wp-json\/wp\/v2\/product"}],"about":[{"href":"https:\/\/www.latitude31n.com\/fr\/wp-json\/wp\/v2\/types\/product"}],"replies":[{"embeddable":true,"href":"https:\/\/www.latitude31n.com\/fr\/wp-json\/wp\/v2\/comments?post=755"}],"wp:featuredmedia":[{"embeddable":true,"href":"https:\/\/www.latitude31n.com\/fr\/wp-json\/wp\/v2\/media\/35173"}],"wp:attachment":[{"href":"https:\/\/www.latitude31n.com\/fr\/wp-json\/wp\/v2\/media?parent=755"}],"wp:term":[{"taxonomy":"product_brand","embeddable":true,"href":"https:\/\/www.latitude31n.com\/fr\/wp-json\/wp\/v2\/product_brand?post=755"},{"taxonomy":"product_cat","embeddable":true,"href":"https:\/\/www.latitude31n.com\/fr\/wp-json\/wp\/v2\/product_cat?post=755"},{"taxonomy":"product_tag","embeddable":true,"href":"https:\/\/www.latitude31n.com\/fr\/wp-json\/wp\/v2\/product_tag?post=755"}],"curies":[{"name":"wp","href":"https:\/\/api.w.org\/{rel}","templated":true}]}}