{"id":7509,"date":"2021-11-29T13:46:54","date_gmt":"2021-11-29T12:46:54","guid":{"rendered":"https:\/\/www.latitude31n.com\/?post_type=product&#038;p=7509"},"modified":"2025-10-30T15:30:50","modified_gmt":"2025-10-30T14:30:50","slug":"banc-inspiration-africaine","status":"publish","type":"product","link":"https:\/\/www.latitude31n.com\/fr\/assises-petit-mobilier\/bancs-tabourets\/banc-inspiration-africaine\/","title":{"rendered":"Banc inspiration africaine"},"content":{"rendered":"<h2>Banc marocain en paille tress\u00e9<\/h2>\n<p>Le tabouret traditionnel ou \u00ab\u00a0beldi\u00a0\u00bb <strong>revisit\u00e9 dans sa version africaine<\/strong>. Ses montants s&rsquo;allongent, ses pieds dispos\u00e9es en diagonales s&rsquo;inspirent du design africain et lui apportent une ligne fusel\u00e9e propre \u00e0 l&rsquo;esth\u00e9tique subsaharienne. Un contraste avec le banc traditionnel marocain, de forme plus basique.<\/p>\n<h2>Design alliant modernit\u00e9 et tradition<\/h2>\n<p>Cette banquette allie des lignes et mati\u00e8res boh\u00e8mes et ethniques \u00e0 la fois, pour une d\u00e9co inspir\u00e9e et unique.<\/p>\n<p>L&rsquo;assise est tress\u00e9e en cordes de palmier et les pieds sont en bois de laurier, bois tr\u00e8s clair presque blanc. Tout en gardant les caract\u00e9ristiques de mati\u00e8re et de tressage marocaines, ce nouveau mod\u00e8le de banc apporte un souffle neuf gr\u00e2ce \u00e0 ses formes ethniques et fusel\u00e9es.<\/p>\n<p>Pourquoi je l&rsquo;aime :<\/p>\n<p><strong><em>\u00a0J&rsquo;adore tout simplement cette forme de pi\u00e8tement! Habitant \u00e0 Marrakech depuis longtemps, je suis habitu\u00e9e au design marocain, et je trouve dans ce banc une originalit\u00e9 et le renouvellement d&rsquo; un artisanat s\u00e9culaire.<\/em><\/strong><\/p>\n<p>Si vous d\u00e9sirez plus d&rsquo;information sur l&rsquo;\u00e9volution des tabourets traditionnels marocains et leur utilisation, consultez notre article sur le <a href=\"\/fr\/tabouret-berbere-beldi\/\" target=\"_blank\" rel=\"noopener\">tabouret <em>beldi<\/em><\/a>.<\/p>\n<p>Dimensions : 60x35xh40 cm et 80x35xh40 cm<\/p>\n<p>Le si\u00e8ge est un produit artisanal qui peut comporter certaines imperfections qui garantissent son authenticit\u00e9.<\/p>\n","protected":false},"excerpt":{"rendered":"<p>Banc marocain revisit\u00e9. Le haut est tress\u00e9 de paille mais les pieds sont taill\u00e9s en biais, ce qui lui donne <strong>un faux air de chaise \u00e0 porteur.<\/strong><\/p>\n<p>&nbsp;<\/p>\n","protected":false},"featured_media":10661,"comment_status":"open","ping_status":"closed","template":"","meta":[],"product_brand":[],"product_cat":[501,34],"product_tag":[459,899,80,79],"class_list":{"0":"post-7509","1":"product","2":"type-product","3":"status-publish","4":"has-post-thumbnail","6":"product_cat-bancs-tabourets","7":"product_cat-assises-petit-mobilier","8":"product_tag-latitude-ethnique","9":"product_tag-no-us","10":"product_tag-osier","11":"product_tag-rotin","13":"first","14":"instock","15":"taxable","16":"shipping-taxable","17":"purchasable","18":"product-type-variable"},"_links":{"self":[{"href":"https:\/\/www.latitude31n.com\/fr\/wp-json\/wp\/v2\/product\/7509","targetHints":{"allow":["GET"]}}],"collection":[{"href":"https:\/\/www.latitude31n.com\/fr\/wp-json\/wp\/v2\/product"}],"about":[{"href":"https:\/\/www.latitude31n.com\/fr\/wp-json\/wp\/v2\/types\/product"}],"replies":[{"embeddable":true,"href":"https:\/\/www.latitude31n.com\/fr\/wp-json\/wp\/v2\/comments?post=7509"}],"wp:featuredmedia":[{"embeddable":true,"href":"https:\/\/www.latitude31n.com\/fr\/wp-json\/wp\/v2\/media\/10661"}],"wp:attachment":[{"href":"https:\/\/www.latitude31n.com\/fr\/wp-json\/wp\/v2\/media?parent=7509"}],"wp:term":[{"taxonomy":"product_brand","embeddable":true,"href":"https:\/\/www.latitude31n.com\/fr\/wp-json\/wp\/v2\/product_brand?post=7509"},{"taxonomy":"product_cat","embeddable":true,"href":"https:\/\/www.latitude31n.com\/fr\/wp-json\/wp\/v2\/product_cat?post=7509"},{"taxonomy":"product_tag","embeddable":true,"href":"https:\/\/www.latitude31n.com\/fr\/wp-json\/wp\/v2\/product_tag?post=7509"}],"curies":[{"name":"wp","href":"https:\/\/api.w.org\/{rel}","templated":true}]}}