{"id":750,"date":"2021-05-28T11:46:57","date_gmt":"2021-05-28T10:46:57","guid":{"rendered":"https:\/\/www.latitude31n.com\/?post_type=product&#038;p=750"},"modified":"2026-01-29T17:56:55","modified_gmt":"2026-01-29T16:56:55","slug":"trophee-tete-de-taureau-tressee","status":"publish","type":"product","link":"https:\/\/www.latitude31n.com\/fr\/trophees-tetes-animaux\/trophee-tete-de-taureau-tressee\/","title":{"rendered":"Troph\u00e9e mural taureau"},"content":{"rendered":"<h2><strong>T\u00eate d&rsquo;animal tress\u00e9e : le taureau<\/strong><\/h2>\n<p>C&rsquo;est une tr\u00e8s belle t\u00eate de taureau d\u00e9corative tress\u00e9e main pour \u00e9gayer les murs.<\/p>\n<p>R\u00e9alis\u00e9e artisanalement avec cette paille qu&rsquo;on appelle Alfa ou <a href=\"\/fr\/doum-presentation-conseils-entretien\/\" target=\"_blank\" rel=\"noopener\"><em>doum<\/em><\/a>, r\u00e9sistante comme le rotin ou l&rsquo;osier, elle est de ce fait \u00e9cologique et naturelle.<\/p>\n<h2><strong>D\u00e9coration murale humoristique<\/strong><\/h2>\n<p>Pour apporter une touche boh\u00e8me et naturelle, donner un c\u00f4t\u00e9 cabinet de curiosit\u00e9 en l&rsquo;associant ou d\u00e9corer la chambre de votre enfant sur le th\u00e8me de la ferme. De m\u00eame, elle ne passe pas inaper\u00e7ue et donne une touche d&rsquo;humour dans la maison.<\/p>\n<p>Pourquoi je l&rsquo;aime :<\/p>\n<p><strong><em>Prenez le taureau par les cornes ! Adoptez-le, il en vaut le coup.<\/em><\/strong><\/p>\n<p>A accrocher tel quel, avec un crochet L, cela donnera l&rsquo;impression que la t\u00eate sort tout droit du mur.<\/p>\n<p>Dimensions : environ H32x45x18 cm,<\/p>\n<p>C&rsquo;est un produit artisanal. Ainsi, il peut comporter certaines imperfections qui sont le t\u00e9moin de la main de l&rsquo;homme. Ils sont tous uniques, et peuvent avoir un design l\u00e9g\u00e8rement diff\u00e9rent. Les artisans du Maroc les fabriquent \u00e0 partir d&rsquo;une plante m\u00e9diterran\u00e9enne r\u00e9sistante appel\u00e9e alfa ou esparto, qui peut avoir une teinte ou des nuances diff\u00e9rentes selon la cueillette (pluie, s\u00e9cheresse..). Cette fibre se rapproche du rotin, de l\u2019osier ou du bambou. Les mati\u00e8res naturelles apportent chaleur et authenticit\u00e9 \u00e0 un int\u00e9rieur.<\/p>\n<p>Jeune, la couleur est verte mais elle jaunira avec le temps. Pour acc\u00e9l\u00e9rer le jaunissement, vous pouvez laisser la t\u00eate au soleil.<\/p>\n","protected":false},"excerpt":{"rendered":"<p>T\u00eate de taureau tress\u00e9e en doum marocain pour une d\u00e9co amusante et naturelle.<\/p>\n","protected":false},"featured_media":35187,"comment_status":"open","ping_status":"closed","template":"","meta":[],"product_brand":[],"product_cat":[24],"product_tag":[276,257],"class_list":{"0":"post-750","1":"product","2":"type-product","3":"status-publish","4":"has-post-thumbnail","6":"product_cat-trophees-tetes-animaux","7":"product_tag-art-mural","8":"product_tag-fausse-taxidermie","10":"first","11":"instock","12":"taxable","13":"shipping-taxable","14":"purchasable","15":"product-type-simple"},"_links":{"self":[{"href":"https:\/\/www.latitude31n.com\/fr\/wp-json\/wp\/v2\/product\/750","targetHints":{"allow":["GET"]}}],"collection":[{"href":"https:\/\/www.latitude31n.com\/fr\/wp-json\/wp\/v2\/product"}],"about":[{"href":"https:\/\/www.latitude31n.com\/fr\/wp-json\/wp\/v2\/types\/product"}],"replies":[{"embeddable":true,"href":"https:\/\/www.latitude31n.com\/fr\/wp-json\/wp\/v2\/comments?post=750"}],"wp:featuredmedia":[{"embeddable":true,"href":"https:\/\/www.latitude31n.com\/fr\/wp-json\/wp\/v2\/media\/35187"}],"wp:attachment":[{"href":"https:\/\/www.latitude31n.com\/fr\/wp-json\/wp\/v2\/media?parent=750"}],"wp:term":[{"taxonomy":"product_brand","embeddable":true,"href":"https:\/\/www.latitude31n.com\/fr\/wp-json\/wp\/v2\/product_brand?post=750"},{"taxonomy":"product_cat","embeddable":true,"href":"https:\/\/www.latitude31n.com\/fr\/wp-json\/wp\/v2\/product_cat?post=750"},{"taxonomy":"product_tag","embeddable":true,"href":"https:\/\/www.latitude31n.com\/fr\/wp-json\/wp\/v2\/product_tag?post=750"}],"curies":[{"name":"wp","href":"https:\/\/api.w.org\/{rel}","templated":true}]}}