{"id":742,"date":"2021-05-28T11:41:03","date_gmt":"2021-05-28T10:41:03","guid":{"rendered":"https:\/\/www.latitude31n.com\/?post_type=product&#038;p=742"},"modified":"2024-11-19T22:07:41","modified_gmt":"2024-11-19T21:07:41","slug":"grand-trophee-tete-delephant-tressee","status":"publish","type":"product","link":"https:\/\/www.latitude31n.com\/fr\/trophees-tetes-animaux\/grand-trophee-tete-delephant-tressee\/","title":{"rendered":"Grand troph\u00e9e t\u00eate d&rsquo;\u00e9l\u00e9phant tress\u00e9e"},"content":{"rendered":"<h2><strong>Grande t\u00eate d&rsquo;animal murale<\/strong><\/h2>\n<p>Cette tr\u00e8s belle d\u00e9coration murale en forme de <strong>t\u00eate d&rsquo;\u00e9l\u00e9phant format XL<\/strong> est tress\u00e9e par les artisans vanniers au Maroc. Totalement fait main, le faux troph\u00e9e est r\u00e9alis\u00e9 dans une mati\u00e8re naturelle, la paille <a href=\"\/fr\/doum-presentation-conseils-entretien\/\" target=\"_blank\" rel=\"noopener\"><em>doum<\/em><\/a>, plante vivace m\u00e9diterran\u00e9enne, r\u00e9sistante et \u00e9cologique.<\/p>\n<h2><strong>D\u00e9coration Urban Jungle<\/strong><\/h2>\n<p>Sa taille exceptionnelle en fait un ornement visible et attrayant. Il ne manquera pas d&rsquo;impressionner vos invit\u00e9s. Et \u00e9merveillera les enfants. Superbe dans une chambre de b\u00e9b\u00e9 ou d&rsquo;enfant, sur le th\u00e8me animaux sauvages ou jungle, ou juste pour le plaisir.<\/p>\n<p>Les faux troph\u00e9es apportent une petite touche r\u00e9tro, tout en rentrant dans les crit\u00e8res \u00e9thiques et modernes d&rsquo;aujourd&rsquo;hui.<\/p>\n<p>Pourquoi je l&rsquo;aime :<\/p>\n<p><em><strong>Saisissant ! Avec sa grande taille, c&rsquo;est la pi\u00e8ce maitresse d&rsquo;une d\u00e9coration.<\/strong><\/em><\/p>\n<p><a href=\"\/fr\/trophees-tetes-animaux\/elephant-trophee-a-accrocher-au-mur\/\" target=\"_blank\" rel=\"noopener\">L&rsquo;\u00e9l\u00e9phant de taille standard<\/a> est \u00e9galement disponible.<\/p>\n<p>D\u00e9tails<\/p>\n<p>Dimensions : 75x20xh90cm<\/p>\n<p>A accrocher tel quel, sur un clou ou un crochet, et la t\u00eate de l&rsquo;animal semble sortir tout droit du mur.<\/p>\n<p>C&rsquo;est un <strong>produit artisanal<\/strong>, fait \u00e0 la main. Il peut comporter certaines imperfections qui sont le t\u00e9moin de la main de l&rsquo;homme. Ils sont tous uniques, et peuvent avoir un design un peu diff\u00e9rent. Ils sont fabriqu\u00e9s \u00e0 partir d&rsquo;une plante r\u00e9sistante appel\u00e9e alfa ou esparto, de la famille du rotin, osier ou bambou. Elle peut avoir une teinte ou des nuances diff\u00e9rentes selon la p\u00e9riode o\u00f9 elle a \u00e9t\u00e9 cueillie (pluie, s\u00e9cheresse..). Elle est souvent verte lorsqu&rsquo;elle vient d&rsquo;\u00eatre cueillie, mais la fibre jaunira avec le temps. Pour acc\u00e9l\u00e9rer le jaunissement, vous pouvez laisser la t\u00eate au soleil.<\/p>\n","protected":false},"excerpt":{"rendered":"<p>Grande sculpture t\u00eate \u00e9l\u00e9phant en paille <em>doum<\/em> marocaine. Sa taille exceptionnelle en fait un ornement visible et attrayant.<\/p>\n<p>Une id\u00e9e sympa pour compl\u00e9ter un <strong>th\u00e8me jungle africaine dans une chambre d&rsquo;enfant.<\/strong><\/p>\n","protected":false},"featured_media":749,"comment_status":"open","ping_status":"closed","template":"","meta":[],"product_brand":[],"product_cat":[24],"product_tag":[276,82],"class_list":{"0":"post-742","1":"product","2":"type-product","3":"status-publish","4":"has-post-thumbnail","6":"product_cat-trophees-tetes-animaux","7":"product_tag-art-mural","8":"product_tag-raphia","10":"first","11":"outofstock","12":"taxable","13":"shipping-taxable","14":"purchasable","15":"product-type-simple"},"_links":{"self":[{"href":"https:\/\/www.latitude31n.com\/fr\/wp-json\/wp\/v2\/product\/742","targetHints":{"allow":["GET"]}}],"collection":[{"href":"https:\/\/www.latitude31n.com\/fr\/wp-json\/wp\/v2\/product"}],"about":[{"href":"https:\/\/www.latitude31n.com\/fr\/wp-json\/wp\/v2\/types\/product"}],"replies":[{"embeddable":true,"href":"https:\/\/www.latitude31n.com\/fr\/wp-json\/wp\/v2\/comments?post=742"}],"wp:featuredmedia":[{"embeddable":true,"href":"https:\/\/www.latitude31n.com\/fr\/wp-json\/wp\/v2\/media\/749"}],"wp:attachment":[{"href":"https:\/\/www.latitude31n.com\/fr\/wp-json\/wp\/v2\/media?parent=742"}],"wp:term":[{"taxonomy":"product_brand","embeddable":true,"href":"https:\/\/www.latitude31n.com\/fr\/wp-json\/wp\/v2\/product_brand?post=742"},{"taxonomy":"product_cat","embeddable":true,"href":"https:\/\/www.latitude31n.com\/fr\/wp-json\/wp\/v2\/product_cat?post=742"},{"taxonomy":"product_tag","embeddable":true,"href":"https:\/\/www.latitude31n.com\/fr\/wp-json\/wp\/v2\/product_tag?post=742"}],"curies":[{"name":"wp","href":"https:\/\/api.w.org\/{rel}","templated":true}]}}