{"id":733,"date":"2021-05-28T11:34:57","date_gmt":"2021-05-28T10:34:57","guid":{"rendered":"https:\/\/www.latitude31n.com\/?post_type=product&#038;p=733"},"modified":"2026-04-11T11:18:11","modified_gmt":"2026-04-11T10:18:11","slug":"trophee-vache-tressee","status":"publish","type":"product","link":"https:\/\/www.latitude31n.com\/fr\/trophees-tetes-animaux\/trophee-vache-tressee\/","title":{"rendered":"Troph\u00e9e vache tress\u00e9e"},"content":{"rendered":"<h2>Un troph\u00e9e animal vachement sympa<\/h2>\n<p>La petite t\u00eate de vache en paille tress\u00e9e de fibres de palmier du Maroc d\u00e9core les murs de nos salons, entr\u00e9es ou chambres. Enfants ou adultes s&rsquo;\u00e9merveilleront devant cette d\u00e9coration murale naturelle, repr\u00e9sentant une vache ou un taureau.<\/p>\n<h2>D\u00e9coration murale vache<\/h2>\n<p>La sculpture murale apportera relief et caract\u00e8re \u00e0 un mur vide ou trop plat. De plus, le faux troph\u00e9e en paille trouvera une place de choix dans une chambre d&rsquo;enfant sur le th\u00e8me des animaux de la ferme. Et bien entendu chez tous les amoureux des vaches. Car, franchement, qui n&rsquo;aime pas les vaches ?<strong><em><br \/>\n<\/em><\/strong><\/p>\n<p>Dimensions : environ 25x35x15 cm<\/p>\n<p>2 designs diff\u00e9rents<\/p>\n<p>Ce produit artisanal peut comporter certaines imperfections qui sont le t\u00e9moin de la main de l&rsquo;homme et la garantie de son authenticit\u00e9.<\/p>\n<p>Ainsi, ils sont tous uniques, et peuvent avoir un design l\u00e9g\u00e8rement diff\u00e9rent. Les artisans marocains fabriquent ces d\u00e9corations \u00e0 partir d&rsquo;une <a href=\"\/fr\/doum-presentation-conseils-entretien\/\" target=\"_blank\" rel=\"noopener\">plante r\u00e9sistante appel\u00e9e <em>doum<\/em>, alfa ou esparto<\/a>, une fibre proche du rotin, de l&rsquo;osier ou du bambou. La mati\u00e8re naturelle peut avoir une teinte ou des nuances diff\u00e9rentes selon la p\u00e9riode de la cueillette (pluie, s\u00e9cheresse..). En effet, elle est souvent verte lorsqu&rsquo;elle vient d&rsquo;\u00eatre cueillie, mais la fibre jaunira avec le temps. Pour acc\u00e9l\u00e9rer le jaunissement, vous pouvez laisser la t\u00eate au soleil.<\/p>\n<p>A accrocher tel quel, avec un crochet L, et la t\u00eate semble sortir tout droit du mur.<\/p>\n","protected":false},"excerpt":{"rendered":"<p>La vache, en <strong>d\u00e9coration murale naturelle<\/strong>, pour apporter caract\u00e8re et relief \u00e0 un mur trop plat. Fabriqu\u00e9e artisanalement au Maroc, pour la touche de nature et d&rsquo;authenticit\u00e9 qu&rsquo;elle apporte.<\/p>\n","protected":false},"featured_media":35179,"comment_status":"open","ping_status":"closed","template":"","meta":[],"product_brand":[],"product_cat":[24],"product_tag":[276,257,80,300,82,79],"class_list":{"0":"post-733","1":"product","2":"type-product","3":"status-publish","4":"has-post-thumbnail","6":"product_cat-trophees-tetes-animaux","7":"product_tag-art-mural","8":"product_tag-fausse-taxidermie","9":"product_tag-osier","10":"product_tag-paille","11":"product_tag-raphia","12":"product_tag-rotin","14":"first","15":"outofstock","16":"taxable","17":"shipping-taxable","18":"purchasable","19":"product-type-simple"},"_links":{"self":[{"href":"https:\/\/www.latitude31n.com\/fr\/wp-json\/wp\/v2\/product\/733","targetHints":{"allow":["GET"]}}],"collection":[{"href":"https:\/\/www.latitude31n.com\/fr\/wp-json\/wp\/v2\/product"}],"about":[{"href":"https:\/\/www.latitude31n.com\/fr\/wp-json\/wp\/v2\/types\/product"}],"replies":[{"embeddable":true,"href":"https:\/\/www.latitude31n.com\/fr\/wp-json\/wp\/v2\/comments?post=733"}],"wp:featuredmedia":[{"embeddable":true,"href":"https:\/\/www.latitude31n.com\/fr\/wp-json\/wp\/v2\/media\/35179"}],"wp:attachment":[{"href":"https:\/\/www.latitude31n.com\/fr\/wp-json\/wp\/v2\/media?parent=733"}],"wp:term":[{"taxonomy":"product_brand","embeddable":true,"href":"https:\/\/www.latitude31n.com\/fr\/wp-json\/wp\/v2\/product_brand?post=733"},{"taxonomy":"product_cat","embeddable":true,"href":"https:\/\/www.latitude31n.com\/fr\/wp-json\/wp\/v2\/product_cat?post=733"},{"taxonomy":"product_tag","embeddable":true,"href":"https:\/\/www.latitude31n.com\/fr\/wp-json\/wp\/v2\/product_tag?post=733"}],"curies":[{"name":"wp","href":"https:\/\/api.w.org\/{rel}","templated":true}]}}