{"id":727,"date":"2021-05-28T11:22:34","date_gmt":"2021-05-28T10:22:34","guid":{"rendered":"https:\/\/www.latitude31n.com\/?post_type=product&#038;p=727"},"modified":"2025-09-24T15:53:57","modified_gmt":"2025-09-24T14:53:57","slug":"grand-trophee-tete-dane-tressee","status":"publish","type":"product","link":"https:\/\/www.latitude31n.com\/fr\/trophees-tetes-animaux\/grand-trophee-tete-dane-tressee\/","title":{"rendered":"Grand troph\u00e9e t\u00eate d&rsquo;\u00e2ne tress\u00e9e"},"content":{"rendered":"<h2>D\u00e9coration murale unique et \u00e9cologique<\/h2>\n<p>Le faux troph\u00e9e repr\u00e9sente une t\u00eate d&rsquo;\u00e2ne \u00e0 accrocher comme une d\u00e9coration murale originale et naturelle. En fibres v\u00e9g\u00e9tales naturelles, tress\u00e9e \u00e0 la main au Maroc, cette impressionnante sculpture animali\u00e8re sublimera votre mur, que ce soit dans votre salon, votre entr\u00e9e, ou une chambre d&rsquo; enfants sur le th\u00e8me des animaux de la ferme.<\/p>\n<h2>Un faux troph\u00e9e en paille pour une d\u00e9co boh\u00e8me<\/h2>\n<p>La fausse taxidermie trouvera aussi une place de choix en d\u00e9co murale boh\u00e8me dans une maison de campagne, un chalet ou la ferme familiale. Originalit\u00e9 et authenticit\u00e9 garanties!<\/p>\n<p>Pourquoi je l&rsquo;aime :<\/p>\n<p><strong><em>Ce troph\u00e9e a un design unique et r\u00e9aliste avec ses grandes oreilles et son harnais.<\/em><\/strong><\/p>\n<p>Dimensions : environ 30x25xh60 cm<\/p>\n<p>Le troph\u00e9e s&rsquo;accroche tel quel, avec un crochet L, cela donnera l&rsquo;impression que la t\u00eate de l&rsquo;animal sort tout droit du mur.<\/p>\n<p>Cette d\u00e9co est artisanale et donc enti\u00e8rement r\u00e9alis\u00e9e \u00e0 la main. Elle peut comporter certaines imperfections qui garantissent son authenticit\u00e9.<\/p>\n<p>En effet, nos faux troph\u00e9es sont tous uniques, et peuvent pr\u00e9senter de l\u00e9g\u00e8res variations de design ou couleur. Ils sont fabriqu\u00e9s \u00e0 partir d&rsquo;une plante r\u00e9sistante appel\u00e9e alfa, <a href=\"\/fr\/doum-presentation-conseils-entretien\/\" target=\"_blank\" rel=\"noopener\"><em>doum<\/em><\/a> ou esparto, qui peut avoir des nuances diff\u00e9rentes selon la p\u00e9riode de la cueillette et la m\u00e9t\u00e9orologie. Cette fibre v\u00e9g\u00e9tale naturelle peut \u00eatre rapproch\u00e9e du rotin, de l&rsquo;osier ou du bambou.<\/p>\n<p>Les mati\u00e8res naturelles apportent chaleur et authenticit\u00e9 \u00e0 un int\u00e9rieur.<\/p>\n<p>Elle est souvent verte lorsqu&rsquo;elle vient d&rsquo;\u00eatre cueillie, mais la fibre jaunira avec le temps. Si vous voulez acc\u00e9l\u00e9rer le jaunissement, vous pouvez laisser la t\u00eate au soleil.<\/p>\n<p>&nbsp;<\/p>\n","protected":false},"excerpt":{"rendered":"<p>Avec sa grande taille, son harnais et son long cou qui semble sortir du mur, la t\u00eate troph\u00e9e \u00e0 accrocher est <strong>r\u00e9aliste et impressionnante<\/strong>.\u00a0 L&rsquo;\u00e2ne en paille gagne un <strong>fort capital sympathie<\/strong> gr\u00e2ce \u00e0 ses longues oreilles tress\u00e9es.<\/p>\n","protected":false},"featured_media":728,"comment_status":"open","ping_status":"closed","template":"","meta":[],"product_brand":[],"product_cat":[24],"product_tag":[],"class_list":{"0":"post-727","1":"product","2":"type-product","3":"status-publish","4":"has-post-thumbnail","6":"product_cat-trophees-tetes-animaux","8":"first","9":"instock","10":"taxable","11":"shipping-taxable","12":"purchasable","13":"product-type-simple"},"_links":{"self":[{"href":"https:\/\/www.latitude31n.com\/fr\/wp-json\/wp\/v2\/product\/727","targetHints":{"allow":["GET"]}}],"collection":[{"href":"https:\/\/www.latitude31n.com\/fr\/wp-json\/wp\/v2\/product"}],"about":[{"href":"https:\/\/www.latitude31n.com\/fr\/wp-json\/wp\/v2\/types\/product"}],"replies":[{"embeddable":true,"href":"https:\/\/www.latitude31n.com\/fr\/wp-json\/wp\/v2\/comments?post=727"}],"wp:featuredmedia":[{"embeddable":true,"href":"https:\/\/www.latitude31n.com\/fr\/wp-json\/wp\/v2\/media\/728"}],"wp:attachment":[{"href":"https:\/\/www.latitude31n.com\/fr\/wp-json\/wp\/v2\/media?parent=727"}],"wp:term":[{"taxonomy":"product_brand","embeddable":true,"href":"https:\/\/www.latitude31n.com\/fr\/wp-json\/wp\/v2\/product_brand?post=727"},{"taxonomy":"product_cat","embeddable":true,"href":"https:\/\/www.latitude31n.com\/fr\/wp-json\/wp\/v2\/product_cat?post=727"},{"taxonomy":"product_tag","embeddable":true,"href":"https:\/\/www.latitude31n.com\/fr\/wp-json\/wp\/v2\/product_tag?post=727"}],"curies":[{"name":"wp","href":"https:\/\/api.w.org\/{rel}","templated":true}]}}