{"id":722,"date":"2021-05-28T11:16:46","date_gmt":"2021-05-28T10:16:46","guid":{"rendered":"https:\/\/www.latitude31n.com\/?post_type=product&#038;p=722"},"modified":"2025-05-04T10:08:15","modified_gmt":"2025-05-04T09:08:15","slug":"trophee-tete-dane-tressee","status":"publish","type":"product","link":"https:\/\/www.latitude31n.com\/fr\/trophees-tetes-animaux\/trophee-tete-dane-tressee\/","title":{"rendered":"Troph\u00e9e t\u00eate d&rsquo;\u00e2ne tress\u00e9e"},"content":{"rendered":"<h2><strong>D\u00e9coration murale originale et unique<\/strong>.<\/h2>\n<p>Ambiance boh\u00e8me ou ethnique chic gr\u00e2ce \u00e0 cette t\u00eate d&rsquo;\u00e2ne en osier. Faite \u00e0 la main au Maroc par des artisans vanniers talentueux.<\/p>\n<p>Elle donne du relief \u00e0 vos murs, s&rsquo;accorde tr\u00e8s bien avec un mur de cadres ou au-dessus du lit dans la chambre.<\/p>\n<h2><strong>Troph\u00e9e animal en mati\u00e8res naturelles<\/strong><\/h2>\n<p>Pour une d\u00e9co d\u00e9cal\u00e9e et fantaisiste (chambre d&rsquo;enfant, d\u00e9co urbaine ou contemporaine) ou pour apporter un c\u00f4t\u00e9 authentique et naturel (ferme, maison de campagne). Convient pour une chambre d&rsquo;enfant, car tout est naturel. Mais \u00e9galement dans une entr\u00e9e ou un salon, pour un c\u00f4t\u00e9 cabinet de curiosit\u00e9s.<\/p>\n<p>La plante utilis\u00e9e, l\u2019<a href=\"\/fr\/doum-presentation-conseils-entretien\/\" target=\"_blank\" rel=\"noopener\">Alfa ou <em>doum<\/em><\/a>, est une mati\u00e8re r\u00e9sistante, waterproof et \u00e9cologique. Elle ressemble \u00e0 un jonc tr\u00e8s dur.<\/p>\n<p>Pourquoi je l&rsquo;aime :<\/p>\n<p><strong><em>l&rsquo;\u00e2ne, m\u00eame s&rsquo;il n&rsquo;en fait qu&rsquo;\u00e0 sa t\u00eate, me fait craquer<\/em><\/strong><\/p>\n<p>Dimensions : environ 50x25x15 cm (avec les oreilles)<\/p>\n<p>On peut l&rsquo; accrocher tel quel, avec un crochet L, et la t\u00eate semble tout droit sortir du mur.<\/p>\n<p>C&rsquo;est un produit artisanal<strong>,<\/strong> fabriqu\u00e9 main. Il peut comporter certaines imperfections qui sont le t\u00e9moin de la main de l&rsquo;homme. Ils sont tous uniques, et peuvent avoir un design un peu diff\u00e9rent. La mati\u00e8re peut avoir une teinte ou des nuances diff\u00e9rentes selon la p\u00e9riode o\u00f9 elle a \u00e9t\u00e9 cueillie (pluie, s\u00e9cheresse..). Elle est souvent verte lorsqu&rsquo;elle vient d&rsquo;\u00eatre cueillie, mais la fibre jaunira avec le temps. Pour acc\u00e9l\u00e9rer le jaunissement, vous pouvez laisser la t\u00eate au soleil.<\/p>\n<p>&nbsp;<\/p>\n","protected":false},"excerpt":{"rendered":"<p>L&rsquo;\u00e2ne mignon en version naturelle, \u00e0 accrocher sur vos murs pour une <strong>d\u00e9co humoristique et d\u00e9cal\u00e9e<\/strong>.<\/p>\n<p>Pour le plus grand bonheur des petits.<\/p>\n","protected":false},"featured_media":723,"comment_status":"open","ping_status":"closed","template":"","meta":[],"product_brand":[],"product_cat":[24],"product_tag":[276,80,79],"class_list":{"0":"post-722","1":"product","2":"type-product","3":"status-publish","4":"has-post-thumbnail","6":"product_cat-trophees-tetes-animaux","7":"product_tag-art-mural","8":"product_tag-osier","9":"product_tag-rotin","11":"first","12":"instock","13":"taxable","14":"shipping-taxable","15":"purchasable","16":"product-type-simple"},"_links":{"self":[{"href":"https:\/\/www.latitude31n.com\/fr\/wp-json\/wp\/v2\/product\/722","targetHints":{"allow":["GET"]}}],"collection":[{"href":"https:\/\/www.latitude31n.com\/fr\/wp-json\/wp\/v2\/product"}],"about":[{"href":"https:\/\/www.latitude31n.com\/fr\/wp-json\/wp\/v2\/types\/product"}],"replies":[{"embeddable":true,"href":"https:\/\/www.latitude31n.com\/fr\/wp-json\/wp\/v2\/comments?post=722"}],"wp:featuredmedia":[{"embeddable":true,"href":"https:\/\/www.latitude31n.com\/fr\/wp-json\/wp\/v2\/media\/723"}],"wp:attachment":[{"href":"https:\/\/www.latitude31n.com\/fr\/wp-json\/wp\/v2\/media?parent=722"}],"wp:term":[{"taxonomy":"product_brand","embeddable":true,"href":"https:\/\/www.latitude31n.com\/fr\/wp-json\/wp\/v2\/product_brand?post=722"},{"taxonomy":"product_cat","embeddable":true,"href":"https:\/\/www.latitude31n.com\/fr\/wp-json\/wp\/v2\/product_cat?post=722"},{"taxonomy":"product_tag","embeddable":true,"href":"https:\/\/www.latitude31n.com\/fr\/wp-json\/wp\/v2\/product_tag?post=722"}],"curies":[{"name":"wp","href":"https:\/\/api.w.org\/{rel}","templated":true}]}}