{"id":715,"date":"2021-05-28T11:11:54","date_gmt":"2021-05-28T10:11:54","guid":{"rendered":"https:\/\/www.latitude31n.com\/?post_type=product&#038;p=715"},"modified":"2026-01-19T16:05:08","modified_gmt":"2026-01-19T15:05:08","slug":"trophee-cochon-tresse","status":"publish","type":"product","link":"https:\/\/www.latitude31n.com\/fr\/trophees-tetes-animaux\/trophee-cochon-tresse\/","title":{"rendered":"Troph\u00e9e t\u00eate de sanglier tress\u00e9e"},"content":{"rendered":"<h2><strong>Troph\u00e9e t\u00eate d&rsquo;animal : le cochon sauvage <\/strong><\/h2>\n<p>Mais pour \u00ab\u00a0de faux\u00a0\u00bb ! Il est tress\u00e9 main en fibres de palmier doum, mati\u00e8re similaire \u00e0 la paille. La d\u00e9coration \u00e0 accrocher au mur est un v\u00e9ritable <strong>clin d&rsquo;\u0153il aux troph\u00e9es de chasse<\/strong>.<\/p>\n<p>La sculpture animali\u00e8re est particuli\u00e8rement remarquable avec son long museau et ses 2 d\u00e9fenses point\u00e9es. Cette <strong>d\u00e9coration murale fantaisie<\/strong> apporte en plus une <strong>touche \u00e9cologique, boh\u00e8me et naturelle<\/strong>.<\/p>\n<p>Revisitez les traditionnels troph\u00e9es de chasse avec humour et design.<\/p>\n<p>Pourquoi je l&rsquo;aime :<\/p>\n<p><strong><em>La t\u00eate d&rsquo;animal est sculpturale et impressionnante !<\/em><\/strong><\/p>\n<p>Et pourquoi pas, pour compl\u00e9ter la ferme et cr\u00e9er une d\u00e9co murale unique, la <a href=\"\/fr\/trophees-tetes-animaux\/trophee-vache-tressee\/\" target=\"_blank\" rel=\"noopener\">vache<\/a>, le <a href=\"\/fr\/trophees-tetes-animaux\/trophee-tete-de-taureau-tressee\/\" target=\"_blank\" rel=\"noopener\">taureau<\/a> ou le <a href=\"\/fr\/trophees-tetes-animaux\/trophee-tete-belier\/\" target=\"_blank\" rel=\"noopener\">b\u00e9lier<\/a>?<\/p>\n<p>Dimensions : environ 45x25x25 cm<\/p>\n<p>On peut l&rsquo; accrocher tel quel, avec un crochet L, et la t\u00eate semble tout droit sortir du mur.<\/p>\n<p>Ce produit artisanal, fabriqu\u00e9 main au Maroc, peut comporter certaines imperfections qui sont le t\u00e9moin de la main de l&rsquo;homme et la garantie de son authenticit\u00e9. Ils sont tous uniques, et peuvent avoir un design l\u00e9g\u00e8rement diff\u00e9rent. Ils sont fabriqu\u00e9s \u00e0 partir d&rsquo;une plante r\u00e9sistante appel\u00e9e alfa ou <a href=\"\/fr\/doum-presentation-conseils-entretien\/\" target=\"_blank\" rel=\"noopener\"><em>doum<\/em><\/a>, de la famille du rotin, de l&rsquo;osier ou du bambou. La mati\u00e8re peut avoir une teinte ou des nuances diff\u00e9rentes selon la p\u00e9riode o\u00f9 elle a \u00e9t\u00e9 cueillie (pluie, s\u00e9cheresse..). Elle est souvent verte lorsqu&rsquo;elle vient d&rsquo;\u00eatre cueillie, mais la fibre jaunira avec le temps. Laissez la t\u00eate au soleil quelques jours et elle prendra une jolie teinte dor\u00e9e.<\/p>\n","protected":false},"excerpt":{"rendered":"<p>Le cochon sauvage, ce <strong>traditionnel troph\u00e9e de chasse<\/strong>, d\u00e9tourn\u00e9 en <strong>d\u00e9co murale originale et naturelle<\/strong>. Tress\u00e9 main au Maroc en fibres de palmier <a href=\"\/fr\/doum-presentation-conseils-entretien\/\" target=\"_blank\" rel=\"noopener\"><em>doum<\/em><\/a>.<\/p>\n","protected":false},"featured_media":717,"comment_status":"open","ping_status":"closed","template":"","meta":[],"product_brand":[],"product_cat":[24],"product_tag":[276,80,300,82,79],"class_list":{"0":"post-715","1":"product","2":"type-product","3":"status-publish","4":"has-post-thumbnail","6":"product_cat-trophees-tetes-animaux","7":"product_tag-art-mural","8":"product_tag-osier","9":"product_tag-paille","10":"product_tag-raphia","11":"product_tag-rotin","13":"first","14":"outofstock","15":"taxable","16":"shipping-taxable","17":"purchasable","18":"product-type-simple"},"_links":{"self":[{"href":"https:\/\/www.latitude31n.com\/fr\/wp-json\/wp\/v2\/product\/715","targetHints":{"allow":["GET"]}}],"collection":[{"href":"https:\/\/www.latitude31n.com\/fr\/wp-json\/wp\/v2\/product"}],"about":[{"href":"https:\/\/www.latitude31n.com\/fr\/wp-json\/wp\/v2\/types\/product"}],"replies":[{"embeddable":true,"href":"https:\/\/www.latitude31n.com\/fr\/wp-json\/wp\/v2\/comments?post=715"}],"wp:featuredmedia":[{"embeddable":true,"href":"https:\/\/www.latitude31n.com\/fr\/wp-json\/wp\/v2\/media\/717"}],"wp:attachment":[{"href":"https:\/\/www.latitude31n.com\/fr\/wp-json\/wp\/v2\/media?parent=715"}],"wp:term":[{"taxonomy":"product_brand","embeddable":true,"href":"https:\/\/www.latitude31n.com\/fr\/wp-json\/wp\/v2\/product_brand?post=715"},{"taxonomy":"product_cat","embeddable":true,"href":"https:\/\/www.latitude31n.com\/fr\/wp-json\/wp\/v2\/product_cat?post=715"},{"taxonomy":"product_tag","embeddable":true,"href":"https:\/\/www.latitude31n.com\/fr\/wp-json\/wp\/v2\/product_tag?post=715"}],"curies":[{"name":"wp","href":"https:\/\/api.w.org\/{rel}","templated":true}]}}