{"id":695,"date":"2021-05-28T10:32:26","date_gmt":"2021-05-28T09:32:26","guid":{"rendered":"https:\/\/www.latitude31n.com\/?post_type=product&#038;p=695"},"modified":"2026-01-19T16:04:29","modified_gmt":"2026-01-19T15:04:29","slug":"sculpture-cameleon-tressee","status":"publish","type":"product","link":"https:\/\/www.latitude31n.com\/fr\/decoration-maison\/objets-decoratifs\/sculpture-cameleon-tressee\/","title":{"rendered":"Sculpture cam\u00e9l\u00e9on tress\u00e9e"},"content":{"rendered":"<h2><strong>Cam\u00e9l\u00e9on \u00e0 accrocher ou \u00e0 poser<\/strong><\/h2>\n<p>Utilisez-le comme une <strong>d\u00e9coration naturelle ou un ornement humoristique<\/strong>. Il est tress\u00e9 main \u00e0 partir d&rsquo;une plante naturelle, appel\u00e9e alfa, <a href=\"\/fr\/doum-presentation-conseils-entretien\/\" target=\"_blank\" rel=\"noopener\"><em>doum<\/em><\/a> ou esparto, plante m\u00e9diterran\u00e9enne r\u00e9sistante et \u00e9cologique.<\/p>\n<h2><strong>D\u00e9coration boh\u00e8me pour jardin<\/strong><\/h2>\n<p>Dans un jardin int\u00e9rieur, cach\u00e9e dans une plante ou expos\u00e9 sur un mur, c&rsquo;est la d\u00e9co parfaite pour tous les amoureux de ces attachantes petites b\u00eates. En outre, cette sculpture cam\u00e9l\u00e9on est un moyen amusant d&rsquo;apporter une touche boh\u00e8me et naturelle.<\/p>\n<p>Pourquoi je l&rsquo;aime:<\/p>\n<p><strong><em>Tr\u00e8s reconnaissable et en m\u00eame temps stylis\u00e9 avec ses pattes d\u00e9gingand\u00e9es, ses petites griffes de m\u00e9tal et ses yeux en perles.<\/em><\/strong><\/p>\n<p>Dimensions : environ 60cm de long sur 12cm de haut<\/p>\n<p>Ce produit artisanal, fabriqu\u00e9 au Maroc, peut comporter certaines imperfections qui sont la garantie d&rsquo;un travail artisanal. Ils sont tous uniques, et peuvent avoir un design l\u00e9g\u00e8rement diff\u00e9rent. La plante avec laquelle ils sont fabriqu\u00e9s peut avoir une teinte ou des nuances diff\u00e9rentes selon la p\u00e9riode o\u00f9 elle a \u00e9t\u00e9 cueillie (pluie, s\u00e9cheresse..). Elle est souvent verte lorsqu&rsquo;elle vient d&rsquo;\u00eatre cueillie, mais la fibre jaunira avec le temps. Laissez l&rsquo;ornement au soleil quelques jours et il prendra une jolie teinte dor\u00e9e.<\/p>\n","protected":false},"excerpt":{"rendered":"<p>Joli petit cam\u00e9l\u00e9on tress\u00e9 en <a href=\"\/fr\/doum-presentation-conseils-entretien\/\" target=\"_blank\" rel=\"noopener\">doum<\/a> naturel.<\/p>\n<p>Une sculpture en fibres naturelles qui apporte une touche d&rsquo;humour dans un jardin ou dans des plantes.<\/p>\n","protected":false},"featured_media":699,"comment_status":"open","ping_status":"closed","template":"","meta":[],"product_brand":[],"product_cat":[473,467,598,24],"product_tag":[460,80,300,79],"class_list":{"0":"post-695","1":"product","2":"type-product","3":"status-publish","4":"has-post-thumbnail","6":"product_cat-objets-decoratifs","7":"product_cat-decoration-maison","8":"product_cat-soldes","9":"product_cat-trophees-tetes-animaux","10":"product_tag-latitude-fun","11":"product_tag-osier","12":"product_tag-paille","13":"product_tag-rotin","15":"first","16":"instock","17":"sale","18":"taxable","19":"shipping-taxable","20":"purchasable","21":"product-type-simple"},"_links":{"self":[{"href":"https:\/\/www.latitude31n.com\/fr\/wp-json\/wp\/v2\/product\/695","targetHints":{"allow":["GET"]}}],"collection":[{"href":"https:\/\/www.latitude31n.com\/fr\/wp-json\/wp\/v2\/product"}],"about":[{"href":"https:\/\/www.latitude31n.com\/fr\/wp-json\/wp\/v2\/types\/product"}],"replies":[{"embeddable":true,"href":"https:\/\/www.latitude31n.com\/fr\/wp-json\/wp\/v2\/comments?post=695"}],"wp:featuredmedia":[{"embeddable":true,"href":"https:\/\/www.latitude31n.com\/fr\/wp-json\/wp\/v2\/media\/699"}],"wp:attachment":[{"href":"https:\/\/www.latitude31n.com\/fr\/wp-json\/wp\/v2\/media?parent=695"}],"wp:term":[{"taxonomy":"product_brand","embeddable":true,"href":"https:\/\/www.latitude31n.com\/fr\/wp-json\/wp\/v2\/product_brand?post=695"},{"taxonomy":"product_cat","embeddable":true,"href":"https:\/\/www.latitude31n.com\/fr\/wp-json\/wp\/v2\/product_cat?post=695"},{"taxonomy":"product_tag","embeddable":true,"href":"https:\/\/www.latitude31n.com\/fr\/wp-json\/wp\/v2\/product_tag?post=695"}],"curies":[{"name":"wp","href":"https:\/\/api.w.org\/{rel}","templated":true}]}}