{"id":69,"date":"2021-05-28T09:19:49","date_gmt":"2021-05-28T08:19:49","guid":{"rendered":"https:\/\/www.latitude31n.com\/?post_type=product&#038;p=69"},"modified":"2026-01-19T15:52:23","modified_gmt":"2026-01-19T14:52:23","slug":"petite-suspension-tressee-ajouree","status":"publish","type":"product","link":"https:\/\/www.latitude31n.com\/fr\/luminaires\/petite-suspension-tressee-ajouree\/","title":{"rendered":"Petite suspension ajour\u00e9e h25cm"},"content":{"rendered":"<h2><strong>Suspension boh\u00e8me en paille, petit format<\/strong><\/h2>\n<p>Cette petite suspension, confectionn\u00e9e avec de la paille d&rsquo;alfa, \u00e9galement connue sous le nom de doum, offre une beaut\u00e9 naturelle et brute. Le tressage habile est entrelac\u00e9 d&rsquo;ouvertures en cordes de fibres de palmier, cr\u00e9ant un jeu subtil de lumi\u00e8re. Les brins d\u00e9licatement dispos\u00e9s tout autour accentuent l&rsquo;effet a\u00e9rien, ajoutant une touche d&rsquo;exotisme.<\/p>\n<h2><strong>Petite taille, grande polyvalence<\/strong><\/h2>\n<p>La petite taille de la suspension la rend id\u00e9ale pour une vari\u00e9t\u00e9 de configurations. En paire, elle peut illuminer avec \u00e9l\u00e9gance vos tables de chevet. En trio ou plus, elle cr\u00e9e une ambiance chaleureuse au-dessus d&rsquo;un bar, d&rsquo;un comptoir ou d&rsquo;une table \u00e0 manger. Align\u00e9e en grappes, elle offre un impact visuel puissant. Dans les petits espaces, tels que les salles de bains, cuisines ou entr\u00e9es, elle apporte une lumi\u00e8re douce et styl\u00e9e.<\/p>\n<p>Cette suspension, arborant un style boh\u00e8me chic, s&rsquo;int\u00e8gre harmonieusement dans tout d\u00e9cor contemporain ou ethnique.<\/p>\n<p>N&rsquo;h\u00e9sitez pas \u00e0 consulter notre page sur <a href=\"\/fr\/idees-deco-artisanat\/\" target=\"_blank\" rel=\"noopener\">les id\u00e9es d\u00e9co de nos clients<\/a> avec cette petite suspension.<\/p>\n<p>M\u00eame mod\u00e8le et m\u00eame taille mais avec <a href=\"\/fr\/luminaires\/petit-luminaire-tresse-cone\/\" target=\"_blank\" rel=\"noopener\">tressage plein.<\/a><\/p>\n<p>Dimensions : h20\/25cm, diam.25\/30cm<\/p>\n<p>Le luminaire ne comporte pas de syst\u00e8me \u00e9lectrique.<br \/>\nUne anse est pr\u00e9vue pour l&rsquo;accrocher. Pour plus de conseils sur l&rsquo;installation, veuillez consulter notre <a href=\"\/fr\/installer-suspension-paille\/\" target=\"_blank\" rel=\"noopener\">article sur les diff\u00e9rentes m\u00e9thodes d&rsquo;accroche de nos suspensions<\/a>.<\/p>\n<p>Cette suspension est artisanale et unique. Elle peut comporter certaines irr\u00e9gularit\u00e9s qui en font tout le charme. Il peut y avoir de l\u00e9g\u00e8res variations dans la forme, la dimension ou la couleur, selon la condition de la mati\u00e8re. La couleur est souvent verte quand la mati\u00e8re est jeune et devient de plus en plus jaune ou bronz\u00e9e, avec le temps.<\/p>\n<p>Conseils<\/p>\n<p>* Pour acc\u00e9l\u00e9rer le jaunissement de la fibre, laisser la suspension au soleil pendant quelques jours.<br \/>\n* La fibre d&rsquo;alfa, herbe m\u00e9diterran\u00e9enne utilis\u00e9e pour la confection de ces luminaires, est mall\u00e9able. Si elle a \u00e9t\u00e9 pli\u00e9e pendant le transport et conserve la forme due au transport, la laisser quelques heures au sol le temps qu&rsquo;elle reprenne sa forme habituelle. Si ce n&rsquo;est pas le cas, vous pouvez l&rsquo;asperger l\u00e9g\u00e8rement et l&rsquo;aider avec des poids ou des gabarits.<\/p>\n<p>Plus d&rsquo;infos et de conseils sur notre blog avec l&rsquo;article sur le <a href=\"\/fr\/doum-presentation-conseils-entretien\/\" target=\"_blank\" rel=\"noopener\"><em>doum marocain.<\/em><\/a><\/p>\n","protected":false},"excerpt":{"rendered":"<p>Une petite taille et un design l\u00e9ger et ajour\u00e9 sont parfaits pour les utiliser en guise de lampes de chevet, en composition (guirlandes, trio ou plus) ou en appliques.<\/p>\n<p>&nbsp;<\/p>\n<p>&nbsp;<\/p>\n","protected":false},"featured_media":67,"comment_status":"open","ping_status":"closed","template":"","meta":[],"product_brand":[],"product_cat":[22,894],"product_tag":[81,352,83,88,84,85,350,461,308,307,423,80,82,79,282],"class_list":{"0":"post-69","1":"product","2":"type-product","3":"status-publish","4":"has-post-thumbnail","6":"product_cat-luminaires","7":"product_cat-suspension-paille","8":"product_tag-bambou","9":"product_tag-bord-de-mer","10":"product_tag-brins","11":"product_tag-exotique","12":"product_tag-franges","13":"product_tag-lampe","14":"product_tag-lampe-panier","15":"product_tag-latitude-lumineuse","16":"product_tag-maison-de-plage","17":"product_tag-maison-de-vacances","18":"product_tag-nomade","19":"product_tag-osier","20":"product_tag-raphia","21":"product_tag-rotin","22":"product_tag-vegetal","24":"first","25":"instock","26":"taxable","27":"shipping-taxable","28":"purchasable","29":"product-type-simple"},"_links":{"self":[{"href":"https:\/\/www.latitude31n.com\/fr\/wp-json\/wp\/v2\/product\/69","targetHints":{"allow":["GET"]}}],"collection":[{"href":"https:\/\/www.latitude31n.com\/fr\/wp-json\/wp\/v2\/product"}],"about":[{"href":"https:\/\/www.latitude31n.com\/fr\/wp-json\/wp\/v2\/types\/product"}],"replies":[{"embeddable":true,"href":"https:\/\/www.latitude31n.com\/fr\/wp-json\/wp\/v2\/comments?post=69"}],"wp:featuredmedia":[{"embeddable":true,"href":"https:\/\/www.latitude31n.com\/fr\/wp-json\/wp\/v2\/media\/67"}],"wp:attachment":[{"href":"https:\/\/www.latitude31n.com\/fr\/wp-json\/wp\/v2\/media?parent=69"}],"wp:term":[{"taxonomy":"product_brand","embeddable":true,"href":"https:\/\/www.latitude31n.com\/fr\/wp-json\/wp\/v2\/product_brand?post=69"},{"taxonomy":"product_cat","embeddable":true,"href":"https:\/\/www.latitude31n.com\/fr\/wp-json\/wp\/v2\/product_cat?post=69"},{"taxonomy":"product_tag","embeddable":true,"href":"https:\/\/www.latitude31n.com\/fr\/wp-json\/wp\/v2\/product_tag?post=69"}],"curies":[{"name":"wp","href":"https:\/\/api.w.org\/{rel}","templated":true}]}}