{"id":685,"date":"2021-05-28T10:20:06","date_gmt":"2021-05-28T09:20:06","guid":{"rendered":"https:\/\/www.latitude31n.com\/?post_type=product&#038;p=685"},"modified":"2025-10-02T17:06:29","modified_gmt":"2025-10-02T16:06:29","slug":"trophee-majestueuse-tete-de-cerf-grands-bois","status":"publish","type":"product","link":"https:\/\/www.latitude31n.com\/fr\/trophees-tetes-animaux\/trophee-majestueuse-tete-de-cerf-grands-bois\/","title":{"rendered":"Troph\u00e9e t\u00eate de cerf grands bois"},"content":{"rendered":"<h2>Troph\u00e9e cerf en paille tress\u00e9e<\/h2>\n<p>Magnifique t\u00eate de cerf, impressionnante et majestueuse avec ses longs bois en corde de palmier. Le faux troph\u00e9e de taxidermie est remarquable, et fera grande impression avec son look troph\u00e9e de chasse. Il ne passera pas inaper\u00e7u et provoquera nombres de r\u00e9actions de vos invit\u00e9s.<\/p>\n<h2>Fausse taxidermie et vraie mignonnerie<\/h2>\n<p>R\u00e9alis\u00e9e \u00e0 la main, cette t\u00eate d&rsquo;animal des bois d\u00e9corera avec humour un coin ou un mur trop banal. Totalement d\u00e9cal\u00e9 et tr\u00e8s tendance.<\/p>\n<p>Pourquoi je l&rsquo;aime :<\/p>\n<p><em><strong>Celui-ci, c&rsquo;est le troph\u00e9e de chasse typique&#8230; mais dans sa version mignonne!<\/strong><br \/>\n<\/em><\/p>\n<p>Dimensions :<br \/>\nS = h60x20x10 cm (t\u00eate : h20cm)<br \/>\nM = h70x25x13cm<\/p>\n<p>A accrocher tel quel, avec un crochet L, elle donne l&rsquo;impression de sortir tout droit du mur.<\/p>\n<p>C&rsquo;est un produit artisanal, fait \u00e0 la main qui peut comporter certaines imperfections qui sont le t\u00e9moin de la main de l&rsquo;homme. Chaque t\u00eate est unique, et peut avoir un design l\u00e9g\u00e8rement diff\u00e9rent. Elles sont fabriqu\u00e9es \u00e0 partir d&rsquo;une plante r\u00e9sistante appel\u00e9e alfa ou esparto, qui peut avoir une teinte ou des nuances diff\u00e9rentes selon la p\u00e9riode o\u00f9 elle a \u00e9t\u00e9 cueillie (pluie, s\u00e9cheresse..). Pour plus de renseignements et de conseils, visitez <a href=\"\/fr\/doum-presentation-conseils-entretien\/\" target=\"_blank\" rel=\"noopener\">notre page sur le <em>doum<\/em><\/a>.<\/p>\n<p>&nbsp;<\/p>\n","protected":false},"excerpt":{"rendered":"<p>Impressionnez vos invit\u00e9s avec cette t\u00eate d&rsquo;animal tress\u00e9 aux longs bois de corde. Tout naturel !<\/p>\n","protected":false},"featured_media":32561,"comment_status":"open","ping_status":"closed","template":"","meta":[],"product_brand":[],"product_cat":[24],"product_tag":[110,276,108,109,73,578,80,300,82,79],"class_list":{"0":"post-685","1":"product","2":"type-product","3":"status-publish","4":"has-post-thumbnail","6":"product_cat-trophees-tetes-animaux","7":"product_tag-animaux","8":"product_tag-art-mural","9":"product_tag-chambre-denfant","10":"product_tag-chambre-de-bebe","11":"product_tag-enfant","12":"product_tag-foret","13":"product_tag-osier","14":"product_tag-paille","15":"product_tag-raphia","16":"product_tag-rotin","18":"first","19":"instock","20":"taxable","21":"shipping-taxable","22":"purchasable","23":"product-type-variable"},"_links":{"self":[{"href":"https:\/\/www.latitude31n.com\/fr\/wp-json\/wp\/v2\/product\/685","targetHints":{"allow":["GET"]}}],"collection":[{"href":"https:\/\/www.latitude31n.com\/fr\/wp-json\/wp\/v2\/product"}],"about":[{"href":"https:\/\/www.latitude31n.com\/fr\/wp-json\/wp\/v2\/types\/product"}],"replies":[{"embeddable":true,"href":"https:\/\/www.latitude31n.com\/fr\/wp-json\/wp\/v2\/comments?post=685"}],"wp:featuredmedia":[{"embeddable":true,"href":"https:\/\/www.latitude31n.com\/fr\/wp-json\/wp\/v2\/media\/32561"}],"wp:attachment":[{"href":"https:\/\/www.latitude31n.com\/fr\/wp-json\/wp\/v2\/media?parent=685"}],"wp:term":[{"taxonomy":"product_brand","embeddable":true,"href":"https:\/\/www.latitude31n.com\/fr\/wp-json\/wp\/v2\/product_brand?post=685"},{"taxonomy":"product_cat","embeddable":true,"href":"https:\/\/www.latitude31n.com\/fr\/wp-json\/wp\/v2\/product_cat?post=685"},{"taxonomy":"product_tag","embeddable":true,"href":"https:\/\/www.latitude31n.com\/fr\/wp-json\/wp\/v2\/product_tag?post=685"}],"curies":[{"name":"wp","href":"https:\/\/api.w.org\/{rel}","templated":true}]}}