{"id":680,"date":"2021-05-28T10:15:04","date_gmt":"2021-05-28T09:15:04","guid":{"rendered":"https:\/\/www.latitude31n.com\/?post_type=product&#038;p=680"},"modified":"2025-02-10T13:22:37","modified_gmt":"2025-02-10T12:22:37","slug":"trophee-ane-criniere","status":"publish","type":"product","link":"https:\/\/www.latitude31n.com\/fr\/trophees-tetes-animaux\/trophee-ane-criniere\/","title":{"rendered":"Troph\u00e9e \u00e2ne \u00e0 crini\u00e8re"},"content":{"rendered":"<h2><strong>Troph\u00e9e animal fantaisiste et humoristique<\/strong><\/h2>\n<p>Il est tr\u00e8s r\u00e9aliste avec ses yeux soulign\u00e9s de corde, ses grandes oreilles dress\u00e9es et sa crini\u00e8re en raphia. C&rsquo;est d&rsquo;ailleurs sa crini\u00e8re qui lui apporte fantaisie et originalit\u00e9. La d\u00e9coration murale attire particuli\u00e8rement l&rsquo;attention.<\/p>\n<p>Cette sculpture animali\u00e8re murale se moque gentiment des traditions des troph\u00e9es de chasse.<\/p>\n<h2>L&rsquo;\u00e2ne rigolo \u00e0 crini\u00e8re<\/h2>\n<p>Il est tress\u00e9 \u00e0 la main en feuilles de palmier par des artisans artistes de Marrakech. La mati\u00e8re naturelle qu&rsquo;est l&rsquo;alfa (ou <em><a href=\"\/fr\/doum-presentation-conseils-entretien\/\" target=\"_blank\" rel=\"noopener\">doum<\/a><\/em> en arabe) est totalement \u00e9cologique, on peut donc sans probl\u00e8me l&rsquo;accrocher dans une chambre ou n&rsquo;importe quelle pi\u00e8ce de la maison.<\/p>\n<p>Pourquoi je l&rsquo;aime :<\/p>\n<p><strong><em>Je l&rsquo;adore celui-l\u00e0 avec sa crini\u00e8re punk.\u00a0<\/em><\/strong><\/p>\n<p>Dimensions : environ 50cm de haut<\/p>\n<p>On le pose tout simplement sur un crochet en L, un clou ou une vis, pour donner cette impression de passe-muraille, sa t\u00eate semble sortir du mur.<\/p>\n<p>C&rsquo;est un produit artisanal unique. Il peut avoir un design l\u00e9g\u00e8rement diff\u00e9rent.<\/p>\n<p>Les artisans marocains fabriquent ces d\u00e9corations murales \u00e0 partir d&rsquo;une plante r\u00e9sistante appel\u00e9e alfa ou esparto, qui peut avoir une teinte ou des nuances diff\u00e9rentes selon la p\u00e9riode de la cueillette (pluie, s\u00e9cheresse..). Jeune, la fibre est verte mais elle jaunira avec le temps. Pour acc\u00e9l\u00e9rer le jaunissement, vous pouvez laisser la t\u00eate au soleil.<\/p>\n<p>Pour plus de renseignements et de conseils sur la plante <em>doum<\/em>, vous pouvez consulter <a href=\"\/fr\/doum-presentation-conseils-entretien\/\" target=\"_blank\" rel=\"noopener\">notre article sur le blog<\/a>.<\/p>\n<p>&nbsp;<\/p>\n","protected":false},"excerpt":{"rendered":"<p>Un de nos troph\u00e9es animal mural les plus rigolo avec <a href=\"\/fr\/trophees-tetes-animaux\/trophee-tete-belier-barbiche\/\" target=\"_blank\" rel=\"noopener\">le b\u00e9lier \u00e0 barbiche<\/a>.<\/p>\n","protected":false},"featured_media":28962,"comment_status":"open","ping_status":"closed","template":"","meta":[],"product_brand":[],"product_cat":[24],"product_tag":[110,87,108,109,114,460,80,82,79],"class_list":{"0":"post-680","1":"product","2":"type-product","3":"status-publish","4":"has-post-thumbnail","6":"product_cat-trophees-tetes-animaux","7":"product_tag-animaux","8":"product_tag-boheme","9":"product_tag-chambre-denfant","10":"product_tag-chambre-de-bebe","11":"product_tag-ferme","12":"product_tag-latitude-fun","13":"product_tag-osier","14":"product_tag-raphia","15":"product_tag-rotin","17":"first","18":"instock","19":"taxable","20":"shipping-taxable","21":"purchasable","22":"product-type-simple"},"_links":{"self":[{"href":"https:\/\/www.latitude31n.com\/fr\/wp-json\/wp\/v2\/product\/680","targetHints":{"allow":["GET"]}}],"collection":[{"href":"https:\/\/www.latitude31n.com\/fr\/wp-json\/wp\/v2\/product"}],"about":[{"href":"https:\/\/www.latitude31n.com\/fr\/wp-json\/wp\/v2\/types\/product"}],"replies":[{"embeddable":true,"href":"https:\/\/www.latitude31n.com\/fr\/wp-json\/wp\/v2\/comments?post=680"}],"wp:featuredmedia":[{"embeddable":true,"href":"https:\/\/www.latitude31n.com\/fr\/wp-json\/wp\/v2\/media\/28962"}],"wp:attachment":[{"href":"https:\/\/www.latitude31n.com\/fr\/wp-json\/wp\/v2\/media?parent=680"}],"wp:term":[{"taxonomy":"product_brand","embeddable":true,"href":"https:\/\/www.latitude31n.com\/fr\/wp-json\/wp\/v2\/product_brand?post=680"},{"taxonomy":"product_cat","embeddable":true,"href":"https:\/\/www.latitude31n.com\/fr\/wp-json\/wp\/v2\/product_cat?post=680"},{"taxonomy":"product_tag","embeddable":true,"href":"https:\/\/www.latitude31n.com\/fr\/wp-json\/wp\/v2\/product_tag?post=680"}],"curies":[{"name":"wp","href":"https:\/\/api.w.org\/{rel}","templated":true}]}}