{"id":665,"date":"2021-05-28T10:11:27","date_gmt":"2021-05-28T09:11:27","guid":{"rendered":"https:\/\/www.latitude31n.com\/?post_type=product&#038;p=665"},"modified":"2025-08-18T12:19:29","modified_gmt":"2025-08-18T11:19:29","slug":"trophee-tete-dane-chevelu","status":"publish","type":"product","link":"https:\/\/www.latitude31n.com\/fr\/trophees-tetes-animaux\/trophee-tete-dane-chevelu\/","title":{"rendered":"Troph\u00e9e t\u00eate d&rsquo;\u00e2ne \u00ab\u00a0chevelu\u00a0\u00bb"},"content":{"rendered":"<h2>D\u00e9coration murale originale et unique : l&rsquo;\u00e2ne en paille<\/h2>\n<p>Une interpr\u00e9tation libre et humoristique du Baudet de Poitou, cet \u00e2ne au long et \u00e9pais pelage.<\/p>\n<p>Fait \u00e0 la main au Maroc, le faux troph\u00e9e est tress\u00e9 par de talentueux artisans vanniers.<br \/>\nPour une d\u00e9co d\u00e9cal\u00e9e et fantaisiste (chambre d&rsquo;enfant, d\u00e9co urbaine) ou pour apporter un c\u00f4t\u00e9 authentique et naturel (ferme, maison de campagne).<\/p>\n<h2>T\u00eate d&rsquo;animal en paille pour le fun<\/h2>\n<p>Le faux troph\u00e9e donne de l&rsquo;int\u00e9r\u00eat et du relief aux murs que ce soit sur un mur associ\u00e9 \u00e0 des cadres, surplombant le lit dans la chambre ou au-dessus de la chemin\u00e9e.<\/p>\n<p>Convient pour une chambre d&rsquo;enfant, car tout est naturel. Mais \u00e9galement dans une entr\u00e9e ou un salon, pour un c\u00f4t\u00e9 cabinet de curiosit\u00e9s. Elle est tress\u00e9e main, donc peut avoir certaines irr\u00e9gularit\u00e9s qui en font tout le charme.<\/p>\n<p>On peut l&rsquo; accrocher tel quel, avec un crochet L, et la t\u00eate semble tout droit sortir du mur.<\/p>\n<p>C&rsquo;est un <strong>produit artisanal<\/strong>, fait \u00e0 la main qui peut comporter certaines imperfections qui sont le t\u00e9moin de la main de l&rsquo;homme. Ils sont tous uniques, et peuvent avoir un design un peu diff\u00e9rent. La plante utilis\u00e9, l\u2019Alfa ou <a href=\"\/fr\/doum-presentation-conseils-entretien\/\" target=\"_blank\" rel=\"noopener\"><em>doum<\/em><\/a>, est une mati\u00e8re r\u00e9sistante, waterproof et \u00e9co-friendly. Elle ressemble \u00e0 un jonc tr\u00e8s dur.\u00a0 Cette mati\u00e8re naturelle dans l&rsquo;esprit du rotin ou de l&rsquo;osier, peut avoir une teinte diff\u00e9rente selon la p\u00e9riode o\u00f9 elle a \u00e9t\u00e9 cueilli (pluie, s\u00e9cheresse..). Elle est souvent verte lorsqu&rsquo;elle vient d&rsquo;\u00eatre cueillie, mais la fibre jaunira avec le temps.<\/p>\n<p>Pour acc\u00e9l\u00e9rer le jaunissement, vous pouvez laisser la t\u00eate au soleil.<\/p>\n","protected":false},"excerpt":{"rendered":"<p>Interpr\u00e9tation libre et humoristique de l&rsquo;\u00e2ne de ferme, avec une crini\u00e8re aux jolis tons de bruns et son bonnet.<\/p>\n<ul>\n<li data-sourcepos=\"11:1-11:51\">Mat\u00e9riau : Paille naturelle <a href=\"https:\/\/www.latitude31n.com\/fr\/doum-presentation-conseils-entretien\/\" target=\"_blank\" rel=\"noopener\"><em>doum<\/em> <\/a>tress\u00e9e \u00e0 la main<\/li>\n<li data-sourcepos=\"12:1-12:47\">Finition : Broderies et ornements en laine<\/li>\n<li data-sourcepos=\"12:1-12:47\">Dimensions : h43x20x15 cm<\/li>\n<\/ul>\n<p>&nbsp;<\/p>\n","protected":false},"featured_media":32352,"comment_status":"open","ping_status":"closed","template":"","meta":[],"product_brand":[],"product_cat":[24,892],"product_tag":[460,80,82,79],"class_list":{"0":"post-665","1":"product","2":"type-product","3":"status-publish","4":"has-post-thumbnail","6":"product_cat-trophees-tetes-animaux","7":"product_cat-deco-enfant","8":"product_tag-latitude-fun","9":"product_tag-osier","10":"product_tag-raphia","11":"product_tag-rotin","13":"first","14":"instock","15":"taxable","16":"shipping-taxable","17":"purchasable","18":"product-type-simple"},"_links":{"self":[{"href":"https:\/\/www.latitude31n.com\/fr\/wp-json\/wp\/v2\/product\/665","targetHints":{"allow":["GET"]}}],"collection":[{"href":"https:\/\/www.latitude31n.com\/fr\/wp-json\/wp\/v2\/product"}],"about":[{"href":"https:\/\/www.latitude31n.com\/fr\/wp-json\/wp\/v2\/types\/product"}],"replies":[{"embeddable":true,"href":"https:\/\/www.latitude31n.com\/fr\/wp-json\/wp\/v2\/comments?post=665"}],"wp:featuredmedia":[{"embeddable":true,"href":"https:\/\/www.latitude31n.com\/fr\/wp-json\/wp\/v2\/media\/32352"}],"wp:attachment":[{"href":"https:\/\/www.latitude31n.com\/fr\/wp-json\/wp\/v2\/media?parent=665"}],"wp:term":[{"taxonomy":"product_brand","embeddable":true,"href":"https:\/\/www.latitude31n.com\/fr\/wp-json\/wp\/v2\/product_brand?post=665"},{"taxonomy":"product_cat","embeddable":true,"href":"https:\/\/www.latitude31n.com\/fr\/wp-json\/wp\/v2\/product_cat?post=665"},{"taxonomy":"product_tag","embeddable":true,"href":"https:\/\/www.latitude31n.com\/fr\/wp-json\/wp\/v2\/product_tag?post=665"}],"curies":[{"name":"wp","href":"https:\/\/api.w.org\/{rel}","templated":true}]}}