{"id":655,"date":"2021-05-28T09:54:05","date_gmt":"2021-05-28T08:54:05","guid":{"rendered":"https:\/\/www.latitude31n.com\/?post_type=product&#038;p=655"},"modified":"2026-02-21T19:17:57","modified_gmt":"2026-02-21T18:17:57","slug":"trophee-tete-dantilope-tressee","status":"publish","type":"product","link":"https:\/\/www.latitude31n.com\/fr\/trophees-tetes-animaux\/trophee-tete-dantilope-tressee\/","title":{"rendered":"Troph\u00e9e t\u00eate d&rsquo;antilope tress\u00e9e"},"content":{"rendered":"<h2>Magnifique sculpture animali\u00e8re: la gazelle africaine<\/h2>\n<p>Elle donnera du caract\u00e8re \u00e0 vos murs. La t\u00eate d&rsquo;antilope aux longs bois repr\u00e9sente un bon moyen d&rsquo;apporter une touche boh\u00e8me, ethnique et amusante \u00e0 la fois.<\/p>\n<h2>D\u00e9co murale sur le th\u00e8me des animaux<\/h2>\n<p>Pour une chambre d&rsquo;enfant \u00e0 l&rsquo;atmosph\u00e8re africaine, un salon boh\u00e8me chic, un mur de curiosit\u00e9s ou une biblioth\u00e8que bureau aux allures de cabinet de curiosit\u00e9s. En outre, les amateurs d&rsquo;insolite et d&rsquo;originalit\u00e9 aimeront particuli\u00e8rement cette t\u00eate d&rsquo;animal qui impressionne par sa taille et son r\u00e9alisme.<\/p>\n<p>Le faux troph\u00e9e mural est tress\u00e9e \u00e0 la main en paille naturelle <em>doum.<\/em><\/p>\n<p>Pourquoi je l&rsquo;aime :<\/p>\n<p><strong><em>C&rsquo;est le vrai troph\u00e9e de chasse (sans la chasse!)<\/em><\/strong><\/p>\n<p>Dimensions :<br \/>\nM = 55\/60x30x13cm<br \/>\nL = 70x35x13 cm<\/p>\n<p>A accrocher tel quel, avec un crochet L, la t\u00eate semble sortir du mur.<\/p>\n<p>Cette sculpture faite main peut comporter certaines imperfections qui sont le t\u00e9moin de la main de l&rsquo;homme. En effet, elles sont toutes uniques, et peuvent diff\u00e9rer l\u00e9g\u00e8rement. Les artisans les fabriquent \u00e0 partir d&rsquo;une plante r\u00e9sistante appel\u00e9e <em>doum<\/em>, alfa ou esparto. La mati\u00e8re peut avoir une teinte ou des nuances diff\u00e9rentes selon la p\u00e9riode o\u00f9 elle a \u00e9t\u00e9 cueillie (pluie, s\u00e9cheresse..).\u00a0 Pour acc\u00e9l\u00e9rer le jaunissement, vous pouvez laisser la t\u00eate au soleil. Pour plus de conseils sur la fibre et son entretien, consultez <a href=\"\/fr\/doum-presentation-conseils-entretien\/\" target=\"_blank\" rel=\"noopener\">notre article sur le <em>doum<\/em><\/a>.<\/p>\n","protected":false},"excerpt":{"rendered":"<p>Fine et \u00e9l\u00e9gante, cette antilope tress\u00e9e aux longs bois en corde de palmier agr\u00e9mentera joliment vos murs tout en apportant une touche naturelle \u00e0 votre int\u00e9rieur. Le troph\u00e9e, mais pas la chasse.<\/p>\n","protected":false},"featured_media":658,"comment_status":"open","ping_status":"closed","template":"","meta":[],"product_brand":[],"product_cat":[24],"product_tag":[276,108,73,579,80,82,79],"class_list":{"0":"post-655","1":"product","2":"type-product","3":"status-publish","4":"has-post-thumbnail","6":"product_cat-trophees-tetes-animaux","7":"product_tag-art-mural","8":"product_tag-chambre-denfant","9":"product_tag-enfant","10":"product_tag-jungle","11":"product_tag-osier","12":"product_tag-raphia","13":"product_tag-rotin","15":"first","16":"instock","17":"taxable","18":"shipping-taxable","19":"purchasable","20":"product-type-variable"},"_links":{"self":[{"href":"https:\/\/www.latitude31n.com\/fr\/wp-json\/wp\/v2\/product\/655","targetHints":{"allow":["GET"]}}],"collection":[{"href":"https:\/\/www.latitude31n.com\/fr\/wp-json\/wp\/v2\/product"}],"about":[{"href":"https:\/\/www.latitude31n.com\/fr\/wp-json\/wp\/v2\/types\/product"}],"replies":[{"embeddable":true,"href":"https:\/\/www.latitude31n.com\/fr\/wp-json\/wp\/v2\/comments?post=655"}],"wp:featuredmedia":[{"embeddable":true,"href":"https:\/\/www.latitude31n.com\/fr\/wp-json\/wp\/v2\/media\/658"}],"wp:attachment":[{"href":"https:\/\/www.latitude31n.com\/fr\/wp-json\/wp\/v2\/media?parent=655"}],"wp:term":[{"taxonomy":"product_brand","embeddable":true,"href":"https:\/\/www.latitude31n.com\/fr\/wp-json\/wp\/v2\/product_brand?post=655"},{"taxonomy":"product_cat","embeddable":true,"href":"https:\/\/www.latitude31n.com\/fr\/wp-json\/wp\/v2\/product_cat?post=655"},{"taxonomy":"product_tag","embeddable":true,"href":"https:\/\/www.latitude31n.com\/fr\/wp-json\/wp\/v2\/product_tag?post=655"}],"curies":[{"name":"wp","href":"https:\/\/api.w.org\/{rel}","templated":true}]}}