{"id":647,"date":"2021-05-28T09:47:43","date_gmt":"2021-05-28T08:47:43","guid":{"rendered":"https:\/\/www.latitude31n.com\/?post_type=product&#038;p=647"},"modified":"2026-04-11T11:18:37","modified_gmt":"2026-04-11T10:18:37","slug":"trophee-girafe","status":"publish","type":"product","link":"https:\/\/www.latitude31n.com\/fr\/trophees-tetes-animaux\/trophee-girafe\/","title":{"rendered":"Troph\u00e9e paille t\u00eate de girafe"},"content":{"rendered":"<h2>T\u00eate de girafe d\u00e9corative<\/h2>\n<p>Cette belle t\u00eate d&rsquo;animal \u00e0 accrocher au mur est une d\u00e9coration originale qui anime une maison et apporte du caract\u00e8re \u00e0 un mur trop vide. Elle fait la joie des petits, tout autant que les plus grands. La fausse taxidermie est tress\u00e9e en <a href=\"\/fr\/doum-presentation-conseils-entretien\/\" target=\"_blank\" rel=\"noopener\">alfa<\/a>, une paille naturelle que l&rsquo;on trouve au Maroc. Tr\u00e8s r\u00e9sistante, elle permet \u00e9galement d&rsquo;apporter mati\u00e8re naturelle et texture dans une d\u00e9co.<\/p>\n<p>Fine et \u00e9l\u00e9gante, cette t\u00eate de girafe fait tr\u00e8s bel effet et est un v\u00e9ritable pied de nez aux vrais troph\u00e9es de chasse.<\/p>\n<h2>D\u00e9co naturelle et \u00e9cologique pour chambre d&rsquo;enfant<\/h2>\n<p>Le faux troph\u00e9e est id\u00e9al dans une chambre d&rsquo;enfant d\u00e9cor\u00e9 sur le th\u00e8me jungle ou safari. Et saura apporter le sourire sur le visage de votre petite terreur. Combinez la avec <a href=\"\/fr\/trophees-tetes-animaux\/elephant-trophee-a-accrocher-au-mur\/\" target=\"_blank\" rel=\"noopener\">l&rsquo;\u00e9l\u00e9phant<\/a>, <a href=\"\/fr\/trophees-tetes-animaux\/trophee-tete-dantilope-tressee\/\" target=\"_blank\" rel=\"noopener\">l&rsquo;antilope<\/a> et la <a href=\"\/fr\/trophees-tetes-animaux\/trophee-gazelle-tressee\/\" target=\"_blank\" rel=\"noopener\">gazelle<\/a> et vous \u00eates transport\u00e9 en Afrique au milieu des animaux sauvages.<\/p>\n<p>Pourquoi je l&rsquo;aime :<\/p>\n<p><em><strong>Tr\u00e8s \u00e9l\u00e9gante, car toute en longueur. J&rsquo;aime encore plus la mani\u00e8re dont les artisans artistes ont repr\u00e9sent\u00e9 les oreilles.<\/strong><br \/>\n<\/em><\/p>\n<p>Dimensions : environ h45x40x13 cm<\/p>\n<p>C&rsquo;est un produit artisanal, fait \u00e0 la main qui peut comporter certaines imperfections qui sont le t\u00e9moin de la main de l&rsquo;homme. Ils sont tous uniques, et peuvent avoir un design un peu diff\u00e9rent. Ils sont fabriqu\u00e9s \u00e0 partir d&rsquo;une plante r\u00e9sistante appel\u00e9e alfa ou esparto, dans l&rsquo;esprit du rotin, de l&rsquo;osier ou du bambou. Elle est souvent verte lorsqu&rsquo;elle vient d&rsquo;\u00eatre cueillie, mais la fibre jaunira avec le temps. Pour acc\u00e9l\u00e9rer le jaunissement, vous pouvez laisser la t\u00eate au soleil.<\/p>\n<p>Plus de conseils sur l&rsquo;entretien et la mati\u00e8re dans <a href=\"\/fr\/doum-presentation-conseils-entretien\/\" target=\"_blank\" rel=\"noopener\">notre article sur la paille <em>doum<\/em><\/a>.<\/p>\n<p>&nbsp;<\/p>\n","protected":false},"excerpt":{"rendered":"<p>Fine et jolie girafe pour une d\u00e9co murale boh\u00e8me et naturelle.<\/p>\n","protected":false},"featured_media":20263,"comment_status":"open","ping_status":"closed","template":"","meta":[],"product_brand":[],"product_cat":[24],"product_tag":[276,87,108,109,604,432],"class_list":{"0":"post-647","1":"product","2":"type-product","3":"status-publish","4":"has-post-thumbnail","6":"product_cat-trophees-tetes-animaux","7":"product_tag-art-mural","8":"product_tag-boheme","9":"product_tag-chambre-denfant","10":"product_tag-chambre-de-bebe","11":"product_tag-idee-cadeau","12":"product_tag-nurserie","14":"first","15":"instock","16":"taxable","17":"shipping-taxable","18":"purchasable","19":"product-type-simple"},"_links":{"self":[{"href":"https:\/\/www.latitude31n.com\/fr\/wp-json\/wp\/v2\/product\/647","targetHints":{"allow":["GET"]}}],"collection":[{"href":"https:\/\/www.latitude31n.com\/fr\/wp-json\/wp\/v2\/product"}],"about":[{"href":"https:\/\/www.latitude31n.com\/fr\/wp-json\/wp\/v2\/types\/product"}],"replies":[{"embeddable":true,"href":"https:\/\/www.latitude31n.com\/fr\/wp-json\/wp\/v2\/comments?post=647"}],"wp:featuredmedia":[{"embeddable":true,"href":"https:\/\/www.latitude31n.com\/fr\/wp-json\/wp\/v2\/media\/20263"}],"wp:attachment":[{"href":"https:\/\/www.latitude31n.com\/fr\/wp-json\/wp\/v2\/media?parent=647"}],"wp:term":[{"taxonomy":"product_brand","embeddable":true,"href":"https:\/\/www.latitude31n.com\/fr\/wp-json\/wp\/v2\/product_brand?post=647"},{"taxonomy":"product_cat","embeddable":true,"href":"https:\/\/www.latitude31n.com\/fr\/wp-json\/wp\/v2\/product_cat?post=647"},{"taxonomy":"product_tag","embeddable":true,"href":"https:\/\/www.latitude31n.com\/fr\/wp-json\/wp\/v2\/product_tag?post=647"}],"curies":[{"name":"wp","href":"https:\/\/api.w.org\/{rel}","templated":true}]}}