{"id":642,"date":"2021-05-28T09:41:47","date_gmt":"2021-05-28T08:41:47","guid":{"rendered":"https:\/\/www.latitude31n.com\/?post_type=product&#038;p=642"},"modified":"2026-01-29T16:53:33","modified_gmt":"2026-01-29T15:53:33","slug":"trophee-tete-cerf-tressee","status":"publish","type":"product","link":"https:\/\/www.latitude31n.com\/fr\/trophees-tetes-animaux\/trophee-tete-cerf-tressee\/","title":{"rendered":"Troph\u00e9e t\u00eate de cerf tress\u00e9e"},"content":{"rendered":"<h2><strong>T\u00eate d&rsquo;animal en paille : le cerf<\/strong><\/h2>\n<p>La fausse taxidermie, qui plus est tress\u00e9e \u00e0 la main, \u00e9gayera vos murs, donnera du relief et du cachet \u00e0 tout int\u00e9rieur et toute d\u00e9coration. O\u00f9 que cette t\u00eate de cerf se trouve, elle ne laissera pas indiff\u00e9rent et impressionnera vos amis et invit\u00e9s. Particuli\u00e8rement les enfants qui adorent ce genre de d\u00e9coration murale.<\/p>\n<h2><strong>D\u00e9coration murale boh\u00e8me et nature<\/strong><\/h2>\n<p>Sa place \u00e9vidente semble \u00eatre au-dessus de la chemin\u00e9e, id\u00e9alement dans votre chalet \u00e0 la montagne, mais&#8230; tout le monde ne poss\u00e8de pas une maison \u00e0 la campagne! La t\u00eate d&rsquo;animal en paille saura tout aussi bien trouver sa place dans votre appartement en ville. Particuli\u00e8rement dans une chambre d&rsquo;enfant sur le th\u00e8me du monde merveilleux des animaux de la for\u00eat.<\/p>\n<p>Pourquoi je l&rsquo;aime :<\/p>\n<p><strong><em>j&rsquo;aime le d\u00e9tournement du troph\u00e9e de chasse&#8230; sans avoir \u00e0 pratiquer la chasse \u00e0 cour ! Et j&rsquo;ai toujours eu un faible pour l&rsquo;adorable Bambi.<\/em><\/strong><\/p>\n<p>Vous pr\u00e9f\u00e9rerez peut-\u00eatre le <a href=\"\/fr\/trophees-tetes-animaux\/trophee-majestueuse-tete-de-cerf-grands-bois\/\" target=\"_blank\" rel=\"noopener\">cerf aux grands bois<\/a>, le m\u00e2le dominant dans toute sa splendeur. Et si vous voulez jouer la carte \u00ab\u00a0animaux de la for\u00eat\u00a0\u00bb, pensez \u00e9galement au <a href=\"\/fr\/soldes\/trophee-cochon-tresse\/\" target=\"_blank\" rel=\"noopener\">sanglier.<\/a><\/p>\n<p>Dimensions : environ h55x30x14 cm (\u00e0 son maximum, avec les cornes)<\/p>\n<p>Tress\u00e9 main au Maroc.<\/p>\n<p>C&rsquo;est un produit artisanal qui poss\u00e8de des irr\u00e9gularit\u00e9s qui en font tout le charme et son caract\u00e8re unique. Il est r\u00e9alis\u00e9 en alfa, une mati\u00e8re que je trouve beaucoup plus int\u00e9ressante que la paille ou l&rsquo;osier traditionnel, car elle a un aspect plus \u00ab\u00a0brut\u00a0\u00bb, plus nature. Pour plus de renseignements et conseils sur la mati\u00e8re, consultez notre <a href=\"\/fr\/doum-presentation-conseils-entretien\/\" target=\"_blank\" rel=\"noopener\">article sur le <em>doum<\/em><\/a>.<\/p>\n<p>Il peut ne pas y avoir de lani\u00e8re \u00e0 l&rsquo;arri\u00e8re, on peut tr\u00e8s bien l&rsquo; accrocher tel quel, avec un crochet L, cela donnera l&rsquo;impression que la t\u00eate sort tout droit du mur.<\/p>\n","protected":false},"excerpt":{"rendered":"<p>D\u00e9coration murale tress\u00e9e repr\u00e9sentant une t\u00eate de cerf en fibres naturelles. Au dessus de la chemin\u00e9e ou dans la chambre d&rsquo;enfant, elle \u00e9merveillera petits et grands et donnera du cachet \u00e0 votre d\u00e9co.<\/p>\n","protected":false},"featured_media":12638,"comment_status":"open","ping_status":"closed","template":"","meta":[],"product_brand":[],"product_cat":[24],"product_tag":[110,276,87,108,109,578,80,82,79],"class_list":{"0":"post-642","1":"product","2":"type-product","3":"status-publish","4":"has-post-thumbnail","6":"product_cat-trophees-tetes-animaux","7":"product_tag-animaux","8":"product_tag-art-mural","9":"product_tag-boheme","10":"product_tag-chambre-denfant","11":"product_tag-chambre-de-bebe","12":"product_tag-foret","13":"product_tag-osier","14":"product_tag-raphia","15":"product_tag-rotin","17":"first","18":"instock","19":"taxable","20":"shipping-taxable","21":"purchasable","22":"product-type-simple"},"_links":{"self":[{"href":"https:\/\/www.latitude31n.com\/fr\/wp-json\/wp\/v2\/product\/642","targetHints":{"allow":["GET"]}}],"collection":[{"href":"https:\/\/www.latitude31n.com\/fr\/wp-json\/wp\/v2\/product"}],"about":[{"href":"https:\/\/www.latitude31n.com\/fr\/wp-json\/wp\/v2\/types\/product"}],"replies":[{"embeddable":true,"href":"https:\/\/www.latitude31n.com\/fr\/wp-json\/wp\/v2\/comments?post=642"}],"wp:featuredmedia":[{"embeddable":true,"href":"https:\/\/www.latitude31n.com\/fr\/wp-json\/wp\/v2\/media\/12638"}],"wp:attachment":[{"href":"https:\/\/www.latitude31n.com\/fr\/wp-json\/wp\/v2\/media?parent=642"}],"wp:term":[{"taxonomy":"product_brand","embeddable":true,"href":"https:\/\/www.latitude31n.com\/fr\/wp-json\/wp\/v2\/product_brand?post=642"},{"taxonomy":"product_cat","embeddable":true,"href":"https:\/\/www.latitude31n.com\/fr\/wp-json\/wp\/v2\/product_cat?post=642"},{"taxonomy":"product_tag","embeddable":true,"href":"https:\/\/www.latitude31n.com\/fr\/wp-json\/wp\/v2\/product_tag?post=642"}],"curies":[{"name":"wp","href":"https:\/\/api.w.org\/{rel}","templated":true}]}}