{"id":636,"date":"2021-05-28T09:35:24","date_gmt":"2021-05-28T08:35:24","guid":{"rendered":"https:\/\/www.latitude31n.com\/?post_type=product&#038;p=636"},"modified":"2026-01-14T21:44:39","modified_gmt":"2026-01-14T20:44:39","slug":"trophee-tete-belier","status":"publish","type":"product","link":"https:\/\/www.latitude31n.com\/fr\/trophees-tetes-animaux\/trophee-tete-belier\/","title":{"rendered":"Troph\u00e9e t\u00eate de b\u00e9lier tress\u00e9e"},"content":{"rendered":"<h2>T\u00eate d&rsquo;animaux en paille : le b\u00e9lier<\/h2>\n<p>T\u00eate de b\u00e9lier tress\u00e9e par de talentueux artisans marocains dans une mati\u00e8re naturelle r\u00e9sistante et \u00e9cologique, la paille <a href=\"\/fr\/doum-presentation-conseils-entretien\/\" target=\"_blank\" rel=\"noopener\"><em>doum<\/em><\/a>. La sculpture animali\u00e8re montre un design \u00e9l\u00e9gant, tout en gardant son petit c\u00f4t\u00e9 belliqueux.<\/p>\n<p>Ce faux troph\u00e9e taxidermiste aura bien entendu une place de choix dans une maison de campagne ou un chalet \u00e0 la montagne, ainsi que dans une chambre d&rsquo;enfant d\u00e9cor\u00e9e sur le th\u00e8me de la ferme. Il sera tout autant attrayant et original dans votre appartement en ville.<\/p>\n<h2><strong>Id\u00e9e cadeau pour natif b\u00e9lier \ud83d\ude42<\/strong><\/h2>\n<p>Pourquoi je l&rsquo;aime :<\/p>\n<p><strong><em>j&rsquo;aime l&rsquo;id\u00e9e de d\u00e9tourner le traditionnel troph\u00e9e de chasse en une d\u00e9coration\u00a0 sympa, originale et humoristique.<\/em><\/strong><\/p>\n<p>Il sera \u00e9galement superbe en association avec des cadres de toutes tailles, des repr\u00e9sentations anciennes de plantes et d&rsquo;animaux par exemple. Cr\u00e9er un mur de curiosit\u00e9s, \u00e0 l&rsquo;instar des cabinets de curiosit\u00e9s, permet d&rsquo;apporter caract\u00e8re et \u00e2me \u00e0 un mur un peu trop plat.<\/p>\n<p>Dimensions : 45x25x13 cm<\/p>\n<p>A accrocher tel quel, avec un crochet L, et la t\u00eate semble tout droit sortir du mur.<\/p>\n<p>Ce produit artisanal peut comporter certaines imperfections qui sont le t\u00e9moin de la main de l&rsquo;homme et la garantie de son authenticit\u00e9. Ils sont tous uniques, et peuvent avoir un design l\u00e9g\u00e8rement diff\u00e9rent. Ils sont fabriqu\u00e9s \u00e0 partir d&rsquo;une plante m\u00e9diterran\u00e9enne r\u00e9sistante appel\u00e9e alfa, <a href=\"\/fr\/doum-presentation-conseils-entretien\/\" target=\"_blank\" rel=\"noopener\"><em>doum<\/em><\/a> ou esparto, proche du rotin et de l&rsquo;osier. La fibre peut avoir une teinte ou des nuances diff\u00e9rentes selon la p\u00e9riode o\u00f9 elle a \u00e9t\u00e9 cueilli (pluie, s\u00e9cheresse..). Elle est souvent verte lorsqu&rsquo;elle vient d&rsquo;\u00eatre cueillie, mais la fibre jaunira avec le temps. Laissez la t\u00eate au soleil quelques jours, et elle prendra une jolie teinte dor\u00e9e.<\/p>\n<p>&nbsp;<\/p>\n","protected":false},"excerpt":{"rendered":"<p><strong>Quel fonceur ce b\u00e9lier<\/strong>!<\/p>\n<p>Il d\u00e9fonce les portes de ses cornes tress\u00e9es. Pas de panique, c&rsquo;est juste pour apporter nature et humour \u00e0 votre int\u00e9rieur.<\/p>\n","protected":false},"featured_media":34046,"comment_status":"open","ping_status":"closed","template":"","meta":[],"product_brand":[],"product_cat":[24],"product_tag":[276,80,79],"class_list":{"0":"post-636","1":"product","2":"type-product","3":"status-publish","4":"has-post-thumbnail","6":"product_cat-trophees-tetes-animaux","7":"product_tag-art-mural","8":"product_tag-osier","9":"product_tag-rotin","11":"first","12":"instock","13":"taxable","14":"shipping-taxable","15":"purchasable","16":"product-type-simple"},"_links":{"self":[{"href":"https:\/\/www.latitude31n.com\/fr\/wp-json\/wp\/v2\/product\/636","targetHints":{"allow":["GET"]}}],"collection":[{"href":"https:\/\/www.latitude31n.com\/fr\/wp-json\/wp\/v2\/product"}],"about":[{"href":"https:\/\/www.latitude31n.com\/fr\/wp-json\/wp\/v2\/types\/product"}],"replies":[{"embeddable":true,"href":"https:\/\/www.latitude31n.com\/fr\/wp-json\/wp\/v2\/comments?post=636"}],"wp:featuredmedia":[{"embeddable":true,"href":"https:\/\/www.latitude31n.com\/fr\/wp-json\/wp\/v2\/media\/34046"}],"wp:attachment":[{"href":"https:\/\/www.latitude31n.com\/fr\/wp-json\/wp\/v2\/media?parent=636"}],"wp:term":[{"taxonomy":"product_brand","embeddable":true,"href":"https:\/\/www.latitude31n.com\/fr\/wp-json\/wp\/v2\/product_brand?post=636"},{"taxonomy":"product_cat","embeddable":true,"href":"https:\/\/www.latitude31n.com\/fr\/wp-json\/wp\/v2\/product_cat?post=636"},{"taxonomy":"product_tag","embeddable":true,"href":"https:\/\/www.latitude31n.com\/fr\/wp-json\/wp\/v2\/product_tag?post=636"}],"curies":[{"name":"wp","href":"https:\/\/api.w.org\/{rel}","templated":true}]}}