{"id":631,"date":"2021-05-28T09:26:43","date_gmt":"2021-05-28T08:26:43","guid":{"rendered":"https:\/\/www.latitude31n.com\/?post_type=product&#038;p=631"},"modified":"2026-01-19T16:02:51","modified_gmt":"2026-01-19T15:02:51","slug":"ane-decoratif-funky","status":"publish","type":"product","link":"https:\/\/www.latitude31n.com\/fr\/deco-enfant\/ane-decoratif-funky\/","title":{"rendered":"Troph\u00e9e t\u00eate d&rsquo;\u00e2ne brod\u00e9e funky"},"content":{"rendered":"<h2>Faux troph\u00e9e d\u00e9coratif : l&rsquo;\u00e2ne funky<\/h2>\n<p>Les artisans vanniers du Maroc tressent ce faux troph\u00e9e gr\u00e2ce \u00e0 une m\u00e9thode traditionnelle. Le design est quant \u00e0 lui contemporain et \u00e9co-friendly, car la mati\u00e8re est v\u00e9g\u00e9tale.<\/p>\n<p>La t\u00eate d&rsquo;\u00e2ne est ensuite d\u00e9cor\u00e9e d&rsquo;un galon de djellaba et les yeux sont brod\u00e9s de laine pour un effet boho funky et fantaisiste. La sculpture animali\u00e8re agr\u00e9mentera vos murs et son harnais brod\u00e9 apportera une touche de couleur sur vos murs.<\/p>\n<h2>D\u00e9co boh\u00e8me fantaisiste et color\u00e9e<\/h2>\n<p>Ce gentil animal fera particuli\u00e8rement la joie des enfants, mais aussi de tous ceux qui veulent une d\u00e9co originale, personnalis\u00e9e et color\u00e9e pop.<\/p>\n<p>Elle est unique, tress\u00e9e et brod\u00e9e \u00e0 la main, elle r\u00e9jouira les enfants et suscitera de nombreuses r\u00e9actions de vos amis et invit\u00e9s.<\/p>\n<p>Pourquoi je l&rsquo;aime :<\/p>\n<p><strong><em>Originale et fantaisiste, elle a tout pour me plaire.<\/em><\/strong><\/p>\n<p>Si vous aimez l&rsquo;originalit\u00e9 de cette fausse taxidermie, la <a href=\"\/fr\/trophees-tetes-animaux\/trophee-ane-criniere\/\" target=\"_blank\" rel=\"noopener\">t\u00eate d&rsquo;\u00e2ne avec houpette hirsute,<\/a>\u00a0<a href=\"\/fr\/trophees-tetes-animaux\/trophee-tete-dane-chevelu\/\" target=\"_blank\" rel=\"noopener\">l&rsquo;\u00e2ne chevelu<\/a> ou <a href=\"\/fr\/trophees-tetes-animaux\/trophee-mural-dane-brodee\/\" target=\"_blank\" rel=\"noopener\">l&rsquo;\u00e2ne brod\u00e9<\/a> pourront \u00e9galement vous plaire.<\/p>\n<p>Dimensions : environ 47x15x15 cm<\/p>\n<p>A accrocher tel quel, avec un crochet L, la t\u00eate semble sortir tout droit du mur.<\/p>\n<p>Ce produit artisanal fabriqu\u00e9 au Maroc peut comporter certaines imperfections qui garantissent son authenticit\u00e9.<\/p>\n<p>Ils sont tous uniques, et peuvent avoir un design l\u00e9g\u00e8rement diff\u00e9rent. Ils sont fabriqu\u00e9s \u00e0 partir d&rsquo;une plante m\u00e9diterran\u00e9enne r\u00e9sistante appel\u00e9e alfa, <a href=\"\/fr\/doum-presentation-conseils-entretien\/\" target=\"_blank\" rel=\"noopener\"><em>doum<\/em><\/a> ou esparto, proche du rotin, de l&rsquo;osier ou du bambou.\u00a0 La teinte est diff\u00e9rente en fonction du moment de la m\u00e9t\u00e9orologie. En effet, elle est verte au moment de la cueillette, mais la fibre jaunira avec le temps. Pour acc\u00e9l\u00e9rer le jaunissement, vous pouvez laisser la t\u00eate au soleil.<\/p>\n<p>&nbsp;<\/p>\n","protected":false},"excerpt":{"rendered":"<p>Amusez vos murs et vos invit\u00e9s avec cette d\u00e9coration murale originale, color\u00e9e et fantaisiste.<\/p>\n<p>&nbsp;<\/p>\n","protected":false},"featured_media":16579,"comment_status":"open","ping_status":"closed","template":"","meta":[],"product_brand":[],"product_cat":[892,598,24],"product_tag":[276,245,108,109,73,460,463,80,82,79],"class_list":{"0":"post-631","1":"product","2":"type-product","3":"status-publish","4":"has-post-thumbnail","6":"product_cat-deco-enfant","7":"product_cat-soldes","8":"product_cat-trophees-tetes-animaux","9":"product_tag-art-mural","10":"product_tag-cadeau-bebe","11":"product_tag-chambre-denfant","12":"product_tag-chambre-de-bebe","13":"product_tag-enfant","14":"product_tag-latitude-fun","15":"product_tag-latitude-pop","16":"product_tag-osier","17":"product_tag-raphia","18":"product_tag-rotin","20":"first","21":"instock","22":"sale","23":"taxable","24":"shipping-taxable","25":"purchasable","26":"product-type-variable"},"_links":{"self":[{"href":"https:\/\/www.latitude31n.com\/fr\/wp-json\/wp\/v2\/product\/631","targetHints":{"allow":["GET"]}}],"collection":[{"href":"https:\/\/www.latitude31n.com\/fr\/wp-json\/wp\/v2\/product"}],"about":[{"href":"https:\/\/www.latitude31n.com\/fr\/wp-json\/wp\/v2\/types\/product"}],"replies":[{"embeddable":true,"href":"https:\/\/www.latitude31n.com\/fr\/wp-json\/wp\/v2\/comments?post=631"}],"wp:featuredmedia":[{"embeddable":true,"href":"https:\/\/www.latitude31n.com\/fr\/wp-json\/wp\/v2\/media\/16579"}],"wp:attachment":[{"href":"https:\/\/www.latitude31n.com\/fr\/wp-json\/wp\/v2\/media?parent=631"}],"wp:term":[{"taxonomy":"product_brand","embeddable":true,"href":"https:\/\/www.latitude31n.com\/fr\/wp-json\/wp\/v2\/product_brand?post=631"},{"taxonomy":"product_cat","embeddable":true,"href":"https:\/\/www.latitude31n.com\/fr\/wp-json\/wp\/v2\/product_cat?post=631"},{"taxonomy":"product_tag","embeddable":true,"href":"https:\/\/www.latitude31n.com\/fr\/wp-json\/wp\/v2\/product_tag?post=631"}],"curies":[{"name":"wp","href":"https:\/\/api.w.org\/{rel}","templated":true}]}}