{"id":618,"date":"2021-05-28T09:18:54","date_gmt":"2021-05-28T08:18:54","guid":{"rendered":"https:\/\/www.latitude31n.com\/?post_type=product&#038;p=618"},"modified":"2026-04-11T11:18:49","modified_gmt":"2026-04-11T10:18:49","slug":"trophee-tete-belier-barbiche","status":"publish","type":"product","link":"https:\/\/www.latitude31n.com\/fr\/trophees-tetes-animaux\/trophee-tete-belier-barbiche\/","title":{"rendered":"Troph\u00e9e t\u00eate de b\u00e9lier avec barbiche"},"content":{"rendered":"<h2><strong>Troph\u00e9e mural rigolo : le b\u00e9lier \u00e0 barbe<\/strong><\/h2>\n<p>Une t\u00eate de b\u00e9lier \u00e0 accrocher sur votre mur. Le troph\u00e9e \u00e9colo \u00e0 suspendre dans son salon, dans une chambre ou une entr\u00e9e. A accrocher tel quel, comme si sa t\u00eate sortait du mur. Donne du cachet \u00e0 votre d\u00e9co et \u00e0 vos murs.<\/p>\n<h2>La taxidermie en version \u00e9cologique<\/h2>\n<p>Oubliez les troph\u00e9es de chasse traditionnels. Cette t\u00eate en osier repr\u00e9sentant un bouc est beaucoup plus cr\u00e9ative et originale et donnera une ambiance boh\u00e8me ou ethnique chic \u00e0 votre int\u00e9rieur.<\/p>\n<p>Pourquoi je l&rsquo;aime :<\/p>\n<p><strong><em>Aucun animal n&rsquo;a \u00e9t\u00e9 maltrait\u00e9 \ud83d\ude42 On peut jouer la carte \u00ab\u00a0salle des troph\u00e9es\u00a0\u00bb tout en restant \u00e9cofriendly. Et franchement, celui-ci a de \u00ab\u00a0la gueule\u00a0\u00bb et fait belle impression.<\/em><\/strong><\/p>\n<p>Le troph\u00e9e b\u00e9lier a la particularit\u00e9 d&rsquo;avoir une petite barbichette pour un effet plus r\u00e9aliste et rigolo \u00e0 la fois. Vous pr\u00e9f\u00e8rerez peut-\u00eatre le <a href=\"\/fr\/trophees-tetes-animaux\/trophee-tete-belier\/\" target=\"_blank\" rel=\"noopener\">b\u00e9lier \u00e0 t\u00eate allong\u00e9e<\/a> ? Ou vous voudrez compl\u00e9ter avec <a href=\"\/fr\/trophees-tetes-animaux\/trophee-ane-criniere\/\" target=\"_blank\" rel=\"noopener\">l&rsquo;\u00e2ne \u00e0 crini\u00e8re<\/a> ?<\/p>\n<p>Dimensions : H40cm environ (t\u00eate 20cm)<\/p>\n<p>Fabriqu\u00e9 au Maroc par les artisans de la paille. La plante utilis\u00e9, l\u2019Alfa autrement appel\u00e9 <a href=\"\/fr\/doum-presentation-conseils-entretien\/\" target=\"_blank\" rel=\"noopener\"><em>doum<\/em><\/a> en arabe, a un aspect plus brut, plus \u00ab nature \u00bb que l\u2019osier ou la paille traditionnels. Elle ressemble \u00e0 un jonc tr\u00e8s dur.<\/p>\n<p>C&rsquo;est un produit artisanal, Il peut contenir certaines imperfections qui garantissent son authenticit\u00e9.<\/p>\n<p>Ils sont tous uniques. Plusieurs designs existent pour cette t\u00eate de b\u00e9lier \u00e0 barbe.<\/p>\n<p>Pour plus d&rsquo;informations et de conseils d&rsquo;entretien de cette fibre, vous pouvez consulter <a href=\"\/fr\/doum-presentation-conseils-entretien\/\" target=\"_blank\" rel=\"noopener\">l&rsquo;article pr\u00e9sentant le doum<\/a>.<\/p>\n<p>&nbsp;<\/p>\n","protected":false},"excerpt":{"rendered":"<p>Comment ne pas craquer sur ce troph\u00e9e bouc avec sa petite barbe toute drue ? Il ravira les petits et fera sourire vos invit\u00e9s, c&rsquo;est s\u00fbr !<\/p>\n<p>Dimensions : H40cm environ (t\u00eate 20cm)<\/p>\n","protected":false},"featured_media":11763,"comment_status":"open","ping_status":"closed","template":"","meta":[],"product_brand":[],"product_cat":[24],"product_tag":[110,276,87,108,109,73,114,460,263,80,82,79],"class_list":{"0":"post-618","1":"product","2":"type-product","3":"status-publish","4":"has-post-thumbnail","6":"product_cat-trophees-tetes-animaux","7":"product_tag-animaux","8":"product_tag-art-mural","9":"product_tag-boheme","10":"product_tag-chambre-denfant","11":"product_tag-chambre-de-bebe","12":"product_tag-enfant","13":"product_tag-ferme","14":"product_tag-latitude-fun","15":"product_tag-mur","16":"product_tag-osier","17":"product_tag-raphia","18":"product_tag-rotin","20":"first","21":"outofstock","22":"taxable","23":"shipping-taxable","24":"purchasable","25":"product-type-simple"},"_links":{"self":[{"href":"https:\/\/www.latitude31n.com\/fr\/wp-json\/wp\/v2\/product\/618","targetHints":{"allow":["GET"]}}],"collection":[{"href":"https:\/\/www.latitude31n.com\/fr\/wp-json\/wp\/v2\/product"}],"about":[{"href":"https:\/\/www.latitude31n.com\/fr\/wp-json\/wp\/v2\/types\/product"}],"replies":[{"embeddable":true,"href":"https:\/\/www.latitude31n.com\/fr\/wp-json\/wp\/v2\/comments?post=618"}],"wp:featuredmedia":[{"embeddable":true,"href":"https:\/\/www.latitude31n.com\/fr\/wp-json\/wp\/v2\/media\/11763"}],"wp:attachment":[{"href":"https:\/\/www.latitude31n.com\/fr\/wp-json\/wp\/v2\/media?parent=618"}],"wp:term":[{"taxonomy":"product_brand","embeddable":true,"href":"https:\/\/www.latitude31n.com\/fr\/wp-json\/wp\/v2\/product_brand?post=618"},{"taxonomy":"product_cat","embeddable":true,"href":"https:\/\/www.latitude31n.com\/fr\/wp-json\/wp\/v2\/product_cat?post=618"},{"taxonomy":"product_tag","embeddable":true,"href":"https:\/\/www.latitude31n.com\/fr\/wp-json\/wp\/v2\/product_tag?post=618"}],"curies":[{"name":"wp","href":"https:\/\/api.w.org\/{rel}","templated":true}]}}