{"id":600,"date":"2021-05-28T09:02:09","date_gmt":"2021-05-28T08:02:09","guid":{"rendered":"https:\/\/www.latitude31n.com\/?post_type=product&#038;p=600"},"modified":"2025-09-22T17:05:59","modified_gmt":"2025-09-22T16:05:59","slug":"elephant-trophee-a-accrocher-au-mur","status":"publish","type":"product","link":"https:\/\/www.latitude31n.com\/fr\/trophees-tetes-animaux\/elephant-trophee-a-accrocher-au-mur\/","title":{"rendered":"Troph\u00e9e \u00e9l\u00e9phant \u00e0 accrocher au mur"},"content":{"rendered":"<h2>T\u00eate d&rsquo;animal en paille : l&rsquo;\u00e9l\u00e9phant<\/h2>\n<p>Tr\u00e8s belle d\u00e9coration murale en forme de t\u00eate d&rsquo;\u00e9l\u00e9phant. Ses grandes oreilles lui donne tout son charme, et elle fera beaucoup d&rsquo;effet aupr\u00e8s des enfants et de vos invit\u00e9s.<\/p>\n<h2>D\u00e9co murale boh\u00e8me humoristique<\/h2>\n<p>La sculpture animali\u00e8re apporte une touche boh\u00e8me et naturelle, tout en \u00e9tant humoristique&#8230; le troph\u00e9e mais sans la chasse. Cr\u00e9ez votre salle de troph\u00e9es \u00e9cologiques en ajoutant<a href=\"\/fr\/trophees-tetes-animaux\/trophee-girafe\/\" target=\"_blank\" rel=\"noopener\"> la girafe<\/a>, <a href=\"\/fr\/trophees-tetes-animaux\/trophee-tete-rhinoceros\/\" target=\"_blank\" rel=\"noopener\">le rhino<\/a> et\/ou <a href=\"\/fr\/trophees-tetes-animaux\/trophee-tete-dantilope-tressee\/\" target=\"_blank\" rel=\"noopener\">l&rsquo;antilope<\/a> \u00e0 votre \u00e9l\u00e9phant en paille.<\/p>\n<h3>Une valeur s\u00fbre pour les chambres d&rsquo;enfant.<\/h3>\n<p>Dimensions : environ 60x42X20 cm<\/p>\n<p>A accrocher tel quel, avec un crochet L, la t\u00eate donne l&rsquo;impression de sortir tout droit du mur.<\/p>\n<p>Ce faux troph\u00e9e est un produit artisanal, totalement fait main. Il peut comporter certaines imperfections qui sont le t\u00e9moin de la main de l&rsquo;homme. Ils sont tous uniques, et peuvent avoir un design l\u00e9g\u00e8rement diff\u00e9rent. Ils sont fabriqu\u00e9s \u00e0 partir d&rsquo;une mati\u00e8re naturelle, proche du rotin, de l&rsquo;osier ou du bambou, qui peut avoir une teinte ou des nuances diff\u00e9rentes selon la p\u00e9riode o\u00f9 elle a \u00e9t\u00e9 cueilli (pluie, s\u00e9cheresse..). La fibre est souvent verte lorsqu&rsquo;elle vient d&rsquo;\u00eatre cueillie, mais elle jaunira avec le temps. Pour acc\u00e9l\u00e9rer le jaunissement, vous pouvez laisser la t\u00eate au soleil.<\/p>\n<p>Pour plus de renseignements et de conseils sur la fibre <em>doum<\/em>, consultez <a href=\"\/fr\/doum-presentation-conseils-entretien\/\" target=\"_blank\" rel=\"noopener\">notre article sur le blog<\/a>.<\/p>\n<p>&nbsp;<\/p>\n<p>&nbsp;<\/p>\n","protected":false},"excerpt":{"rendered":"<p>Notre best-seller des animaux troph\u00e9es muraux, notre \u00e9l\u00e9phant en paille ravira petits et grands.<\/p>\n<ul>\n<li>en paille doum<\/li>\n<li>fabrication artisanale<\/li>\n<li>designs diff\u00e9rents, mais toujours sympas<\/li>\n<\/ul>\n<p>Pour une d\u00e9co unique et color\u00e9e, d\u00e9couvrez notre <a href=\"\/fr\/deco-enfant\/trophee-mural-elephant\/\" target=\"_blank\" rel=\"noopener\">d\u00e9co murale \u00e9l\u00e9phant<\/a> customis\u00e9, inspir\u00e9 des \u00e9l\u00e9phants indiens.<\/p>\n<p><strong>\u00a0<\/strong><\/p>\n","protected":false},"featured_media":32569,"comment_status":"open","ping_status":"closed","template":"","meta":[],"product_brand":[],"product_cat":[24],"product_tag":[116,110,108,109,73,257,263,140,80,79],"class_list":{"0":"post-600","1":"product","2":"type-product","3":"status-publish","4":"has-post-thumbnail","6":"product_cat-trophees-tetes-animaux","7":"product_tag-afrique","8":"product_tag-animaux","9":"product_tag-chambre-denfant","10":"product_tag-chambre-de-bebe","11":"product_tag-enfant","12":"product_tag-fausse-taxidermie","13":"product_tag-mur","14":"product_tag-ornement","15":"product_tag-osier","16":"product_tag-rotin","18":"first","19":"instock","20":"taxable","21":"shipping-taxable","22":"purchasable","23":"product-type-variable"},"_links":{"self":[{"href":"https:\/\/www.latitude31n.com\/fr\/wp-json\/wp\/v2\/product\/600","targetHints":{"allow":["GET"]}}],"collection":[{"href":"https:\/\/www.latitude31n.com\/fr\/wp-json\/wp\/v2\/product"}],"about":[{"href":"https:\/\/www.latitude31n.com\/fr\/wp-json\/wp\/v2\/types\/product"}],"replies":[{"embeddable":true,"href":"https:\/\/www.latitude31n.com\/fr\/wp-json\/wp\/v2\/comments?post=600"}],"wp:featuredmedia":[{"embeddable":true,"href":"https:\/\/www.latitude31n.com\/fr\/wp-json\/wp\/v2\/media\/32569"}],"wp:attachment":[{"href":"https:\/\/www.latitude31n.com\/fr\/wp-json\/wp\/v2\/media?parent=600"}],"wp:term":[{"taxonomy":"product_brand","embeddable":true,"href":"https:\/\/www.latitude31n.com\/fr\/wp-json\/wp\/v2\/product_brand?post=600"},{"taxonomy":"product_cat","embeddable":true,"href":"https:\/\/www.latitude31n.com\/fr\/wp-json\/wp\/v2\/product_cat?post=600"},{"taxonomy":"product_tag","embeddable":true,"href":"https:\/\/www.latitude31n.com\/fr\/wp-json\/wp\/v2\/product_tag?post=600"}],"curies":[{"name":"wp","href":"https:\/\/api.w.org\/{rel}","templated":true}]}}