{"id":5954,"date":"2021-11-16T13:05:45","date_gmt":"2021-11-16T12:05:45","guid":{"rendered":"https:\/\/www.latitude31n.com\/?post_type=product&#038;p=5954"},"modified":"2026-01-04T13:12:37","modified_gmt":"2026-01-04T12:12:37","slug":"tete-taureau-a-gros-cou","status":"publish","type":"product","link":"https:\/\/www.latitude31n.com\/fr\/trophees-tetes-animaux\/tete-taureau-a-gros-cou\/","title":{"rendered":"T\u00eate taureau \u00e0 gros cou"},"content":{"rendered":"<div id=\":ru\" class=\"a3s aiL \">\n<div dir=\"auto\">\n<h2 dir=\"auto\">D\u00e9co murale boh\u00e8me : le taureau<\/h2>\n<div dir=\"auto\">T\u00eate d&rsquo;animal repr\u00e9sentant un taureau \u00e0 gros cou et longues cornes. Elle est tress\u00e9e en fibres naturelle d&rsquo;esparto <a href=\"\/fr\/doum-presentation-conseils-entretien\/\" target=\"_blank\" rel=\"noopener\"><em>doum<\/em><\/a>, une plante que l&rsquo;on trouve sur les littoraux m\u00e9diterran\u00e9ens.<\/div>\n<div dir=\"auto\">A accrocher au mur, dans l&rsquo;esprit des troph\u00e9es de chasse.<\/div>\n<h2 dir=\"auto\">Troph\u00e9e animal en paille<\/h2>\n<\/div>\n<\/div>\n<div dir=\"auto\">Cette sculpture naturelle donnera relief et cachet \u00e0 tout int\u00e9rieur et ne laisse personne indiff\u00e9rent.<\/div>\n<div id=\":ru\" class=\"a3s aiL \">\n<div dir=\"auto\">\n<p dir=\"auto\">Pourquoi je l&rsquo;aime :<\/p>\n<p dir=\"auto\"><strong><em>J&rsquo;aime beaucoup le design de celle-ci. Avec son gros cou de bison, elle impressionne, surtout si on l&rsquo;accroche un peu plus haut que le regard.<\/em><\/strong><\/p>\n<\/div>\n<div dir=\"auto\">D&rsquo;autres taureaux, d&rsquo;autres designs, <a href=\"\/fr\/trophees-tetes-animaux\/trophee-tete-de-taureau-tressee\/\" target=\"_blank\" rel=\"noopener\">Alfred le taureau plat<\/a>, <a href=\"\/fr\/trophees-tetes-animaux\/trophee-taureau-taille-moyenne\/\" target=\"_blank\" rel=\"noopener\">Albert le bovin<\/a> et <a href=\"\/fr\/trophees-tetes-animaux\/grand-trophee-taureau\/\" target=\"_blank\" rel=\"noopener\">Antoine le gros bestiau<\/a>.<\/div>\n<div dir=\"auto\">\n<div dir=\"auto\"><\/div>\n<\/div>\n<div dir=\"auto\">\n<div dir=\"auto\">C&rsquo;est un produit artisanal, fait \u00e0 la main qui peut comporter certaines imperfections qui sont le t\u00e9moin de la main de l&rsquo;homme.<\/div>\n<div dir=\"auto\"><\/div>\n<div dir=\"auto\">C&rsquo;est pour cela qu&rsquo;ils sont tous uniques, et peuvent avoir un design l\u00e9g\u00e8rement diff\u00e9rent. Ils sont fabriqu\u00e9s \u00e0 partir d&rsquo;une plante r\u00e9sistante appel\u00e9e alfa, esparto ou doum, qui peut avoir une teinte diff\u00e9rente selon la p\u00e9riode o\u00f9 elle a \u00e9t\u00e9 cueillie (pluie, s\u00e9cheresse..). En effet, elle est souvent verte lorsqu&rsquo;elle vient d&rsquo;\u00eatre cueillie, mais la fibre jaunira avec le temps.<\/div>\n<div dir=\"auto\">Pour acc\u00e9l\u00e9rer le jaunissement, vous pouvez laisser la t\u00eate au soleil<\/div>\n<\/div>\n<div dir=\"auto\">\n<div dir=\"auto\"><\/div>\n<\/div>\n<\/div>\n","protected":false},"excerpt":{"rendered":"<div dir=\"auto\">T\u00eate d&rsquo;animal repr\u00e9sentant un taureau \u00e0 gros cou et longues cornes.<\/div>\n<div dir=\"auto\"><strong>Pur esprit troph\u00e9e de chasse<\/strong> avec son look de bison.<\/div>\n<div dir=\"auto\">Apporte du cachet et de l&rsquo;int\u00e9r\u00eat \u00e0 vos murs.<\/div>\n<div dir=\"auto\"><\/div>\n<div dir=\"auto\">Dimensions : environ h30x20x35 cm<\/div>\n","protected":false},"featured_media":29247,"comment_status":"open","ping_status":"closed","template":"","meta":[],"product_brand":[],"product_cat":[24],"product_tag":[110,276,108,257,114,80,82,79],"class_list":{"0":"post-5954","1":"product","2":"type-product","3":"status-publish","4":"has-post-thumbnail","6":"product_cat-trophees-tetes-animaux","7":"product_tag-animaux","8":"product_tag-art-mural","9":"product_tag-chambre-denfant","10":"product_tag-fausse-taxidermie","11":"product_tag-ferme","12":"product_tag-osier","13":"product_tag-raphia","14":"product_tag-rotin","16":"first","17":"instock","18":"taxable","19":"shipping-taxable","20":"purchasable","21":"product-type-simple"},"_links":{"self":[{"href":"https:\/\/www.latitude31n.com\/fr\/wp-json\/wp\/v2\/product\/5954","targetHints":{"allow":["GET"]}}],"collection":[{"href":"https:\/\/www.latitude31n.com\/fr\/wp-json\/wp\/v2\/product"}],"about":[{"href":"https:\/\/www.latitude31n.com\/fr\/wp-json\/wp\/v2\/types\/product"}],"replies":[{"embeddable":true,"href":"https:\/\/www.latitude31n.com\/fr\/wp-json\/wp\/v2\/comments?post=5954"}],"wp:featuredmedia":[{"embeddable":true,"href":"https:\/\/www.latitude31n.com\/fr\/wp-json\/wp\/v2\/media\/29247"}],"wp:attachment":[{"href":"https:\/\/www.latitude31n.com\/fr\/wp-json\/wp\/v2\/media?parent=5954"}],"wp:term":[{"taxonomy":"product_brand","embeddable":true,"href":"https:\/\/www.latitude31n.com\/fr\/wp-json\/wp\/v2\/product_brand?post=5954"},{"taxonomy":"product_cat","embeddable":true,"href":"https:\/\/www.latitude31n.com\/fr\/wp-json\/wp\/v2\/product_cat?post=5954"},{"taxonomy":"product_tag","embeddable":true,"href":"https:\/\/www.latitude31n.com\/fr\/wp-json\/wp\/v2\/product_tag?post=5954"}],"curies":[{"name":"wp","href":"https:\/\/api.w.org\/{rel}","templated":true}]}}