{"id":595,"date":"2021-05-28T09:18:55","date_gmt":"2021-05-28T08:18:55","guid":{"rendered":"https:\/\/www.latitude31n.com\/?post_type=product&#038;p=595"},"modified":"2026-01-14T21:44:38","modified_gmt":"2026-01-14T20:44:38","slug":"trophee-taureau-taille-moyenne","status":"publish","type":"product","link":"https:\/\/www.latitude31n.com\/fr\/trophees-tetes-animaux\/trophee-taureau-taille-moyenne\/","title":{"rendered":"Troph\u00e9e taureau taille moyenne"},"content":{"rendered":"<h2>Magnifique t\u00eate de taureau en palmier <a href=\"\/fr\/doum-presentation-conseils-entretien\/\" target=\"_blank\" rel=\"noopener\"><em>doum<\/em><\/a><\/h2>\n<p>Les yeux, cornes, naseaux et oreilles sont soulign\u00e9s par de la corde naturelle. Ainsi, l&rsquo;association des deux mati\u00e8res le rend encore plus impressionnant.<\/p>\n<p>Il poss\u00e8de aussi un vrai cou&#8230; de taureau ! C&rsquo;est une tr\u00e8s belle d\u00e9coration murale qui, de plus, fera sensation.<\/p>\n<h2>D\u00e9coration murale naturelle : T\u00eates d&rsquo;animaux mur<\/h2>\n<p>Elle peut jouer le compl\u00e9ment naturel et \u00e9cologique \u00e0 une d\u00e9co sur le th\u00e8me animaux de la ferme.<\/p>\n<p>Pourquoi je l&rsquo;aime :<\/p>\n<p><strong><em>C&rsquo;est un sacr\u00e9 bestiau !<br \/>\n<\/em><\/strong><\/p>\n<p>Dimensions : h35x20 cm<br \/>\nNotre mod\u00e8le de taureau moyen est accompagn\u00e9 sur les photos du <a href=\"\/fr\/trophees-tetes-animaux\/trophee-tete-de-taureau-tressee\/\" target=\"_blank\" rel=\"noopener\">taureau paille de taille normale<\/a> et du <a href=\"\/fr\/trophees-tetes-animaux\/grand-trophee-taureau\/\" target=\"_blank\" rel=\"noopener\">troph\u00e9e taureau XL<\/a><\/p>\n<p>Les troph\u00e9es disposent parfois d&rsquo;une petite attache en corde, mais je trouve plus joli de l&rsquo; accrocher directement sur un crochet en L ou un clou, la t\u00eate semble alors tout droit sortir du mur.<\/p>\n<p>C&rsquo;est un produit artisanal qui peut comporter certaines imperfections qui sont le t\u00e9moin de la main de l&rsquo;homme. Ils sont toutes uniques, et peuvent avoir un design un peu diff\u00e9rent. Les vanniers les fabriquent \u00e0 partir de la mati\u00e8re alfa ou <a href=\"\/fr\/doum-presentation-conseils-entretien\/\" target=\"_blank\" rel=\"noopener\"><em>doum<\/em> <\/a>qui peut avoir une teinte ou des nuances diff\u00e9rentes selon la p\u00e9riode de la cueillette (pluie, s\u00e9cheresse..). La fibre, sorte de paille ou d&rsquo;osier, est verte lorsqu&rsquo;elle est jeune, mais elle jaunira avec le temps. Pour acc\u00e9l\u00e9rer le jaunissement, vous pouvez laisser la t\u00eate au soleil.<\/p>\n<p>&nbsp;<\/p>\n","protected":false},"excerpt":{"rendered":"<p>Joli design pour cette t\u00eate de taureau en fibres naturelles!<\/p>\n<p>&nbsp;<\/p>\n","protected":false},"featured_media":32567,"comment_status":"open","ping_status":"closed","template":"","meta":[],"product_brand":[],"product_cat":[24],"product_tag":[276,80,300,79],"class_list":{"0":"post-595","1":"product","2":"type-product","3":"status-publish","4":"has-post-thumbnail","6":"product_cat-trophees-tetes-animaux","7":"product_tag-art-mural","8":"product_tag-osier","9":"product_tag-paille","10":"product_tag-rotin","12":"first","13":"outofstock","14":"taxable","15":"shipping-taxable","16":"purchasable","17":"product-type-simple"},"_links":{"self":[{"href":"https:\/\/www.latitude31n.com\/fr\/wp-json\/wp\/v2\/product\/595","targetHints":{"allow":["GET"]}}],"collection":[{"href":"https:\/\/www.latitude31n.com\/fr\/wp-json\/wp\/v2\/product"}],"about":[{"href":"https:\/\/www.latitude31n.com\/fr\/wp-json\/wp\/v2\/types\/product"}],"replies":[{"embeddable":true,"href":"https:\/\/www.latitude31n.com\/fr\/wp-json\/wp\/v2\/comments?post=595"}],"wp:featuredmedia":[{"embeddable":true,"href":"https:\/\/www.latitude31n.com\/fr\/wp-json\/wp\/v2\/media\/32567"}],"wp:attachment":[{"href":"https:\/\/www.latitude31n.com\/fr\/wp-json\/wp\/v2\/media?parent=595"}],"wp:term":[{"taxonomy":"product_brand","embeddable":true,"href":"https:\/\/www.latitude31n.com\/fr\/wp-json\/wp\/v2\/product_brand?post=595"},{"taxonomy":"product_cat","embeddable":true,"href":"https:\/\/www.latitude31n.com\/fr\/wp-json\/wp\/v2\/product_cat?post=595"},{"taxonomy":"product_tag","embeddable":true,"href":"https:\/\/www.latitude31n.com\/fr\/wp-json\/wp\/v2\/product_tag?post=595"}],"curies":[{"name":"wp","href":"https:\/\/api.w.org\/{rel}","templated":true}]}}