{"id":5938,"date":"2021-11-15T18:34:27","date_gmt":"2021-11-15T17:34:27","guid":{"rendered":"https:\/\/www.latitude31n.com\/?post_type=product&#038;p=5938"},"modified":"2025-03-16T17:21:39","modified_gmt":"2025-03-16T16:21:39","slug":"long-balai-palmier-eventail","status":"publish","type":"product","link":"https:\/\/www.latitude31n.com\/fr\/decoration-maison\/vases-cache-pots\/long-balai-palmier-eventail\/","title":{"rendered":"Balai palmier (avec ou sans manche en bambou)"},"content":{"rendered":"<h2>Balai traditionnel en feuilles de palmier<\/h2>\n<p>Avec ou sans manche en bambou naturel. Une corde brute tress\u00e9e accroche le balai au manche. Ce grand balai est tress\u00e9 en \u00e9ventail et est fabriqu\u00e9 au Maroc par les artisans vanniers.<\/p>\n<h2>Balai marocain d\u00e9co<\/h2>\n<p>A utiliser pour d\u00e9corer un coin, dans un grand vase, \u00e0 accrocher sur le mur, le balai \u00e0 l&rsquo;allure r\u00e9tro est extr\u00eamement d\u00e9coratif. Selon l&rsquo;endroit ou les assortiments que vous r\u00e9aliserez, il apportera une touche boh\u00e8me et naturel, un design ethnique et africain ou encore accentuer une d\u00e9co vintage.<\/p>\n<p>Id\u00e9al pour une maison de vacances ou apporter un esprit campagne chic \u00e0 une d\u00e9co.<\/p>\n<p>Pourquoi je l&rsquo;aime :<\/p>\n<p><strong><em>Son petit c\u00f4t\u00e9 old-school et la d\u00e9licatesse du tressage en \u00e9ventail.<\/em><\/strong><\/p>\n<p>Superbe dans nos <a href=\"\/fr\/decoration-maison\/vases-cache-pots\/grand-vase-tresse-naturel\/\" target=\"_blank\" rel=\"noopener\">grands vases tress\u00e9s<\/a>.<\/p>\n<p>Dimensions: 120 \u00e0 150 cm<\/p>\n<p>Le balai est un produit artisanal; il peut comporter certaines imperfections qui sont la garantie de son authenticit\u00e9. De l\u00e9g\u00e8res variations selon l&rsquo;arrivage.<\/p>\n","protected":false},"excerpt":{"rendered":"<p>Petit balai d\u00e9co en palmier ou long balai avec manche en bambou naturel.<\/p>\n<p>Il est super d\u00e9coratif avec son look r\u00e9tro et s&rsquo;int\u00e8gre tout autant dans un espace boh\u00e8me, une maison de vacances, qu&rsquo;elle soit \u00e0 la mer ou \u00e0 la campagne.<\/p>\n","protected":false},"featured_media":5941,"comment_status":"open","ping_status":"closed","template":"","meta":[],"product_brand":[],"product_cat":[471,467],"product_tag":[116,276,81,87,83,88,114,462,308,307,423,80,82,79,274],"class_list":{"0":"post-5938","1":"product","2":"type-product","3":"status-publish","4":"has-post-thumbnail","6":"product_cat-vases-cache-pots","7":"product_cat-decoration-maison","8":"product_tag-afrique","9":"product_tag-art-mural","10":"product_tag-bambou","11":"product_tag-boheme","12":"product_tag-brins","13":"product_tag-exotique","14":"product_tag-ferme","15":"product_tag-latitude-naturelle","16":"product_tag-maison-de-plage","17":"product_tag-maison-de-vacances","18":"product_tag-nomade","19":"product_tag-osier","20":"product_tag-raphia","21":"product_tag-rotin","22":"product_tag-touareg","24":"first","25":"instock","26":"taxable","27":"shipping-taxable","28":"purchasable","29":"product-type-variable"},"_links":{"self":[{"href":"https:\/\/www.latitude31n.com\/fr\/wp-json\/wp\/v2\/product\/5938","targetHints":{"allow":["GET"]}}],"collection":[{"href":"https:\/\/www.latitude31n.com\/fr\/wp-json\/wp\/v2\/product"}],"about":[{"href":"https:\/\/www.latitude31n.com\/fr\/wp-json\/wp\/v2\/types\/product"}],"replies":[{"embeddable":true,"href":"https:\/\/www.latitude31n.com\/fr\/wp-json\/wp\/v2\/comments?post=5938"}],"wp:featuredmedia":[{"embeddable":true,"href":"https:\/\/www.latitude31n.com\/fr\/wp-json\/wp\/v2\/media\/5941"}],"wp:attachment":[{"href":"https:\/\/www.latitude31n.com\/fr\/wp-json\/wp\/v2\/media?parent=5938"}],"wp:term":[{"taxonomy":"product_brand","embeddable":true,"href":"https:\/\/www.latitude31n.com\/fr\/wp-json\/wp\/v2\/product_brand?post=5938"},{"taxonomy":"product_cat","embeddable":true,"href":"https:\/\/www.latitude31n.com\/fr\/wp-json\/wp\/v2\/product_cat?post=5938"},{"taxonomy":"product_tag","embeddable":true,"href":"https:\/\/www.latitude31n.com\/fr\/wp-json\/wp\/v2\/product_tag?post=5938"}],"curies":[{"name":"wp","href":"https:\/\/api.w.org\/{rel}","templated":true}]}}