{"id":5919,"date":"2021-11-11T13:08:46","date_gmt":"2021-11-11T12:08:46","guid":{"rendered":"https:\/\/www.latitude31n.com\/?post_type=product&#038;p=5919"},"modified":"2024-11-12T15:54:31","modified_gmt":"2024-11-12T14:54:31","slug":"panier-bonbonne-avec-couvercle","status":"publish","type":"product","link":"https:\/\/www.latitude31n.com\/fr\/paniers-rangements\/teintes-naturelles\/panier-bonbonne-avec-couvercle\/","title":{"rendered":"Panier bonbonne avec couvercle"},"content":{"rendered":"<h2>Le panier bonbonne pour un rangement chic<\/h2>\n<p>Ce panier rond est bien plus qu&rsquo;un simple accessoire de rangement : c&rsquo;est une pi\u00e8ce ma\u00eetresse de d\u00e9coration pour les amoureux du style boh\u00e8me. Sa forme originale, \u00e9voquant une bonbonne ou une urne ferm\u00e9e, en fait un objet \u00e0 la fois fonctionnel et esth\u00e9tique. Dot\u00e9 d&rsquo;un couvercle fix\u00e9 au panier tress\u00e9, il offre un espace de rangement discret et \u00e9l\u00e9gant.<\/p>\n<h2>Panier marocain \u00e0 l&rsquo;esprit maison de campagne<\/h2>\n<p>Le panier en osier s&rsquo;int\u00e8gre parfaitement dans divers espaces de la maison. Que ce soit pour contenir des fruits, des l\u00e9gumes, des jouets, plaids ou serviettes, ou m\u00eame pour pr\u00e9senter des feuilles ou des branches s\u00e9ch\u00e9es, ce panier apporte une touche d&rsquo;originalit\u00e9 o\u00f9 qu&rsquo;il soit plac\u00e9.<\/p>\n<p>Il est la solution id\u00e9ale pour ceux et celles qui veulent ranger tout en d\u00e9corant. En effet, le panier bonbonne n&rsquo;est pas seulement pratique, il est aussi esth\u00e9tiquement plaisant. La petite taille s&rsquo;accroche partout, sur <a href=\"\/fr\/decoration-maison\/echelle-decorative-en-bois\/\" target=\"_blank\" rel=\"noopener\">une \u00e9chelle<\/a> ou un crochet. La plus grande taille se pose n&rsquo;importe o\u00f9 pour un effet boh\u00e8me instantan\u00e9.<\/p>\n<p>Pourquoi je l&rsquo;aime :<\/p>\n<p><strong><em>J&rsquo;aime sa forme ronde et \u00e9vas\u00e9e sur le haut. On peut le poser ou l&rsquo;accrocher n&rsquo;importe o\u00f9, c&rsquo;est un ornement facile \u00e0 installer et qui produit son petit effet gr\u00e2ce \u00e0 sa forme originale.<br \/>\n<\/em><\/strong><\/p>\n<p>Dimensions :<br \/>\nS = h35x\u230025 cm<\/p>\n<p>L = h38x\u230030 cm<\/p>\n<p>Cette corbeille est un produit artisanal qui peut comporter certaines imperfections qui garantissent son authenticit\u00e9.<\/p>\n","protected":false},"excerpt":{"rendered":"<p>D\u00e9couvrez notre panier bonbonne, \u00e0 suspendre ou pas, un accessoire de rangement \u00e0 la fois pratique et esth\u00e9tique pour les amoureux de la d\u00e9co boh\u00e8me.<\/p>\n","protected":false},"featured_media":5926,"comment_status":"open","ping_status":"closed","template":"","meta":[],"product_brand":[],"product_cat":[634,467,28,471],"product_tag":[442,462,308,307,147,441],"class_list":{"0":"post-5919","1":"product","2":"type-product","3":"status-publish","4":"has-post-thumbnail","6":"product_cat-teintes-naturelles","7":"product_cat-decoration-maison","8":"product_cat-paniers-rangements","9":"product_cat-vases-cache-pots","10":"product_tag-cruche","11":"product_tag-latitude-naturelle","12":"product_tag-maison-de-plage","13":"product_tag-maison-de-vacances","14":"product_tag-paniere","15":"product_tag-vase","17":"first","18":"instock","19":"taxable","20":"shipping-taxable","21":"purchasable","22":"product-type-variable"},"_links":{"self":[{"href":"https:\/\/www.latitude31n.com\/fr\/wp-json\/wp\/v2\/product\/5919","targetHints":{"allow":["GET"]}}],"collection":[{"href":"https:\/\/www.latitude31n.com\/fr\/wp-json\/wp\/v2\/product"}],"about":[{"href":"https:\/\/www.latitude31n.com\/fr\/wp-json\/wp\/v2\/types\/product"}],"replies":[{"embeddable":true,"href":"https:\/\/www.latitude31n.com\/fr\/wp-json\/wp\/v2\/comments?post=5919"}],"wp:featuredmedia":[{"embeddable":true,"href":"https:\/\/www.latitude31n.com\/fr\/wp-json\/wp\/v2\/media\/5926"}],"wp:attachment":[{"href":"https:\/\/www.latitude31n.com\/fr\/wp-json\/wp\/v2\/media?parent=5919"}],"wp:term":[{"taxonomy":"product_brand","embeddable":true,"href":"https:\/\/www.latitude31n.com\/fr\/wp-json\/wp\/v2\/product_brand?post=5919"},{"taxonomy":"product_cat","embeddable":true,"href":"https:\/\/www.latitude31n.com\/fr\/wp-json\/wp\/v2\/product_cat?post=5919"},{"taxonomy":"product_tag","embeddable":true,"href":"https:\/\/www.latitude31n.com\/fr\/wp-json\/wp\/v2\/product_tag?post=5919"}],"curies":[{"name":"wp","href":"https:\/\/api.w.org\/{rel}","templated":true}]}}